{"id":974,"date":"2023-07-27T08:45:23","date_gmt":"2023-07-27T08:45:23","guid":{"rendered":"https:\/\/instilhotels.ro\/?page_id=974"},"modified":"2023-08-14T08:25:41","modified_gmt":"2023-08-14T08:25:41","slug":"book-now","status":"publish","type":"page","link":"https:\/\/instilhotels.ro\/ro\/book-now\/","title":{"rendered":"rezerva\u021bi acum"},"content":{"rendered":"<div data-elementor-type=\"wp-page\" data-elementor-id=\"974\" class=\"elementor elementor-974\" data-elementor-post-type=\"page\">\n\t\t\t\t\t\t<section class=\"elementor-section elementor-top-section elementor-element elementor-element-e430cd1 elementor-section-height-min-height elementor-section-boxed elementor-section-height-default elementor-section-items-middle\" data-id=\"e430cd1\" data-element_type=\"section\" data-settings=\"{&quot;background_background&quot;:&quot;classic&quot;}\">\n\t\t\t\t\t\t<div class=\"elementor-container elementor-column-gap-default\">\n\t\t\t\t\t<div class=\"elementor-column elementor-col-100 elementor-top-column elementor-element elementor-element-3f7eabd\" data-id=\"3f7eabd\" data-element_type=\"column\">\n\t\t\t<div class=\"elementor-widget-wrap elementor-element-populated\">\n\t\t\t\t\t\t<div class=\"elementor-element elementor-element-2769ee3 elementor-widget elementor-widget-heading\" data-id=\"2769ee3\" data-element_type=\"widget\" data-widget_type=\"heading.default\">\n\t\t\t\t<div class=\"elementor-widget-container\">\n\t\t\t\t\t<h1 class=\"elementor-heading-title elementor-size-default\">C\u00e2nd sunte\u021bi \u00een <span style=\"color:#08ACCA;\">Bucure\u0219ti<\/span>, rezerva\u021bi <br>o camer\u0103 la noi<\/h1>\t\t\t\t<\/div>\n\t\t\t\t<\/div>\n\t\t\t\t<div class=\"elementor-element elementor-element-da8b681 elementor-widget elementor-widget-text-editor\" data-id=\"da8b681\" data-element_type=\"widget\" data-widget_type=\"text-editor.default\">\n\t\t\t\t<div class=\"elementor-widget-container\">\n\t\t\t\t\t\t\t\t\tDistrac\u021bie, relaxare, munc\u0103 sau turism medical, avem loca\u021bia potrivit\u0103 pentru tine <br><b> <span style=\"color: #08acca;\">Stai cu noi \u0219i fii fericit <\/span><b>\t\t\t\t\t\t\t\t<\/div>\n\t\t\t\t<\/div>\n\t\t\t\t\t<\/div>\n\t\t<\/div>\n\t\t\t\t\t<\/div>\n\t\t<\/section>\n\t\t\t\t<section class=\"elementor-section elementor-top-section elementor-element elementor-element-8446544 form_image elementor-section-boxed elementor-section-height-default elementor-section-height-default\" data-id=\"8446544\" data-element_type=\"section\">\n\t\t\t\t\t\t<div class=\"elementor-container elementor-column-gap-default\">\n\t\t\t\t\t<div class=\"elementor-column elementor-col-100 elementor-top-column elementor-element elementor-element-649a912\" data-id=\"649a912\" data-element_type=\"column\" data-settings=\"{&quot;background_background&quot;:&quot;classic&quot;}\">\n\t\t\t<div class=\"elementor-widget-wrap elementor-element-populated\">\n\t\t\t\t\t\t<div class=\"elementor-element elementor-element-8bb1556 elementor-widget elementor-widget-text-editor\" data-id=\"8bb1556\" data-element_type=\"widget\" data-widget_type=\"text-editor.default\">\n\t\t\t\t<div class=\"elementor-widget-container\">\n\t\t\t\t\t\t\t\t\t<form id=\"hotel-search-form\" action=\"\">\n  <label for=\"hotel\">Selecta\u021bi Hotelul:<\/label>\n  <select id=\"hotel\" name=\"hotel\">\n    <option value=\"stil-nord\">Hotel Stil Nord<\/option>\n    <option value=\"stil-old-town\">Stil Ora\u0219ul vechi<\/option>\n  <\/select>\n\n  <label for=\"check-in\">Data caz\u0103rii:<\/label>\n  <input type=\"date\" id=\"check-in\" name=\"check-in\">\n\n  <label for=\"check-out\">Data check-out:<\/label>\n  <input type=\"date\" id=\"check-out\" name=\"check-out\">\n\n  <label for=\"adults\">Adul\u021bi:<\/label>\n  <input type=\"number\" id=\"adults\" name=\"adults\" min=\"0\">\n\n  <label for=\"children\">Copii:<\/label>\n  <input type=\"number\" id=\"children\" name=\"children\" min=\"0\">\n\n  <label for=\"promo-code\">Cod Promo\u021bional:<\/label>\n  <input type=\"text\" id=\"promo-code\" name=\"promo-code\">\n\n  <input type=\"submit\" value=\"C\u0103utare\">\n<input type=\"hidden\" name=\"trp-form-language\" value=\"ro\"\/><\/form>\t\t\t\t\t\t\t\t<\/div>\n\t\t\t\t<\/div>\n\t\t\t\t\t<\/div>\n\t\t<\/div>\n\t\t\t\t\t<\/div>\n\t\t<\/section>\n\t\t\t\t<section class=\"elementor-section elementor-top-section elementor-element elementor-element-522648d elementor-section-boxed elementor-section-height-default elementor-section-height-default\" data-id=\"522648d\" data-element_type=\"section\">\n\t\t\t\t\t\t<div class=\"elementor-container elementor-column-gap-default\">\n\t\t\t\t\t<div class=\"elementor-column elementor-col-100 elementor-top-column elementor-element elementor-element-a021933\" data-id=\"a021933\" data-element_type=\"column\">\n\t\t\t<div class=\"elementor-widget-wrap\">\n\t\t\t\t\t\t\t<\/div>\n\t\t<\/div>\n\t\t\t\t\t<\/div>\n\t\t<\/section>\n\t\t\t\t<section class=\"elementor-section elementor-top-section elementor-element elementor-element-ce150de elementor-section-boxed elementor-section-height-default elementor-section-height-default\" data-id=\"ce150de\" data-element_type=\"section\">\n\t\t\t\t\t\t<div class=\"elementor-container elementor-column-gap-default\">\n\t\t\t\t\t<div class=\"elementor-column elementor-col-100 elementor-top-column elementor-element elementor-element-a0bb42f\" data-id=\"a0bb42f\" data-element_type=\"column\">\n\t\t\t<div class=\"elementor-widget-wrap elementor-element-populated\">\n\t\t\t\t\t\t<div class=\"elementor-element elementor-element-09a0e62 elementor-widget elementor-widget-heading\" data-id=\"09a0e62\" data-element_type=\"widget\" data-widget_type=\"heading.default\">\n\t\t\t\t<div class=\"elementor-widget-container\">\n\t\t\t\t\t<h2 class=\"elementor-heading-title elementor-size-default\">\u0218tiri &amp; Articole<\/h2>\t\t\t\t<\/div>\n\t\t\t\t<\/div>\n\t\t\t\t<div class=\"elementor-element elementor-element-9df5dac elementor-widget elementor-widget-heading\" data-id=\"9df5dac\" data-element_type=\"widget\" data-widget_type=\"heading.default\">\n\t\t\t\t<div class=\"elementor-widget-container\">\n\t\t\t\t\t<h2 class=\"elementor-heading-title elementor-size-default\">Post\u0103rile \u0219i Articolele Noastre Recente<\/h2>\t\t\t\t<\/div>\n\t\t\t\t<\/div>\n\t\t\t\t<div class=\"elementor-element elementor-element-302c06d elementor-widget__width-initial elementor-widget elementor-widget-text-editor\" data-id=\"302c06d\" data-element_type=\"widget\" data-widget_type=\"text-editor.default\">\n\t\t\t\t<div class=\"elementor-widget-container\">\n\t\t\t\t\t\t\t\t\t<p>\u00cen \"Descoperi\u021bi Bucure\u0219tiul\", v\u0103 promitem s\u0103 v\u0103 purt\u0103m \u00eentr-o c\u0103l\u0103torie \u00eenc\u00e2nt\u0103toare pe bulevardele m\u0103rginite de copaci, prin cl\u0103dirile rafinate Belle \u00c9poque, prin arhitectura impresionant\u0103 din epoca comunist\u0103 \u0219i prin parcurile senine care \u00eemp\u00e2nzesc ora\u0219ul. Preg\u0103ti\u021bi-v\u0103 s\u0103 fi\u021bi hipnotiza\u021bi de emblematicul Palat al Parlamentului, una dintre cele mai mari \u0219i mai grele cl\u0103diri de pe planet\u0103, \u0219i fermeca\u021bi de pitorescul cartier Lipscani, inima vibrant\u0103 a Centrului Vechi al Bucure\u0219tiului.<\/p>\t\t\t\t\t\t\t\t<\/div>\n\t\t\t\t<\/div>\n\t\t\t\t<div class=\"elementor-element elementor-element-888caaa post_section elementor-grid-3 elementor-grid-tablet-2 elementor-grid-mobile-1 elementor-posts--thumbnail-top elementor-card-shadow-yes elementor-posts__hover-gradient elementor-widget elementor-widget-posts\" data-id=\"888caaa\" data-element_type=\"widget\" data-settings=\"{&quot;cards_columns&quot;:&quot;3&quot;,&quot;cards_columns_tablet&quot;:&quot;2&quot;,&quot;cards_columns_mobile&quot;:&quot;1&quot;,&quot;cards_row_gap&quot;:{&quot;unit&quot;:&quot;px&quot;,&quot;size&quot;:35,&quot;sizes&quot;:[]},&quot;cards_row_gap_tablet&quot;:{&quot;unit&quot;:&quot;px&quot;,&quot;size&quot;:&quot;&quot;,&quot;sizes&quot;:[]},&quot;cards_row_gap_mobile&quot;:{&quot;unit&quot;:&quot;px&quot;,&quot;size&quot;:&quot;&quot;,&quot;sizes&quot;:[]}}\" data-widget_type=\"posts.cards\">\n\t\t\t\t<div class=\"elementor-widget-container\">\n\t\t\t\t\t\t\t<div class=\"elementor-posts-container elementor-posts elementor-posts--skin-cards elementor-grid\">\n\t\t\t\t<article class=\"elementor-post elementor-grid-item post-949 post type-post status-publish format-standard has-post-thumbnail hentry category-tourist-guide-bucharest tag-blog\">\n\t\t\t<div class=\"elementor-post__card\">\n\t\t\t\t<a class=\"elementor-post__thumbnail__link\" href=\"https:\/\/instilhotels.ro\/ro\/bucharest-tourists-guide-public-transport\/\" tabindex=\"-1\" ><div class=\"elementor-post__thumbnail\"><img fetchpriority=\"high\" decoding=\"async\" width=\"300\" height=\"210\" src=\"https:\/\/instilhotels.ro\/wp-content\/uploads\/2023\/07\/Romanian-Metro-300x210.jpg\" class=\"attachment-medium size-medium wp-image-943\" alt=\"Romanian Metro\" srcset=\"https:\/\/instilhotels.ro\/wp-content\/uploads\/2023\/07\/Romanian-Metro-300x210.jpg 300w, https:\/\/instilhotels.ro\/wp-content\/uploads\/2023\/07\/Romanian-Metro.jpg 401w\" sizes=\"(max-width: 300px) 100vw, 300px\" \/><\/div><\/a>\n\t\t\t\t<div class=\"elementor-post__text\">\n\t\t\t\t<h3 class=\"elementor-post__title\">\n\t\t\t<a href=\"https:\/\/instilhotels.ro\/ro\/bucharest-tourists-guide-public-transport\/\" >\n\t\t\t\tNavigarea \u00een Bucure\u0219ti: un ghid turistic pentru transportul public\t\t\t<\/a>\n\t\t<\/h3>\n\t\t\t\t<div class=\"elementor-post__excerpt\">\n\t\t\t<p>Bucure\u0219ti, capitala animat\u0103 a Rom\u00e2niei, este un ora\u0219 plin de istorie, cultur\u0103 \u0219i atrac\u021bii nesf\u00e2r\u0219ite. Una dintre cele mai bune modalit\u0103\u021bi de a explora acest ora\u0219 vibrant este utilizarea extinsului \u0219i accesibilului sistem de transport public. Iat\u0103 un ghid util pentru a v\u0103 ajuta s\u0103 v\u0103 deplasa\u021bi prin Bucure\u0219ti ca un profesionist.<\/p>\n\t\t<\/div>\n\t\t\n\t\t<a class=\"elementor-post__read-more\" href=\"https:\/\/instilhotels.ro\/ro\/bucharest-tourists-guide-public-transport\/\" aria-label=\"Cite\u0219te mai mult despre Navigarea \u00een Bucure\u0219ti: ghidul unui turist pentru transportul public\" tabindex=\"-1\" >\n\t\t\tCite\u0219te mai mult\t\t<\/a>\n\n\t\t\t\t<\/div>\n\t\t\t\t<div class=\"elementor-post__meta-data\">\n\t\t\t\t\t<span class=\"elementor-post-author\">\n\t\t\tmarketing@instilhotels.ro\t\t<\/span>\n\t\t\t\t<span class=\"elementor-post-date\">\n\t\t\tiulie 27, 2023\t\t<\/span>\n\t\t\t\t<\/div>\n\t\t\t\t\t<\/div>\n\t\t<\/article>\n\t\t\t\t<article class=\"elementor-post elementor-grid-item post-941 post type-post status-publish format-standard has-post-thumbnail hentry category-tourist-guide-bucharest\">\n\t\t\t<div class=\"elementor-post__card\">\n\t\t\t\t<a class=\"elementor-post__thumbnail__link\" href=\"https:\/\/instilhotels.ro\/ro\/experiencing-bucharest-a-tourists-guide-to-romanias-vibrant-capital\/\" tabindex=\"-1\" ><div class=\"elementor-post__thumbnail\"><img decoding=\"async\" width=\"300\" height=\"210\" src=\"https:\/\/instilhotels.ro\/wp-content\/uploads\/2023\/07\/Image-Placeholder-4-300x210.png\" class=\"attachment-medium size-medium wp-image-405\" alt=\"Image\" srcset=\"https:\/\/instilhotels.ro\/wp-content\/uploads\/2023\/07\/Image-Placeholder-4-300x210.png 300w, https:\/\/instilhotels.ro\/wp-content\/uploads\/2023\/07\/Image-Placeholder-4.png 401w\" sizes=\"(max-width: 300px) 100vw, 300px\" \/><\/div><\/a>\n\t\t\t\t<div class=\"elementor-post__text\">\n\t\t\t\t<h3 class=\"elementor-post__title\">\n\t\t\t<a href=\"https:\/\/instilhotels.ro\/ro\/experiencing-bucharest-a-tourists-guide-to-romanias-vibrant-capital\/\" >\n\t\t\t\tExperiment\u00e2nd Bucure\u0219tiul: Ghidul unui turist pentru capitala vibrant\u0103 a Rom\u00e2niei\t\t\t<\/a>\n\t\t<\/h3>\n\t\t\t\t<div class=\"elementor-post__excerpt\">\n\t\t\t<p>Bucure\u0219tiul, adesea numit \u201eMicul Paris al Estului\u201d, ofer\u0103 un amestec unic de farmec istoric, cultur\u0103 vibrant\u0103 \u0219i dinamism modern care \u00ee\u0219i captiveaz\u0103 vizitatorii.<\/p>\n\t\t<\/div>\n\t\t\n\t\t<a class=\"elementor-post__read-more\" href=\"https:\/\/instilhotels.ro\/ro\/experiencing-bucharest-a-tourists-guide-to-romanias-vibrant-capital\/\" aria-label=\"Cite\u0219te mai mult despre Experiencing Bucharest: Ghidul unui turist pentru capitala vibrant\u0103 a Rom\u00e2niei\" tabindex=\"-1\" >\n\t\t\tCite\u0219te mai mult\t\t<\/a>\n\n\t\t\t\t<\/div>\n\t\t\t\t<div class=\"elementor-post__meta-data\">\n\t\t\t\t\t<span class=\"elementor-post-author\">\n\t\t\tmarketing@instilhotels.ro\t\t<\/span>\n\t\t\t\t<span class=\"elementor-post-date\">\n\t\t\tiulie 27, 2023\t\t<\/span>\n\t\t\t\t<\/div>\n\t\t\t\t\t<\/div>\n\t\t<\/article>\n\t\t\t\t<article class=\"elementor-post elementor-grid-item post-404 post type-post status-publish format-standard has-post-thumbnail hentry category-tourist-guide-bucharest\">\n\t\t\t<div class=\"elementor-post__card\">\n\t\t\t\t<a class=\"elementor-post__thumbnail__link\" href=\"https:\/\/instilhotels.ro\/ro\/book-directly-with-instil-hotels\/\" tabindex=\"-1\" ><div class=\"elementor-post__thumbnail\"><img decoding=\"async\" width=\"300\" height=\"210\" src=\"https:\/\/instilhotels.ro\/wp-content\/uploads\/2023\/07\/direct-booking-Bucharest-300x210.jpg\" class=\"attachment-medium size-medium wp-image-951\" alt=\"direct booking Bucharest\" srcset=\"https:\/\/instilhotels.ro\/wp-content\/uploads\/2023\/07\/direct-booking-Bucharest-300x210.jpg 300w, https:\/\/instilhotels.ro\/wp-content\/uploads\/2023\/07\/direct-booking-Bucharest.jpg 401w\" sizes=\"(max-width: 300px) 100vw, 300px\" \/><\/div><\/a>\n\t\t\t\t<div class=\"elementor-post__text\">\n\t\t\t\t<h3 class=\"elementor-post__title\">\n\t\t\t<a href=\"https:\/\/instilhotels.ro\/ro\/book-directly-with-instil-hotels\/\" >\n\t\t\t\tDe ce ar trebui s\u0103 rezerva\u021bi direct cu InStil Hotels\t\t\t<\/a>\n\t\t<\/h3>\n\t\t\t\t<div class=\"elementor-post__excerpt\">\n\t\t\t<p>C\u00e2nd planifica\u021bi c\u0103l\u0103toria dvs. la Bucure\u0219ti, o decizie crucial\u0103 pe care o ve\u021bi lua este locul de cazare. Alegerea dvs. poate influen\u021ba \u00een mod semnificativ experien\u021ba de c\u0103l\u0103torie. La InStil Hotels, oferim o selec\u021bie divers\u0103 de camere adaptate confortului \u0219i comodit\u0103\u021bii dvs., \u0219i v\u0103 recomand\u0103m cu t\u0103rie s\u0103 rezerva\u021bi direct prin noi. Iat\u0103 de ce:<\/p>\n\t\t<\/div>\n\t\t\n\t\t<a class=\"elementor-post__read-more\" href=\"https:\/\/instilhotels.ro\/ro\/book-directly-with-instil-hotels\/\" aria-label=\"Cite\u0219te mai mult despre De ce ar trebui s\u0103 rezerva\u021bi direct la InStil Hotels\" tabindex=\"-1\" >\n\t\t\tCite\u0219te mai mult\t\t<\/a>\n\n\t\t\t\t<\/div>\n\t\t\t\t<div class=\"elementor-post__meta-data\">\n\t\t\t\t\t<span class=\"elementor-post-author\">\n\t\t\tmarketing@instilhotels.ro\t\t<\/span>\n\t\t\t\t<span class=\"elementor-post-date\">\n\t\t\tiulie 13, 2023\t\t<\/span>\n\t\t\t\t<\/div>\n\t\t\t\t\t<\/div>\n\t\t<\/article>\n\t\t\t\t<\/div>\n\t\t\n\t\t\t\t\t\t<\/div>\n\t\t\t\t<\/div>\n\t\t\t\t\t<\/div>\n\t\t<\/div>\n\t\t\t\t\t<\/div>\n\t\t<\/section>\n\t\t\t\t<\/div>","protected":false},"excerpt":{"rendered":"<p>C\u00e2nd sunte\u021bi \u00een Bucure\u0219ti, rezerva\u021bi o camer\u0103 la noi. Distrac\u021bie, relaxare, munc\u0103 sau turism medical, noi avem loca\u021bia potrivit\u0103 pentru tine. Sta\u021bi cu noi \u0219i r\u0103m\u00e2ne\u021bi ferici\u021bi. Selecta\u021bi hotelul: Hotel Stil NordStil Old Town Check-in Date: Check-out Data: Adul\u021bi: Copii: Cod promo\u021bional: \u0218tiri \u0219i articole Post\u0103rile \u0219i articolele noastre recente \u00cen \"Descoper\u0103 Bucure\u0219tiul\", promitem [...]<\/p>","protected":false},"author":1,"featured_media":0,"parent":0,"menu_order":0,"comment_status":"closed","ping_status":"closed","template":"elementor_header_footer","meta":{"footnotes":""},"class_list":["post-974","page","type-page","status-publish","hentry"],"yoast_head":"<!-- This site is optimized with the Yoast SEO plugin v24.9 - https:\/\/yoast.com\/wordpress\/plugins\/seo\/ -->\n<title>book now - INSTILHOTELS<\/title>\n<meta name=\"robots\" content=\"index, follow, max-snippet:-1, max-image-preview:large, max-video-preview:-1\" \/>\n<link rel=\"canonical\" href=\"https:\/\/instilhotels.ro\/ro\/book-now\/\" \/>\n<meta property=\"og:locale\" content=\"ro_RO\" \/>\n<meta property=\"og:type\" content=\"article\" \/>\n<meta property=\"og:title\" content=\"book now - INSTILHOTELS\" \/>\n<meta property=\"og:description\" content=\"When in Bucharest, book a room with us. Fun, relaxation, work or medical tourism, we have the right location for you. Stay with us and stay happy. Select Hotel: Hotel Stil NordStil Old Town Check-in Date: Check-out Date: Adults: Children: Promo Code: News &#038; Article Our Recent Post &#038; Article In &#8220;Discover Bucharest,&#8221; we promise [&hellip;]\" \/>\n<meta property=\"og:url\" content=\"https:\/\/instilhotels.ro\/ro\/book-now\/\" \/>\n<meta property=\"og:site_name\" content=\"INSTILHOTELS\" \/>\n<meta property=\"article:modified_time\" content=\"2023-08-14T08:25:41+00:00\" \/>\n<meta name=\"twitter:card\" content=\"summary_large_image\" \/>\n<meta name=\"twitter:label1\" content=\"Timp estimat pentru citire\" \/>\n\t<meta name=\"twitter:data1\" content=\"2 minute\" \/>\n<script type=\"application\/ld+json\" class=\"yoast-schema-graph\">{\"@context\":\"https:\/\/schema.org\",\"@graph\":[{\"@type\":\"WebPage\",\"@id\":\"https:\/\/instilhotels.ro\/book-now\/\",\"url\":\"https:\/\/instilhotels.ro\/book-now\/\",\"name\":\"book now - INSTILHOTELS\",\"isPartOf\":{\"@id\":\"https:\/\/instilhotels.ro\/#website\"},\"datePublished\":\"2023-07-27T08:45:23+00:00\",\"dateModified\":\"2023-08-14T08:25:41+00:00\",\"breadcrumb\":{\"@id\":\"https:\/\/instilhotels.ro\/book-now\/#breadcrumb\"},\"inLanguage\":\"ro-RO\",\"potentialAction\":[{\"@type\":\"ReadAction\",\"target\":[\"https:\/\/instilhotels.ro\/book-now\/\"]}]},{\"@type\":\"BreadcrumbList\",\"@id\":\"https:\/\/instilhotels.ro\/book-now\/#breadcrumb\",\"itemListElement\":[{\"@type\":\"ListItem\",\"position\":1,\"name\":\"Home\",\"item\":\"https:\/\/instilhotels.ro\/\"},{\"@type\":\"ListItem\",\"position\":2,\"name\":\"book now\"}]},{\"@type\":\"WebSite\",\"@id\":\"https:\/\/instilhotels.ro\/#website\",\"url\":\"https:\/\/instilhotels.ro\/\",\"name\":\"INSTILHOTELS\",\"description\":\"\",\"publisher\":{\"@id\":\"https:\/\/instilhotels.ro\/#organization\"},\"potentialAction\":[{\"@type\":\"SearchAction\",\"target\":{\"@type\":\"EntryPoint\",\"urlTemplate\":\"https:\/\/instilhotels.ro\/?s={search_term_string}\"},\"query-input\":{\"@type\":\"PropertyValueSpecification\",\"valueRequired\":true,\"valueName\":\"search_term_string\"}}],\"inLanguage\":\"ro-RO\"},{\"@type\":\"Organization\",\"@id\":\"https:\/\/instilhotels.ro\/#organization\",\"name\":\"INSTILHOTELS\",\"url\":\"https:\/\/instilhotels.ro\/\",\"logo\":{\"@type\":\"ImageObject\",\"inLanguage\":\"ro-RO\",\"@id\":\"https:\/\/instilhotels.ro\/#\/schema\/logo\/image\/\",\"url\":\"https:\/\/instilhotels.ro\/wp-content\/uploads\/2024\/10\/cropped-Instillogo_editabil.pdf-1_2-1.png\",\"contentUrl\":\"https:\/\/instilhotels.ro\/wp-content\/uploads\/2024\/10\/cropped-Instillogo_editabil.pdf-1_2-1.png\",\"width\":1560,\"height\":1561,\"caption\":\"INSTILHOTELS\"},\"image\":{\"@id\":\"https:\/\/instilhotels.ro\/#\/schema\/logo\/image\/\"}}]}<\/script>\n<!-- \/ Yoast SEO plugin. -->","yoast_head_json":{"title":"book now - INSTILHOTELS","robots":{"index":"index","follow":"follow","max-snippet":"max-snippet:-1","max-image-preview":"max-image-preview:large","max-video-preview":"max-video-preview:-1"},"canonical":"https:\/\/instilhotels.ro\/ro\/book-now\/","og_locale":"ro_RO","og_type":"article","og_title":"book now - INSTILHOTELS","og_description":"When in Bucharest, book a room with us. Fun, relaxation, work or medical tourism, we have the right location for you. Stay with us and stay happy. Select Hotel: Hotel Stil NordStil Old Town Check-in Date: Check-out Date: Adults: Children: Promo Code: News &#038; Article Our Recent Post &#038; Article In &#8220;Discover Bucharest,&#8221; we promise [&hellip;]","og_url":"https:\/\/instilhotels.ro\/ro\/book-now\/","og_site_name":"INSTILHOTELS","article_modified_time":"2023-08-14T08:25:41+00:00","twitter_card":"summary_large_image","twitter_misc":{"Timp estimat pentru citire":"2 minute"},"schema":{"@context":"https:\/\/schema.org","@graph":[{"@type":"WebPage","@id":"https:\/\/instilhotels.ro\/book-now\/","url":"https:\/\/instilhotels.ro\/book-now\/","name":"book now - INSTILHOTELS","isPartOf":{"@id":"https:\/\/instilhotels.ro\/#website"},"datePublished":"2023-07-27T08:45:23+00:00","dateModified":"2023-08-14T08:25:41+00:00","breadcrumb":{"@id":"https:\/\/instilhotels.ro\/book-now\/#breadcrumb"},"inLanguage":"ro-RO","potentialAction":[{"@type":"ReadAction","target":["https:\/\/instilhotels.ro\/book-now\/"]}]},{"@type":"BreadcrumbList","@id":"https:\/\/instilhotels.ro\/book-now\/#breadcrumb","itemListElement":[{"@type":"ListItem","position":1,"name":"Home","item":"https:\/\/instilhotels.ro\/"},{"@type":"ListItem","position":2,"name":"book now"}]},{"@type":"WebSite","@id":"https:\/\/instilhotels.ro\/#website","url":"https:\/\/instilhotels.ro\/","name":"INSTILHOTELS","description":"","publisher":{"@id":"https:\/\/instilhotels.ro\/#organization"},"potentialAction":[{"@type":"SearchAction","target":{"@type":"EntryPoint","urlTemplate":"https:\/\/instilhotels.ro\/?s={search_term_string}"},"query-input":{"@type":"PropertyValueSpecification","valueRequired":true,"valueName":"search_term_string"}}],"inLanguage":"ro-RO"},{"@type":"Organization","@id":"https:\/\/instilhotels.ro\/#organization","name":"INSTILHOTELS","url":"https:\/\/instilhotels.ro\/","logo":{"@type":"ImageObject","inLanguage":"ro-RO","@id":"https:\/\/instilhotels.ro\/#\/schema\/logo\/image\/","url":"https:\/\/instilhotels.ro\/wp-content\/uploads\/2024\/10\/cropped-Instillogo_editabil.pdf-1_2-1.png","contentUrl":"https:\/\/instilhotels.ro\/wp-content\/uploads\/2024\/10\/cropped-Instillogo_editabil.pdf-1_2-1.png","width":1560,"height":1561,"caption":"INSTILHOTELS"},"image":{"@id":"https:\/\/instilhotels.ro\/#\/schema\/logo\/image\/"}}]}},"_links":{"self":[{"href":"https:\/\/instilhotels.ro\/ro\/wp-json\/wp\/v2\/pages\/974","targetHints":{"allow":["GET"]}}],"collection":[{"href":"https:\/\/instilhotels.ro\/ro\/wp-json\/wp\/v2\/pages"}],"about":[{"href":"https:\/\/instilhotels.ro\/ro\/wp-json\/wp\/v2\/types\/page"}],"author":[{"embeddable":true,"href":"https:\/\/instilhotels.ro\/ro\/wp-json\/wp\/v2\/users\/1"}],"replies":[{"embeddable":true,"href":"https:\/\/instilhotels.ro\/ro\/wp-json\/wp\/v2\/comments?post=974"}],"version-history":[{"count":8,"href":"https:\/\/instilhotels.ro\/ro\/wp-json\/wp\/v2\/pages\/974\/revisions"}],"predecessor-version":[{"id":3474,"href":"https:\/\/instilhotels.ro\/ro\/wp-json\/wp\/v2\/pages\/974\/revisions\/3474"}],"wp:attachment":[{"href":"https:\/\/instilhotels.ro\/ro\/wp-json\/wp\/v2\/media?parent=974"}],"curies":[{"name":"wp","href":"https:\/\/api.w.org\/{rel}","templated":true}]}}