{"id":3625,"date":"2024-10-18T20:27:09","date_gmt":"2024-10-18T17:27:09","guid":{"rendered":"https:\/\/instilhotels.ro\/?page_id=3625"},"modified":"2024-10-18T20:32:36","modified_gmt":"2024-10-18T17:32:36","slug":"carrers","status":"publish","type":"page","link":"https:\/\/instilhotels.ro\/ro\/carrers\/","title":{"rendered":"Cartiere"},"content":{"rendered":"<div data-elementor-type=\"wp-page\" data-elementor-id=\"3625\" class=\"elementor elementor-3625\" data-elementor-post-type=\"page\">\n\t\t\t\t\t\t<section class=\"elementor-section elementor-top-section elementor-element elementor-element-8209e1d elementor-section-height-min-height elementor-section-boxed elementor-section-height-default elementor-section-items-middle\" data-id=\"8209e1d\" data-element_type=\"section\" data-settings=\"{&quot;background_background&quot;:&quot;classic&quot;}\">\n\t\t\t\t\t\t<div class=\"elementor-container elementor-column-gap-default\">\n\t\t\t\t\t<div class=\"elementor-column elementor-col-100 elementor-top-column elementor-element elementor-element-84baa50\" data-id=\"84baa50\" data-element_type=\"column\">\n\t\t\t<div class=\"elementor-widget-wrap elementor-element-populated\">\n\t\t\t\t\t\t<section class=\"elementor-section elementor-inner-section elementor-element elementor-element-d31379a elementor-section-boxed elementor-section-height-default elementor-section-height-default\" data-id=\"d31379a\" data-element_type=\"section\">\n\t\t\t\t\t\t<div class=\"elementor-container elementor-column-gap-default\">\n\t\t\t\t\t<div class=\"elementor-column elementor-col-100 elementor-inner-column elementor-element elementor-element-2cbb56f\" data-id=\"2cbb56f\" data-element_type=\"column\">\n\t\t\t<div class=\"elementor-widget-wrap elementor-element-populated\">\n\t\t\t\t\t\t<div class=\"elementor-element elementor-element-4067c57 elementor-widget__width-initial elementor-widget elementor-widget-heading\" data-id=\"4067c57\" data-element_type=\"widget\" data-widget_type=\"heading.default\">\n\t\t\t\t<div class=\"elementor-widget-container\">\n\t\t\t\t\t<h1 class=\"elementor-heading-title elementor-size-default\">Al\u0103tura\u021bi-v\u0103 c\u0103l\u0103toriei noastre -<br> Construi\u021bi o carier\u0103<\/h1>\t\t\t\t<\/div>\n\t\t\t\t<\/div>\n\t\t\t\t<div class=\"elementor-element elementor-element-190554e elementor-widget elementor-widget-text-editor\" data-id=\"190554e\" data-element_type=\"widget\" data-widget_type=\"text-editor.default\">\n\t\t\t\t<div class=\"elementor-widget-container\">\n\t\t\t\t\t\t\t\t\t Unde ospitalitatea \u00eent\u00e2lne\u0219te excelen\u021ba \u00een Bucure\u0219ti.\t\t\t\t\t\t\t\t<\/div>\n\t\t\t\t<\/div>\n\t\t\t\t\t<\/div>\n\t\t<\/div>\n\t\t\t\t\t<\/div>\n\t\t<\/section>\n\t\t\t\t\t<\/div>\n\t\t<\/div>\n\t\t\t\t\t<\/div>\n\t\t<\/section>\n\t\t\t\t<section class=\"elementor-section elementor-top-section elementor-element elementor-element-56a2ce2 elementor-section-boxed elementor-section-height-default elementor-section-height-default\" data-id=\"56a2ce2\" data-element_type=\"section\">\n\t\t\t\t\t\t<div class=\"elementor-container elementor-column-gap-default\">\n\t\t\t\t\t<div class=\"elementor-column elementor-col-50 elementor-top-column elementor-element elementor-element-1242f00\" data-id=\"1242f00\" data-element_type=\"column\">\n\t\t\t<div class=\"elementor-widget-wrap elementor-element-populated\">\n\t\t\t\t\t\t<div class=\"elementor-element elementor-element-4ed3241 elementor-widget elementor-widget-heading\" data-id=\"4ed3241\" data-element_type=\"widget\" data-widget_type=\"heading.default\">\n\t\t\t\t<div class=\"elementor-widget-container\">\n\t\t\t\t\t<h2 class=\"elementor-heading-title elementor-size-default\">Al\u0103tura\u021bi-v\u0103 familiei InStil Hotels\n<\/h2>\t\t\t\t<\/div>\n\t\t\t\t<\/div>\n\t\t\t\t<div class=\"elementor-element elementor-element-295522e elementor-widget elementor-widget-text-editor\" data-id=\"295522e\" data-element_type=\"widget\" data-widget_type=\"text-editor.default\">\n\t\t\t\t<div class=\"elementor-widget-container\">\n\t\t\t\t\t\t\t\t\t<p>La <strong>InStil Hoteluri<\/strong>, credem c\u0103 ospitalitatea excep\u021bional\u0103 \u00eencepe cu oameni excep\u021bionali. Cu trei hoteluri distinse \u00een Rom\u00e2nia, suntem dedica\u021bi cre\u0103rii unor experien\u021be de neuitat pentru oaspe\u021bi prin promovarea unei culturi a c\u0103ldurii, respectului \u0219i excelen\u021bei.<\/p><p>Fie c\u0103 sunte\u021bi la \u00eenceput de carier\u0103 sau dori\u021bi s\u0103 face\u021bi urm\u0103torul pas \u00een industria ospitalit\u0103\u021bii, InStil Hotels ofer\u0103 un mediu dinamic, orientat spre dezvoltare, \u00een care abilit\u0103\u021bile \u0219i pasiunea dumneavoastr\u0103 pot \u00eenflori.<\/p><h4>De ce s\u0103 lucra\u021bi cu noi?<\/h4><ul><li><strong>Oportunit\u0103\u021bi de cre\u0219tere<\/strong>: Cu trei hoteluri sub brandul nostru, ve\u021bi avea suficient spa\u021biu pentru a cre\u0219te, a explora diverse c\u0103i de carier\u0103 \u0219i a v\u0103 dezvolta profesional.<\/li><li><strong>Cultura excelen\u021bei<\/strong>: Ne angaj\u0103m s\u0103 oferim servicii de clas\u0103 mondial\u0103, iar acest lucru \u00eencepe cu investi\u021bia \u00een angaja\u021bii no\u0219tri. Ve\u021bi fi sus\u021binut prin programe de formare, mentorat \u0219i o atmosfer\u0103 de echip\u0103 colaborativ\u0103.<\/li><li><strong>Experien\u021b\u0103 plin\u0103 de satisfac\u021bii<\/strong>: La InStil Hotels, recunoa\u0219tem \u0219i apreciem contribu\u021biile dumneavoastr\u0103. De la salarii \u0219i beneficii competitive la oportunit\u0103\u021bi de avansare \u00een carier\u0103, ne asigur\u0103m c\u0103 munca dumneavoastr\u0103 este r\u0103spl\u0103tit\u0103.<\/li><li><strong>O cas\u0103 \u00een ospitalitate<\/strong>: A lucra cu noi \u00eenseamn\u0103 a deveni parte a unei familii care acord\u0103 prioritate \u00eengrijirii oaspe\u021bilor no\u0219tri \u0219i a celorlal\u021bi. Credem \u00een crearea unui mediu prietenos \u0219i incluziv, \u00een care fiecare se simte respectat \u0219i \u00eemputernicit.<\/li><\/ul>\t\t\t\t\t\t\t\t<\/div>\n\t\t\t\t<\/div>\n\t\t\t\t\t<\/div>\n\t\t<\/div>\n\t\t\t\t<div class=\"elementor-column elementor-col-50 elementor-top-column elementor-element elementor-element-96ca4d8\" data-id=\"96ca4d8\" data-element_type=\"column\">\n\t\t\t<div class=\"elementor-widget-wrap elementor-element-populated\">\n\t\t\t\t\t\t<section class=\"elementor-section elementor-inner-section elementor-element elementor-element-fd39a3e join elementor-section-boxed elementor-section-height-default elementor-section-height-default\" data-id=\"fd39a3e\" data-element_type=\"section\">\n\t\t\t\t\t\t<div class=\"elementor-container elementor-column-gap-default\">\n\t\t\t\t\t<div class=\"elementor-column elementor-col-100 elementor-inner-column elementor-element elementor-element-4106945\" data-id=\"4106945\" data-element_type=\"column\" data-settings=\"{&quot;background_background&quot;:&quot;classic&quot;}\">\n\t\t\t<div class=\"elementor-widget-wrap elementor-element-populated\">\n\t\t\t\t\t\t<div class=\"elementor-element elementor-element-74a2bf9 elementor-button-align-start elementor-widget elementor-widget-form\" data-id=\"74a2bf9\" data-element_type=\"widget\" data-settings=\"{&quot;step_next_label&quot;:&quot;Next&quot;,&quot;step_previous_label&quot;:&quot;Previous&quot;,&quot;button_width&quot;:&quot;100&quot;,&quot;step_type&quot;:&quot;number_text&quot;,&quot;step_icon_shape&quot;:&quot;circle&quot;}\" data-widget_type=\"form.default\">\n\t\t\t\t<div class=\"elementor-widget-container\">\n\t\t\t\t\t\t\t<form class=\"elementor-form\" method=\"post\" name=\"New Form\" action=\"\">\n\t\t\t<input type=\"hidden\" name=\"post_id\" value=\"3625\"\/>\n\t\t\t<input type=\"hidden\" name=\"form_id\" value=\"74a2bf9\"\/>\n\t\t\t<input type=\"hidden\" name=\"referer_title\" value=\"INSTILHOTELS\" \/>\n\n\t\t\t\n\t\t\t<div class=\"elementor-form-fields-wrapper elementor-labels-above\">\n\t\t\t\t\t\t\t\t<div class=\"elementor-field-type-text elementor-field-group elementor-column elementor-field-group-name elementor-col-50 elementor-field-required\">\n\t\t\t\t\t\t\t\t\t\t\t\t<label for=\"form-field-name\" class=\"elementor-field-label\">\n\t\t\t\t\t\t\t\tNume\t\t\t\t\t\t\t<\/label>\n\t\t\t\t\t\t\t\t\t\t\t\t\t\t<input size=\"1\" type=\"text\" name=\"form_fields[name]\" id=\"form-field-name\" class=\"elementor-field elementor-size-sm  elementor-field-textual\" placeholder=\"Nume\" required=\"required\">\n\t\t\t\t\t\t\t\t\t\t\t<\/div>\n\t\t\t\t\t\t\t\t<div class=\"elementor-field-type-text elementor-field-group elementor-column elementor-field-group-last_name elementor-col-50 elementor-field-required\">\n\t\t\t\t\t\t\t\t\t\t\t\t<label for=\"form-field-last_name\" class=\"elementor-field-label\">\n\t\t\t\t\t\t\t\tPrenume\t\t\t\t\t\t\t<\/label>\n\t\t\t\t\t\t\t\t\t\t\t\t\t\t<input size=\"1\" type=\"text\" name=\"form_fields[last_name]\" id=\"form-field-last_name\" class=\"elementor-field elementor-size-sm  elementor-field-textual\" placeholder=\"Prenume\" required=\"required\">\n\t\t\t\t\t\t\t\t\t\t\t<\/div>\n\t\t\t\t\t\t\t\t<div class=\"elementor-field-type-tel elementor-field-group elementor-column elementor-field-group-phone_number elementor-col-50 elementor-field-required\">\n\t\t\t\t\t\t\t\t\t\t\t\t<label for=\"form-field-phone_number\" class=\"elementor-field-label\">\n\t\t\t\t\t\t\t\tNum\u0103r de telefon\t\t\t\t\t\t\t<\/label>\n\t\t\t\t\t\t\t\t<input size=\"1\" type=\"tel\" name=\"form_fields[phone_number]\" id=\"form-field-phone_number\" class=\"elementor-field elementor-size-sm  elementor-field-textual\" placeholder=\"Num\u0103r de telefon\" required=\"required\" pattern=\"[0-9()#&amp;+*-=.]+\" title=\"Sunt acceptate numai numerele \u0219i caracterele telefonice (#, -, *, etc.).\">\n\n\t\t\t\t\t\t<\/div>\n\t\t\t\t\t\t\t\t<div class=\"elementor-field-type-email elementor-field-group elementor-column elementor-field-group-email elementor-col-50 elementor-field-required\">\n\t\t\t\t\t\t\t\t\t\t\t\t<label for=\"form-field-email\" class=\"elementor-field-label\">\n\t\t\t\t\t\t\t\tEmail\t\t\t\t\t\t\t<\/label>\n\t\t\t\t\t\t\t\t\t\t\t\t\t\t<input size=\"1\" type=\"email\" name=\"form_fields[email]\" id=\"form-field-email\" class=\"elementor-field elementor-size-sm  elementor-field-textual\" placeholder=\"Email\" required=\"required\">\n\t\t\t\t\t\t\t\t\t\t\t<\/div>\n\t\t\t\t\t\t\t\t<div class=\"elementor-field-type-textarea elementor-field-group elementor-column elementor-field-group-Message elementor-col-100\">\n\t\t\t\t\t\t\t\t\t\t\t\t<label for=\"form-field-Message\" class=\"elementor-field-label\">\n\t\t\t\t\t\t\t\tMesaj\t\t\t\t\t\t\t<\/label>\n\t\t\t\t\t\t<textarea class=\"elementor-field-textual elementor-field  elementor-size-sm\" name=\"form_fields[Message]\" id=\"form-field-Message\" rows=\"4\" placeholder=\"Mesaj\"><\/textarea>\t\t\t\t<\/div>\n\t\t\t\t\t\t\t\t<div class=\"elementor-field-type-upload elementor-field-group elementor-column elementor-field-group-field_dd3212c elementor-col-100\">\n\t\t\t\t\t\t\t\t\t\t\t\t<label for=\"form-field-field_dd3212c\" class=\"elementor-field-label\">\n\t\t\t\t\t\t\t\t\u00cenc\u0103rca\u021bi CV-ul\t\t\t\t\t\t\t<\/label>\n\t\t\t\t\t\t\t\t<input type=\"file\" name=\"form_fields[field_dd3212c]\" id=\"form-field-field_dd3212c\" class=\"elementor-field elementor-size-sm  elementor-upload-field\" data-maxsize=\"23\" data-maxsize-message=\"Fi\u0219ierul dep\u0103\u0219e\u0219te dimensiunea maxim\u0103 permis\u0103.\">\n\n\t\t\t\t\t\t<\/div>\n\t\t\t\t\t\t\t\t<div class=\"elementor-field-type-upload elementor-field-group elementor-column elementor-field-group-field_b582db9 elementor-col-100\">\n\t\t\t\t\t\t\t\t\t\t\t\t<label for=\"form-field-field_b582db9\" class=\"elementor-field-label\">\n\t\t\t\t\t\t\t\t\u00cenc\u0103rca\u021bi scrisoarea de motiva\u021bie\t\t\t\t\t\t\t<\/label>\n\t\t\t\t\t\t\t\t<input type=\"file\" name=\"form_fields[field_b582db9]\" id=\"form-field-field_b582db9\" class=\"elementor-field elementor-size-sm  elementor-upload-field\" data-maxsize=\"23\" data-maxsize-message=\"Fi\u0219ierul dep\u0103\u0219e\u0219te dimensiunea maxim\u0103 permis\u0103.\">\n\n\t\t\t\t\t\t<\/div>\n\t\t\t\t\t\t\t\t<div class=\"elementor-field-group elementor-column elementor-field-type-submit elementor-col-100 e-form__buttons\">\n\t\t\t\t\t<button class=\"elementor-button elementor-size-sm\" type=\"submit\">\n\t\t\t\t\t\t<span class=\"elementor-button-content-wrapper\">\n\t\t\t\t\t\t\t\t\t\t\t\t\t\t\t\t\t\t\t\t\t\t<span class=\"elementor-button-text\">Trimite<\/span>\n\t\t\t\t\t\t\t\t\t\t\t\t\t<\/span>\n\t\t\t\t\t<\/button>\n\t\t\t\t<\/div>\n\t\t\t<\/div>\n\t\t<input type=\"hidden\" name=\"trp-form-language\" value=\"ro\"\/><\/form>\n\t\t\t\t\t\t<\/div>\n\t\t\t\t<\/div>\n\t\t\t\t\t<\/div>\n\t\t<\/div>\n\t\t\t\t\t<\/div>\n\t\t<\/section>\n\t\t\t\t\t<\/div>\n\t\t<\/div>\n\t\t\t\t\t<\/div>\n\t\t<\/section>\n\t\t\t\t<section class=\"elementor-section elementor-top-section elementor-element elementor-element-90febb9 elementor-section-boxed elementor-section-height-default elementor-section-height-default\" data-id=\"90febb9\" data-element_type=\"section\">\n\t\t\t\t\t\t<div class=\"elementor-container elementor-column-gap-default\">\n\t\t\t\t\t<div class=\"elementor-column elementor-col-100 elementor-top-column elementor-element elementor-element-1a6e232\" data-id=\"1a6e232\" data-element_type=\"column\">\n\t\t\t<div class=\"elementor-widget-wrap\">\n\t\t\t\t\t\t\t<\/div>\n\t\t<\/div>\n\t\t\t\t\t<\/div>\n\t\t<\/section>\n\t\t\t\t<\/div>","protected":false},"excerpt":{"rendered":"<p>Al\u0103tur\u0103-te c\u0103l\u0103toriei noastre - Construie\u0219te-\u021bi o carier\u0103 unde ospitalitatea \u00eent\u00e2lne\u0219te excelen\u021ba \u00een Bucure\u0219ti. Al\u0103tur\u0103-te familiei InStil Hotels La InStil Hotels, credem c\u0103 ospitalitatea excep\u021bional\u0103 \u00eencepe cu oameni excep\u021bionali. Cu trei hoteluri distinse \u00een Rom\u00e2nia, suntem dedica\u021bi cre\u0103rii unor experien\u021be de neuitat pentru oaspe\u021bi prin promovarea unei culturi a c\u0103ldurii, respectului \u0219i excelen\u021bei. Fie c\u0103 sunte\u021bi [...]<\/p>","protected":false},"author":1,"featured_media":0,"parent":0,"menu_order":0,"comment_status":"closed","ping_status":"closed","template":"","meta":{"footnotes":""},"class_list":["post-3625","page","type-page","status-publish","hentry"],"yoast_head":"<!-- This site is optimized with the Yoast SEO plugin v24.9 - https:\/\/yoast.com\/wordpress\/plugins\/seo\/ -->\n<title>Carrers - INSTILHOTELS<\/title>\n<meta name=\"robots\" content=\"index, follow, max-snippet:-1, max-image-preview:large, max-video-preview:-1\" \/>\n<link rel=\"canonical\" href=\"https:\/\/instilhotels.ro\/ro\/carrers\/\" \/>\n<meta property=\"og:locale\" content=\"ro_RO\" \/>\n<meta property=\"og:type\" content=\"article\" \/>\n<meta property=\"og:title\" content=\"Carrers - INSTILHOTELS\" \/>\n<meta property=\"og:description\" content=\"Join Our Journey \u2013 Build a Career Where Hospitality Meets Excellence in Bucharest. Join the InStil Hotels Family At InStil Hotels, we believe that exceptional hospitality begins with exceptional people. With three distinguished hotels in Romania, we are dedicated to creating unforgettable guest experiences by fostering a culture of warmth, respect, and excellence. Whether you&#8217;re [&hellip;]\" \/>\n<meta property=\"og:url\" content=\"https:\/\/instilhotels.ro\/ro\/carrers\/\" \/>\n<meta property=\"og:site_name\" content=\"INSTILHOTELS\" \/>\n<meta property=\"article:modified_time\" content=\"2024-10-18T17:32:36+00:00\" \/>\n<meta name=\"twitter:card\" content=\"summary_large_image\" \/>\n<meta name=\"twitter:label1\" content=\"Timp estimat pentru citire\" \/>\n\t<meta name=\"twitter:data1\" content=\"1 minut\" \/>\n<script type=\"application\/ld+json\" class=\"yoast-schema-graph\">{\"@context\":\"https:\/\/schema.org\",\"@graph\":[{\"@type\":\"WebPage\",\"@id\":\"https:\/\/instilhotels.ro\/carrers\/\",\"url\":\"https:\/\/instilhotels.ro\/carrers\/\",\"name\":\"Carrers - INSTILHOTELS\",\"isPartOf\":{\"@id\":\"https:\/\/instilhotels.ro\/#website\"},\"datePublished\":\"2024-10-18T17:27:09+00:00\",\"dateModified\":\"2024-10-18T17:32:36+00:00\",\"breadcrumb\":{\"@id\":\"https:\/\/instilhotels.ro\/carrers\/#breadcrumb\"},\"inLanguage\":\"ro-RO\",\"potentialAction\":[{\"@type\":\"ReadAction\",\"target\":[\"https:\/\/instilhotels.ro\/carrers\/\"]}]},{\"@type\":\"BreadcrumbList\",\"@id\":\"https:\/\/instilhotels.ro\/carrers\/#breadcrumb\",\"itemListElement\":[{\"@type\":\"ListItem\",\"position\":1,\"name\":\"Home\",\"item\":\"https:\/\/instilhotels.ro\/\"},{\"@type\":\"ListItem\",\"position\":2,\"name\":\"Carrers\"}]},{\"@type\":\"WebSite\",\"@id\":\"https:\/\/instilhotels.ro\/#website\",\"url\":\"https:\/\/instilhotels.ro\/\",\"name\":\"INSTILHOTELS\",\"description\":\"\",\"publisher\":{\"@id\":\"https:\/\/instilhotels.ro\/#organization\"},\"potentialAction\":[{\"@type\":\"SearchAction\",\"target\":{\"@type\":\"EntryPoint\",\"urlTemplate\":\"https:\/\/instilhotels.ro\/?s={search_term_string}\"},\"query-input\":{\"@type\":\"PropertyValueSpecification\",\"valueRequired\":true,\"valueName\":\"search_term_string\"}}],\"inLanguage\":\"ro-RO\"},{\"@type\":\"Organization\",\"@id\":\"https:\/\/instilhotels.ro\/#organization\",\"name\":\"INSTILHOTELS\",\"url\":\"https:\/\/instilhotels.ro\/\",\"logo\":{\"@type\":\"ImageObject\",\"inLanguage\":\"ro-RO\",\"@id\":\"https:\/\/instilhotels.ro\/#\/schema\/logo\/image\/\",\"url\":\"https:\/\/instilhotels.ro\/wp-content\/uploads\/2024\/10\/cropped-Instillogo_editabil.pdf-1_2-1.png\",\"contentUrl\":\"https:\/\/instilhotels.ro\/wp-content\/uploads\/2024\/10\/cropped-Instillogo_editabil.pdf-1_2-1.png\",\"width\":1560,\"height\":1561,\"caption\":\"INSTILHOTELS\"},\"image\":{\"@id\":\"https:\/\/instilhotels.ro\/#\/schema\/logo\/image\/\"}}]}<\/script>\n<!-- \/ Yoast SEO plugin. -->","yoast_head_json":{"title":"Carrers - INSTILHOTELS","robots":{"index":"index","follow":"follow","max-snippet":"max-snippet:-1","max-image-preview":"max-image-preview:large","max-video-preview":"max-video-preview:-1"},"canonical":"https:\/\/instilhotels.ro\/ro\/carrers\/","og_locale":"ro_RO","og_type":"article","og_title":"Carrers - INSTILHOTELS","og_description":"Join Our Journey \u2013 Build a Career Where Hospitality Meets Excellence in Bucharest. Join the InStil Hotels Family At InStil Hotels, we believe that exceptional hospitality begins with exceptional people. With three distinguished hotels in Romania, we are dedicated to creating unforgettable guest experiences by fostering a culture of warmth, respect, and excellence. Whether you&#8217;re [&hellip;]","og_url":"https:\/\/instilhotels.ro\/ro\/carrers\/","og_site_name":"INSTILHOTELS","article_modified_time":"2024-10-18T17:32:36+00:00","twitter_card":"summary_large_image","twitter_misc":{"Timp estimat pentru citire":"1 minut"},"schema":{"@context":"https:\/\/schema.org","@graph":[{"@type":"WebPage","@id":"https:\/\/instilhotels.ro\/carrers\/","url":"https:\/\/instilhotels.ro\/carrers\/","name":"Carrers - INSTILHOTELS","isPartOf":{"@id":"https:\/\/instilhotels.ro\/#website"},"datePublished":"2024-10-18T17:27:09+00:00","dateModified":"2024-10-18T17:32:36+00:00","breadcrumb":{"@id":"https:\/\/instilhotels.ro\/carrers\/#breadcrumb"},"inLanguage":"ro-RO","potentialAction":[{"@type":"ReadAction","target":["https:\/\/instilhotels.ro\/carrers\/"]}]},{"@type":"BreadcrumbList","@id":"https:\/\/instilhotels.ro\/carrers\/#breadcrumb","itemListElement":[{"@type":"ListItem","position":1,"name":"Home","item":"https:\/\/instilhotels.ro\/"},{"@type":"ListItem","position":2,"name":"Carrers"}]},{"@type":"WebSite","@id":"https:\/\/instilhotels.ro\/#website","url":"https:\/\/instilhotels.ro\/","name":"INSTILHOTELS","description":"","publisher":{"@id":"https:\/\/instilhotels.ro\/#organization"},"potentialAction":[{"@type":"SearchAction","target":{"@type":"EntryPoint","urlTemplate":"https:\/\/instilhotels.ro\/?s={search_term_string}"},"query-input":{"@type":"PropertyValueSpecification","valueRequired":true,"valueName":"search_term_string"}}],"inLanguage":"ro-RO"},{"@type":"Organization","@id":"https:\/\/instilhotels.ro\/#organization","name":"INSTILHOTELS","url":"https:\/\/instilhotels.ro\/","logo":{"@type":"ImageObject","inLanguage":"ro-RO","@id":"https:\/\/instilhotels.ro\/#\/schema\/logo\/image\/","url":"https:\/\/instilhotels.ro\/wp-content\/uploads\/2024\/10\/cropped-Instillogo_editabil.pdf-1_2-1.png","contentUrl":"https:\/\/instilhotels.ro\/wp-content\/uploads\/2024\/10\/cropped-Instillogo_editabil.pdf-1_2-1.png","width":1560,"height":1561,"caption":"INSTILHOTELS"},"image":{"@id":"https:\/\/instilhotels.ro\/#\/schema\/logo\/image\/"}}]}},"_links":{"self":[{"href":"https:\/\/instilhotels.ro\/ro\/wp-json\/wp\/v2\/pages\/3625","targetHints":{"allow":["GET"]}}],"collection":[{"href":"https:\/\/instilhotels.ro\/ro\/wp-json\/wp\/v2\/pages"}],"about":[{"href":"https:\/\/instilhotels.ro\/ro\/wp-json\/wp\/v2\/types\/page"}],"author":[{"embeddable":true,"href":"https:\/\/instilhotels.ro\/ro\/wp-json\/wp\/v2\/users\/1"}],"replies":[{"embeddable":true,"href":"https:\/\/instilhotels.ro\/ro\/wp-json\/wp\/v2\/comments?post=3625"}],"version-history":[{"count":4,"href":"https:\/\/instilhotels.ro\/ro\/wp-json\/wp\/v2\/pages\/3625\/revisions"}],"predecessor-version":[{"id":3630,"href":"https:\/\/instilhotels.ro\/ro\/wp-json\/wp\/v2\/pages\/3625\/revisions\/3630"}],"wp:attachment":[{"href":"https:\/\/instilhotels.ro\/ro\/wp-json\/wp\/v2\/media?parent=3625"}],"curies":[{"name":"wp","href":"https:\/\/api.w.org\/{rel}","templated":true}]}}