{"id":3578,"date":"2024-10-18T20:05:22","date_gmt":"2024-10-18T17:05:22","guid":{"rendered":"https:\/\/instilhotels.ro\/?page_id=3578"},"modified":"2024-10-18T20:05:33","modified_gmt":"2024-10-18T17:05:33","slug":"cookies-policy","status":"publish","type":"page","link":"https:\/\/instilhotels.ro\/ro\/cookies-policy\/","title":{"rendered":"Politica privind modulele cookie"},"content":{"rendered":"<div data-elementor-type=\"wp-page\" data-elementor-id=\"3578\" class=\"elementor elementor-3578\" data-elementor-post-type=\"page\">\n\t\t\t\t\t\t<section class=\"elementor-section elementor-top-section elementor-element elementor-element-2b312ed7 elementor-section-boxed elementor-section-height-default elementor-section-height-default\" data-id=\"2b312ed7\" data-element_type=\"section\">\n\t\t\t\t\t\t<div class=\"elementor-container elementor-column-gap-default\">\n\t\t\t\t\t<div class=\"elementor-column elementor-col-100 elementor-top-column elementor-element elementor-element-633935fd\" data-id=\"633935fd\" data-element_type=\"column\">\n\t\t\t<div class=\"elementor-widget-wrap elementor-element-populated\">\n\t\t\t\t\t\t<div class=\"elementor-element elementor-element-3e431bbb elementor-widget elementor-widget-text-editor\" data-id=\"3e431bbb\" data-element_type=\"widget\" data-widget_type=\"text-editor.default\">\n\t\t\t\t<div class=\"elementor-widget-container\">\n\t\t\t\t\t\t\t\t\t<p><strong>Informa\u021bii despre cookie-uri<\/strong><br>\nPentru a permite func\u021bionarea corespunz\u0103toare a acestui site \u0219i pentru a \u00eembun\u0103t\u0103\u021bi experien\u021ba de navigare, acest site trebuie sa plaseze o cantitate mica de informa\u021bii (Cookie-uri) \u00een computerul\/dispozitivul dumneavoastr\u0103.<br>\nAnumite cookie-uri sunt necesare func\u021bion\u0103rii corespunz\u0103toare a site-ului \u0219i pentru a permite utilizarea anumitor caracteristici tehnice oferindu-v\u0103 astfel o experien\u021b\u0103 de utilizare satisf\u0103c\u0103toare. Pentru a folosi cookie-uri care nu sunt necesare utilizarea site-ului dar care \u00eembun\u0103t\u0103\u021besc serviciile oferite v\u0103 vom solicita aprobarea. Dac\u0103 nu ne acorda\u021bi acceptul pentru folosirea anumitor cookie-uri, pute\u021bi naviga pe site \u00een continuare, dar anumite func\u021bionalit\u0103\u021bi nu vor fi disponibile pentru dumneavoastr\u0103.<\/p>\n<p><strong>Ce este un cookie?<\/strong><br>\nCookie-urile sunt informa\u021bii stocate \u00een calculatorul sau dispozitivul dumneavoastr\u0103 mobil de c\u0103tre site-ul pe care \u00eel accesa\u021bi. \u00cen mod normal cookie-urile v\u0103 p\u0103streaz\u0103 preferin\u021bele, set\u0103rile site-ului cum ar fi limba preferat\u0103 sau adresa. Ulterior, c\u00e2nd accesa\u021bi din nou acel site, browserul de internet trimite \u00eenapoi cookie-urile acelei pagini. Acest lucru permite paginii de site s\u0103 afi\u0219eze con\u021binut \u00eentr-un mod personalizat, pentru c\u0103 datorit\u0103 unui cookie site-ul \u00ee\u0219i aminte\u0219te ac\u021biunile dumneavoastr\u0103 dar \u0219i set\u0103rile pentru o perioad\u0103 specificat\u0103. De fiecare dat\u0103 c\u00e2nd un utilizator deschide o pagin\u0103, serverul web cite\u0219te valorile stocate anterior \u00een cookie.<br>\nCookie-urile pot stoca o gam\u0103 larg\u0103 de informa\u021bii, inclusiv personale. Aceste date vor fi utilizate de cookie-uri numai dac\u0103 v-a\u021bi dat acordul - paginile web nu pot accesa informa\u021bii pe care nu le-a\u021bi oferit \u0219i nu pot accesa alte fi\u0219iere din computerul sau dispozitivul mobil al dumneavoastr\u0103.&nbsp;<\/p>\n<p>Pute\u021bi schimba set\u0103rile browser-ului astfel \u00eenc\u00e2t s\u0103 alege\u021bi dac\u0103 ve\u021bi accepta sau nu solicit\u0103rile acestor cookie-uri sau s\u0103 \u0219terge\u021bi cookie-urile salvate \u00een mod automat c\u00e2nd \u00eenchide\u021bi browser-ul \u0219i a\u0219a mai departe. De asemenea, dac\u0103 v\u0103 da\u021bi acordul utiliz\u0103rii cookie-urilor, v\u0103 pute\u021bi schimba op\u021biunea \u00een orice moment.<\/p>\n<p><strong>Ce cookie-uri folose\u0219te hotelstil.ro \u0219i de ce<\/strong><\/p>\n<p><strong>Cookie-uri necesare -&nbsp;<\/strong>Aceste cookie-uri v\u0103 ajut\u0103 s\u0103 crea\u021bi un site u\u0219or de utilizat, permi\u021b\u00e2nd func\u021bii de baz\u0103 cum ar fi navigarea pe pagini \u0219i accesul \u00een zonele securizate ale site-ului. Website-ul nu poate func\u021biona corect f\u0103r\u0103 aceste cookie-uri.<\/p>\n<table>\n<tbody>\n<tr>\n<td width=\"181\">Fursec Denumire<\/td>\n<td width=\"144\">Descriere<\/td>\n<td width=\"136\">Sfat<\/td>\n<td width=\"140\">Expirare<\/td>\n<\/tr>\n<tr>\n<td width=\"181\">rc::a<\/td>\n<td width=\"144\">Face diferen\u021ba \u00eentre oameni \u0219i bo\u021bi<\/td>\n<td width=\"136\">HTML<\/td>\n<td width=\"140\">Persistent<\/td>\n<\/tr>\n<tr>\n<td width=\"181\">rc::b<\/td>\n<td width=\"144\">Face diferen\u021ba \u00eentre oameni \u0219i bo\u021bi<\/td>\n<td width=\"136\">HTML<\/td>\n<td width=\"140\">Sesiune<\/td>\n<\/tr>\n<tr>\n<td width=\"181\">rc::c<\/td>\n<td width=\"144\">Face diferen\u021ba \u00eentre oameni \u0219i bo\u021bi<\/td>\n<td width=\"136\">HTML<\/td>\n<td width=\"140\">Sesiune<\/td>\n<\/tr>\n<\/tbody>\n<\/table>\n<p><strong>&nbsp;<\/strong><\/p>\n<p><strong>Cookie-uri analitice -&nbsp;<\/strong>acestea sunt cookie-uri pe care site-ul le \u00eencarc\u0103 \u00een scopuri de analiz\u0103 de trafic, cum ar fi analiza paginilor utilizate sau timpul petrecut pe site, informa\u021bii folosite pentru \u00eembun\u0103t\u0103\u021birea calit\u0103\u021bii con\u021binutului \u0219i a serviciilor oferite. Pentru acest site, folosim cookie-urile din sistemul Google Analytics.<\/p>\n<table>\n<tbody>\n<tr>\n<td width=\"209\">Fursec Denumire<\/td>\n<td width=\"135\">Descriere<\/td>\n<td width=\"125\">Sfat<\/td>\n<td width=\"131\">Expirare<\/td>\n<\/tr>\n<tr>\n<td width=\"209\">_ga<\/td>\n<td width=\"135\">\u00cenregistreaz\u0103 un ID unic care este utilizat pentru a genera date statistice despre modul \u00een care vizitatorul utilizeaz\u0103 site-ul web.<\/td>\n<td width=\"125\">HTTP<\/td>\n<td width=\"131\">2 ani<\/td>\n<\/tr>\n<tr>\n<td width=\"209\">_gat<\/td>\n<td width=\"135\">Folosit de Google Analytics pentru a calibra rata de cereri<\/td>\n<td width=\"125\">HTTP<\/td>\n<td width=\"131\">O zi<\/td>\n<\/tr>\n<tr>\n<td width=\"209\">_gid<\/td>\n<td width=\"135\">\u00cenregistreaz\u0103 un ID unic care este utilizat pentru a genera date statistice despre modul \u00een care vizitatorul utilizeaz\u0103 site-ul web.<\/td>\n<td width=\"125\">HTTP<\/td>\n<td width=\"131\">O zi<\/td>\n<\/tr>\n<\/tbody>\n<\/table>\n<p><strong>Cookie-uri de marketing -&nbsp;<\/strong>Cookie-urile de marketing sunt folosite pentru a urm\u0103ri vizitatorii pe site-uri. Scopul este de a v\u0103 putea oferi o informa\u021bie relevant\u0103 \u0219i captivant\u0103 pentru utilizatorii individuali \u0219i, prin urmare, mai valoroase pentru editori \u0219i agen\u021bii de publicitate ter\u021be.<\/p>\n<table>\n<tbody>\n<tr>\n<td width=\"247\">Fursec Denumire<\/td>\n<td width=\"210\">Descriere<\/td>\n<td width=\"61\">Sfat<\/td>\n<td width=\"83\">Expirare<\/td>\n<\/tr>\n<tr>\n<td width=\"247\">Fbp<\/td>\n<td width=\"210\">Acest cookie va contribui la livrarea publicit\u0103\u021bii noastre c\u0103tre persoanele care au vizitat deja site-ul nostru web atunci c\u00e2nd sunt pe Facebook sau pe o platform\u0103 digital\u0103 sus\u021binut\u0103 de Facebook Advertising<\/td>\n<td width=\"61\">HTTP<\/td>\n<td width=\"83\">3 luni<\/td>\n<\/tr>\n<tr>\n<td width=\"247\">Fr<\/td>\n<td width=\"210\">Folosit de Facebook pentru a livra o serie de produse publicitare, cum ar fi licitarea \u00een timp real de la agen\u021bii de publicitate ter\u021be<\/td>\n<td width=\"61\">HTTP<\/td>\n<td width=\"83\">3 luni<\/td>\n<\/tr>\n<tr>\n<td width=\"247\">Tr<\/td>\n<td width=\"210\">Pixel tracker folosit de Facebook pentru a livra o serie de produse publicitare, cum ar fi licitarea \u00een timp real de la agen\u021bii de publicitate ter\u021be<\/td>\n<td width=\"61\">Pixel<\/td>\n<td width=\"83\">Sesiune<\/td>\n<\/tr>\n<tr>\n<td width=\"247\">test_cookie<\/td>\n<td width=\"210\">Verific\u0103 pentru Youtube dac\u0103 browser-ul suport\u0103 cookie-uri<\/td>\n<td width=\"61\">HTTP<\/td>\n<td width=\"83\">O zi<\/td>\n<\/tr>\n<tr>\n<td width=\"247\">IDE<\/td>\n<td width=\"210\">Folosit de serviciul Double Click de la Google pentru a \u00eenregistra \u0219i raporta ac\u021biunea utilizatorului site-ului dup\u0103 ce a v\u0103zut sau a f\u0103cut click pe o reclam\u0103 pentru a m\u0103sura eficien\u021ba reclamei \u0219i pentru a da reclame utilizatorului mai relevant<\/td>\n<td width=\"61\">HTTP<\/td>\n<td width=\"83\">Un an<\/td>\n<\/tr>\n<tr>\n<td width=\"247\">anun\u021buri\/ga-audiences<\/td>\n<td width=\"210\">Acest cookie va contribui la livrarea publicit\u0103\u021bii noastre c\u0103tre persoanele care au vizitat deja site-ul nostru web atunci c\u00e2nd sunt pe Facebook sau pe o platform\u0103 digital\u0103 sus\u021binut\u0103 de Facebook Advertising<\/td>\n<td width=\"61\">HTTP<\/td>\n<td width=\"83\">3 luni<\/td>\n<\/tr>\n<tr>\n<td width=\"247\">paginaad\/1p-user-list\/#<\/td>\n<td width=\"210\">Generat de Google pentru a urm\u0103ri evenimente, cum ar fi conversii sau alte interac\u021biuni semnificative de utilizator<\/td>\n<td width=\"61\">Pixel<\/td>\n<td width=\"83\">Sesiune<\/td>\n<\/tr>\n<\/tbody>\n<\/table>\n<p><strong>&nbsp;<\/strong><\/p>\n<p><strong>Cum se dezactiveaz\u0103 cookie-urile<\/strong><br>\nC\u00e2nd accesa\u021bi prima oara site-ul, va vom cere acordul pentru folosirea cookie-urilor care nu sunt necesare.<br>\nOric\u00e2nd pute\u021bi dezactiva cookie-urile care nu sunt necesare iar acestea nu vor mai fi stocate \u00een computerul sau dispozitivul dumneavoastr\u0103. Set\u0103rile de cookie pot fi controlate \u0219i configurate \u00een browser-ul web.<\/p>\t\t\t\t\t\t\t\t<\/div>\n\t\t\t\t<\/div>\n\t\t\t\t\t<\/div>\n\t\t<\/div>\n\t\t\t\t\t<\/div>\n\t\t<\/section>\n\t\t\t\t<\/div>","protected":false},"excerpt":{"rendered":"<p>Informa\u021bii despre cookie-uri Pentru a permite func\u021bionarea corespunz\u0103toare a acestui site \u0219i pentru a \u00eembun\u0103t\u0103\u021bi experien\u021ba de navigare, acest site trebuie s\u0103 plaseze o cantitate mic\u0103 de informa\u021bii (Cookie-uri) \u00een computerul\/dispozitivul dumneavoastr\u0103. Anumite cookie-uri sunt necesare func\u021bion\u0103rii corespunz\u0103toare a site-ului \u0219i pentru a permite utilizarea anumitor caracteristici tehnice oferindu-v\u0103 astfel o experien\u021b\u0103 de utilizare satisf\u0103c\u0103toare. [...]<\/p>","protected":false},"author":1,"featured_media":0,"parent":0,"menu_order":0,"comment_status":"closed","ping_status":"closed","template":"","meta":{"footnotes":""},"class_list":["post-3578","page","type-page","status-publish","hentry"],"yoast_head":"<!-- This site is optimized with the Yoast SEO plugin v24.9 - https:\/\/yoast.com\/wordpress\/plugins\/seo\/ -->\n<title>Cookies Policy - INSTILHOTELS<\/title>\n<meta name=\"robots\" content=\"index, follow, max-snippet:-1, max-image-preview:large, max-video-preview:-1\" \/>\n<link rel=\"canonical\" href=\"https:\/\/instilhotels.ro\/ro\/cookies-policy\/\" \/>\n<meta property=\"og:locale\" content=\"ro_RO\" \/>\n<meta property=\"og:type\" content=\"article\" \/>\n<meta property=\"og:title\" content=\"Cookies Policy - INSTILHOTELS\" \/>\n<meta property=\"og:description\" content=\"Informa\u021bii despre cookie-uri Pentru a permite func\u021bionarea corespunz\u0103toare a acestui site si pentru a \u00eembun\u0103t\u0103\u021bi experien\u021ba de navigare, acest site trebuie sa plaseze o cantitate mica de informa\u021bii (Cookie-uri) in computerul\/dispozitivul dumneavoastr\u0103. Anumite cookie-uri sunt necesare func\u021bion\u0103rii corespunz\u0103toare a site-ului \u0219i pentru a permite utilizarea anumitor caracteristici tehnice oferindu-v\u0103 astfel o experien\u021b\u0103 de utilizare satisf\u0103c\u0103toare. [&hellip;]\" \/>\n<meta property=\"og:url\" content=\"https:\/\/instilhotels.ro\/ro\/cookies-policy\/\" \/>\n<meta property=\"og:site_name\" content=\"INSTILHOTELS\" \/>\n<meta property=\"article:modified_time\" content=\"2024-10-18T17:05:33+00:00\" \/>\n<meta name=\"twitter:card\" content=\"summary_large_image\" \/>\n<meta name=\"twitter:label1\" content=\"Timp estimat pentru citire\" \/>\n\t<meta name=\"twitter:data1\" content=\"4 minute\" \/>\n<script type=\"application\/ld+json\" class=\"yoast-schema-graph\">{\"@context\":\"https:\/\/schema.org\",\"@graph\":[{\"@type\":\"WebPage\",\"@id\":\"https:\/\/instilhotels.ro\/cookies-policy\/\",\"url\":\"https:\/\/instilhotels.ro\/cookies-policy\/\",\"name\":\"Cookies Policy - INSTILHOTELS\",\"isPartOf\":{\"@id\":\"https:\/\/instilhotels.ro\/#website\"},\"datePublished\":\"2024-10-18T17:05:22+00:00\",\"dateModified\":\"2024-10-18T17:05:33+00:00\",\"breadcrumb\":{\"@id\":\"https:\/\/instilhotels.ro\/cookies-policy\/#breadcrumb\"},\"inLanguage\":\"ro-RO\",\"potentialAction\":[{\"@type\":\"ReadAction\",\"target\":[\"https:\/\/instilhotels.ro\/cookies-policy\/\"]}]},{\"@type\":\"BreadcrumbList\",\"@id\":\"https:\/\/instilhotels.ro\/cookies-policy\/#breadcrumb\",\"itemListElement\":[{\"@type\":\"ListItem\",\"position\":1,\"name\":\"Home\",\"item\":\"https:\/\/instilhotels.ro\/\"},{\"@type\":\"ListItem\",\"position\":2,\"name\":\"Cookies Policy\"}]},{\"@type\":\"WebSite\",\"@id\":\"https:\/\/instilhotels.ro\/#website\",\"url\":\"https:\/\/instilhotels.ro\/\",\"name\":\"INSTILHOTELS\",\"description\":\"\",\"publisher\":{\"@id\":\"https:\/\/instilhotels.ro\/#organization\"},\"potentialAction\":[{\"@type\":\"SearchAction\",\"target\":{\"@type\":\"EntryPoint\",\"urlTemplate\":\"https:\/\/instilhotels.ro\/?s={search_term_string}\"},\"query-input\":{\"@type\":\"PropertyValueSpecification\",\"valueRequired\":true,\"valueName\":\"search_term_string\"}}],\"inLanguage\":\"ro-RO\"},{\"@type\":\"Organization\",\"@id\":\"https:\/\/instilhotels.ro\/#organization\",\"name\":\"INSTILHOTELS\",\"url\":\"https:\/\/instilhotels.ro\/\",\"logo\":{\"@type\":\"ImageObject\",\"inLanguage\":\"ro-RO\",\"@id\":\"https:\/\/instilhotels.ro\/#\/schema\/logo\/image\/\",\"url\":\"https:\/\/instilhotels.ro\/wp-content\/uploads\/2024\/10\/cropped-Instillogo_editabil.pdf-1_2-1.png\",\"contentUrl\":\"https:\/\/instilhotels.ro\/wp-content\/uploads\/2024\/10\/cropped-Instillogo_editabil.pdf-1_2-1.png\",\"width\":1560,\"height\":1561,\"caption\":\"INSTILHOTELS\"},\"image\":{\"@id\":\"https:\/\/instilhotels.ro\/#\/schema\/logo\/image\/\"}}]}<\/script>\n<!-- \/ Yoast SEO plugin. -->","yoast_head_json":{"title":"Cookies Policy - INSTILHOTELS","robots":{"index":"index","follow":"follow","max-snippet":"max-snippet:-1","max-image-preview":"max-image-preview:large","max-video-preview":"max-video-preview:-1"},"canonical":"https:\/\/instilhotels.ro\/ro\/cookies-policy\/","og_locale":"ro_RO","og_type":"article","og_title":"Cookies Policy - INSTILHOTELS","og_description":"Informa\u021bii despre cookie-uri Pentru a permite func\u021bionarea corespunz\u0103toare a acestui site si pentru a \u00eembun\u0103t\u0103\u021bi experien\u021ba de navigare, acest site trebuie sa plaseze o cantitate mica de informa\u021bii (Cookie-uri) in computerul\/dispozitivul dumneavoastr\u0103. Anumite cookie-uri sunt necesare func\u021bion\u0103rii corespunz\u0103toare a site-ului \u0219i pentru a permite utilizarea anumitor caracteristici tehnice oferindu-v\u0103 astfel o experien\u021b\u0103 de utilizare satisf\u0103c\u0103toare. [&hellip;]","og_url":"https:\/\/instilhotels.ro\/ro\/cookies-policy\/","og_site_name":"INSTILHOTELS","article_modified_time":"2024-10-18T17:05:33+00:00","twitter_card":"summary_large_image","twitter_misc":{"Timp estimat pentru citire":"4 minute"},"schema":{"@context":"https:\/\/schema.org","@graph":[{"@type":"WebPage","@id":"https:\/\/instilhotels.ro\/cookies-policy\/","url":"https:\/\/instilhotels.ro\/cookies-policy\/","name":"Cookies Policy - INSTILHOTELS","isPartOf":{"@id":"https:\/\/instilhotels.ro\/#website"},"datePublished":"2024-10-18T17:05:22+00:00","dateModified":"2024-10-18T17:05:33+00:00","breadcrumb":{"@id":"https:\/\/instilhotels.ro\/cookies-policy\/#breadcrumb"},"inLanguage":"ro-RO","potentialAction":[{"@type":"ReadAction","target":["https:\/\/instilhotels.ro\/cookies-policy\/"]}]},{"@type":"BreadcrumbList","@id":"https:\/\/instilhotels.ro\/cookies-policy\/#breadcrumb","itemListElement":[{"@type":"ListItem","position":1,"name":"Home","item":"https:\/\/instilhotels.ro\/"},{"@type":"ListItem","position":2,"name":"Cookies Policy"}]},{"@type":"WebSite","@id":"https:\/\/instilhotels.ro\/#website","url":"https:\/\/instilhotels.ro\/","name":"INSTILHOTELS","description":"","publisher":{"@id":"https:\/\/instilhotels.ro\/#organization"},"potentialAction":[{"@type":"SearchAction","target":{"@type":"EntryPoint","urlTemplate":"https:\/\/instilhotels.ro\/?s={search_term_string}"},"query-input":{"@type":"PropertyValueSpecification","valueRequired":true,"valueName":"search_term_string"}}],"inLanguage":"ro-RO"},{"@type":"Organization","@id":"https:\/\/instilhotels.ro\/#organization","name":"INSTILHOTELS","url":"https:\/\/instilhotels.ro\/","logo":{"@type":"ImageObject","inLanguage":"ro-RO","@id":"https:\/\/instilhotels.ro\/#\/schema\/logo\/image\/","url":"https:\/\/instilhotels.ro\/wp-content\/uploads\/2024\/10\/cropped-Instillogo_editabil.pdf-1_2-1.png","contentUrl":"https:\/\/instilhotels.ro\/wp-content\/uploads\/2024\/10\/cropped-Instillogo_editabil.pdf-1_2-1.png","width":1560,"height":1561,"caption":"INSTILHOTELS"},"image":{"@id":"https:\/\/instilhotels.ro\/#\/schema\/logo\/image\/"}}]}},"_links":{"self":[{"href":"https:\/\/instilhotels.ro\/ro\/wp-json\/wp\/v2\/pages\/3578","targetHints":{"allow":["GET"]}}],"collection":[{"href":"https:\/\/instilhotels.ro\/ro\/wp-json\/wp\/v2\/pages"}],"about":[{"href":"https:\/\/instilhotels.ro\/ro\/wp-json\/wp\/v2\/types\/page"}],"author":[{"embeddable":true,"href":"https:\/\/instilhotels.ro\/ro\/wp-json\/wp\/v2\/users\/1"}],"replies":[{"embeddable":true,"href":"https:\/\/instilhotels.ro\/ro\/wp-json\/wp\/v2\/comments?post=3578"}],"version-history":[{"count":4,"href":"https:\/\/instilhotels.ro\/ro\/wp-json\/wp\/v2\/pages\/3578\/revisions"}],"predecessor-version":[{"id":3582,"href":"https:\/\/instilhotels.ro\/ro\/wp-json\/wp\/v2\/pages\/3578\/revisions\/3582"}],"wp:attachment":[{"href":"https:\/\/instilhotels.ro\/ro\/wp-json\/wp\/v2\/media?parent=3578"}],"curies":[{"name":"wp","href":"https:\/\/api.w.org\/{rel}","templated":true}]}}