{"id":3568,"date":"2024-10-18T20:01:34","date_gmt":"2024-10-18T17:01:34","guid":{"rendered":"https:\/\/instilhotels.ro\/?page_id=3568"},"modified":"2025-04-16T00:42:14","modified_gmt":"2025-04-15T21:42:14","slug":"loyalty-campaign-regulations-romania","status":"publish","type":"page","link":"https:\/\/instilhotels.ro\/ro\/loyalty-campaign-regulations-romania\/","title":{"rendered":"Regulament Campanie Fidelizare"},"content":{"rendered":"<div data-elementor-type=\"wp-page\" data-elementor-id=\"3568\" class=\"elementor elementor-3568\" data-elementor-post-type=\"page\">\n\t\t\t\t\t\t<section class=\"elementor-section elementor-top-section elementor-element elementor-element-14706a elementor-section-boxed elementor-section-height-default elementor-section-height-default\" data-id=\"14706a\" data-element_type=\"section\">\n\t\t\t\t\t\t<div class=\"elementor-container elementor-column-gap-default\">\n\t\t\t\t\t<div class=\"elementor-column elementor-col-100 elementor-top-column elementor-element elementor-element-74c9781f\" data-id=\"74c9781f\" data-element_type=\"column\">\n\t\t\t<div class=\"elementor-widget-wrap elementor-element-populated\">\n\t\t\t\t\t\t<div class=\"elementor-element elementor-element-2e1c32f elementor-widget elementor-widget-text-editor\" data-id=\"2e1c32f\" data-element_type=\"widget\" data-widget_type=\"text-editor.default\">\n\t\t\t\t<div class=\"elementor-widget-container\">\n\t\t\t\t\t\t\t\t\t<p><strong>Loyalty Campaign Regulations <\/strong><\/p>\n<p><strong>SC M&amp;T MARKET &amp; TRADE PROFESSIONALS SRL<\/strong><\/p>\n<p><strong>Clubul de loialitate InStil<\/strong><\/p>\n<p><strong>&nbsp;<\/strong><\/p>\n<ul>\n<li><strong>Stil Hotel****<\/strong><\/li>\n<li><strong>Stil Ora\u0219ul Vechi***<\/strong><\/li>\n<li><strong>Ecletico Villa ****<\/strong><\/li>\n<\/ul>\n<p>&nbsp;<\/p>\n<p>INFORMATION TO BENEFICIARIES<\/p>\n<p>Acest Program de fidelizare este organizat \u0219i desf\u0103\u0219urat de grupul InStil Hotels.<\/p>\n<p>Beneficiarii programului de fidelitate sunt obliga\u021bi s\u0103 respecte termenii \u0219i condi\u021biile prezentului Regulament potrivit celor\u03b1\u03c2 mai jos (denumit \u00een continuare \"<strong>Regulament<\/strong>\").<\/p>\n<p>Regulamentul este disponibil pentru consultarea la sediul societ\u0103\u021bilor precum \u0219i pe site-ul <a href=\"https:\/\/instilhotels.ro\/ro\/\">www.instilhotels.ro<\/a>;<\/p>\n<p>Grupul In Stil Hotels \u00ee\u0219i rezerv\u0103 dreptul de a modifica sau schimba prezentul Regulament, urm\u00e2nd ca astfel de modific\u0103ri s\u0103 intre \u00een vigoare incepand cu a doua zi de la data publicarii acestuia pe site.<\/p>\n<p>&nbsp;<\/p>\n<p>MODUL DE APLICABILITATE<\/p>\n<p>Codul de loialitate este aplicabil doar \u00een unul din hotelurile din cadrul grupului In Stil Hotels ce apar\u021bin societ\u0103\u021bilor M&amp;T Market &amp; Trade Professionals SRL, New Hotel Invest SRL \u0219i Rossimo Real Estate SRL.<\/p>\n<p>- Stil Hotel****, Stil Old Town ***, Ecletico Villa **** din Bucuresti.<\/p>\n<p>DURATA PROGRAMULUI<\/p>\n<p>Programul de loialitate are durat\u0103 nelimitat\u0103. Grupul InStil Hotels sunt dreptul s\u0103 hot\u0103rasc\u0103 \u00een orice moment \u00eencetarea sau modificarea programului de loialitate.<\/p>\n<p>\u00cen\u0219tiin\u021barea referitoare la \u00eencetarea Programului de loialitate va fi efectuat\u0103 de In Stil Hotels cu cel pu\u021bin 30 zile \u00eenainte de data \u00eencet\u0103rii acestuia, la sediul societ\u0103tilor, \u00eentr-un loc vizibil, precum \u0219i pe site-ul <a href=\"https:\/\/instilhotels.ro\/ro\/\">instilhotels.ro<\/a>.<\/p>\n<p>Programul de fidelizare se va desf\u0103cut \u00een conformitate cu prevederile prezentului Regulament.<\/p>\n<p>&nbsp;<\/p>\n<p>CONDITII DE PARTICIPARE<\/p>\n<p>Poate fi membru al Programului de loialitate orice turist, persoana fizic\u0103 sau juridic\u0103, av\u00e2nd minim 18 ani \u00eemplini\u021bi care a beneficiat de servicii de cazare intr-unul din hoteluri, minim 1 noapte.<\/p>\n<p>Beneficiarul este obligat s\u0103 furnizeze toate datele necesare pentru completarea integral\u0103 a datelor necesare \u00een cadrul unui formular inmanat la receptia hotelului sau existent electonic pe wesite-ul oficial <a href=\"https:\/\/instilhotels.ro\/ro\/\">www.instilhotels.ro<\/a> , respectiv: nume, prenume, data na\u0219terii, num\u0103r telefon mobil, adres\u0103 de email \u0219i semn\u0103tur\u0103, cu urmatoarele campuri obligatorii nume, prenume si adresa de email.<\/p>\n<p>Formularul nesemnat sau ce con\u021bine data incomplet\u0103 sau eronat\u0103 nu este valabil, ceea ce atrage dup\u0103 sine imposibilitatea beneficiarilor de reduceri acordate conform programului de loialitate.<\/p>\n<p>Dup\u0103 semnarea Formularului \u0219i predarea acestuia c\u0103tre personalul de la recep\u021bie, acesta se salveaz\u0103 \u00een format electronic sau dup\u0103 completarea formularului electronic direct pe website-ul instilhotels.ro, se va transmite un cod unic de reducere \u00een format fizic sub form\u0103 de card sau prin po\u0219ta electronic\u0103 sau sms, oferind acces la reducere pentru urmatoarea achizitie de servicii turstice \u00een cadrul hotelurilor.<\/p>\n<p>Codurile de reducere sunt disponibile \u00een mod gratuit, pe loc, ca urmare a efectu\u0103rii sejurului, \u00een schimbul complet\u0103rii Formularului de \u00censcriere \u00een Programul de loialitate.<\/p>\n<p>&nbsp;<\/p>\n<p>MECANISMUL PROGRAMULUI<\/p>\n<p>Beneficiarilor Programul de fidelitate li se vor acorda <strong>discounturi <\/strong><strong>diferen<\/strong><strong>\u021b<\/strong><strong>iate<\/strong> aplicat\u0103 \u00een func\u021bie de num\u0103rul de nop\u021bi petrecute \u00een cadrul hotelurilor <strong>Stil Hotel, Stil Old Town <\/strong><strong>\u0219i Ecletico Villa<\/strong>, pentru rezervari efectuate prin receptia hotelului\/birou marketing\/website \u0219i se aplic\u0103 doar la tarifele\/pachetele de receptie (pre\u021b de baz\u0103) si nu se cumuleaza cu alte discount-uri:<\/p>\n<ul>\n<li><strong>BRONZ<\/strong> <strong>- <\/strong><strong>5%<\/strong>: se acord\u0103 turistilor care au beneficiat de servicii de cazare \u00een cadrul hotelului minim 5 nopti in oricare dintre cele 3 hoteluri;<\/li>\n<li><strong>ARGINT<\/strong> <strong>- <\/strong><strong>10%<\/strong>: se acord\u0103 turi\u0219tilor care au petrecut \u00eentre 11 \u0219i 20 nop\u021bi \u00een cadrul hotelurilor;<\/li>\n<li><strong>AUR<\/strong> <strong>- <\/strong><strong>15%<\/strong>: se acorda turistilor care au petrecut \u00eentre 21 si 30 nopti in cadrul hotelurilor;<\/li>\n<li><strong>VIP<\/strong> <strong>- <\/strong><strong>20%<\/strong>: se acorda turi\u0219tilor care au beneficiat de servicii de cazare minim 31 nopti.<\/li>\n<\/ul>\n<p>&nbsp;<\/p>\n<p>* fiecare nivel de loialitate \u00ee\u0219i p\u0103streaz\u0103 valabilitatea pe perioada nedeterminat\u0103 sau p\u00e2n\u0103 la noi modific\u0103ri ale regulamentului, dac\u0103 se \u00eendepline\u0219te num\u0103rul minim de nop\u021bi men\u021bionat la fiecare nivel \u00een parte. Daca \u00een termen de 24 luni, turistul nu acumuleaz\u0103 num\u0103rul minim de nop\u021bi aferent fiec\u0103rui nivel \u00een parte, nivelul s\u0103u de loialitate va cobor\u00ee automat la nivelul inferior, \u00eensemn\u00e2nd si diminuarea reducerii conform noului statut.<\/p>\n<p><br><\/p>\n<p><strong>Codurile au dubla utilizare, fiind <\/strong><strong>individual<\/strong> <strong>dar \u0219i <\/strong><strong>transmisibile<\/strong><strong>.<\/strong><\/p>\n<p><strong>Cardul poate fi transmisibil <\/strong>(poate fi utilizat \u0219i de o alt\u0103 persoan\u0103 dec\u00e2t titularul) \u0219i se va aplica discountul \u00een func\u021bie de num\u0103rul de nop\u021bi cumulat de c\u0103tre titular.<\/p>\n<p>&nbsp;<\/p>\n<p>FOLOSIREA CODULUI DE LOIALITATE<\/p>\n<p>Posesorul Codului de loialitate \u00ee\u0219i asum\u0103 \u00eentreaga responsabilitate privind orice problem\u0103 care poate s\u0103 apar\u0103 \u00een legatur\u0103 cu utilizarea beneficiilor Cardului de fidelitate de c\u0103tre alte persoane.<\/p>\n<p>Pentru a beneficia de reducere, beneficiarul va trebui s\u0103 anun\u021be c\u0103 este integrat \u00een programul de loialitate \u0219i s\u0103 prezinte Codul de loialitate la recep\u021bia hotelului \u00een prealabil achit\u0103rii serviciilor.<\/p>\n<p>\u00cen cazul \u00een care Participantul nu este \u00een posesia Codului de loialitate, nu se va putea acorda discount la pachetul achizi\u021bionat.<\/p>\n<p>Turistul poate beneficia de discountul de loialitate doar pentru serviciile de cazare, nefiind aplicabil \u00een cazul serviciilor suplimentare pentru care opteaz\u0103 \u00een timpul sejurului. Discountul acordat se aplic\u0103 din pre\u021bul de recep\u021bie (pre\u021b de baz\u0103) conform codului de loialitate \u0219i nu se poate cumula cu alte discounturi oferite la acela\u0219i pachet\/ofert\u0103, situa\u021bia \u00een care se poate opta pentru discountul cel mai avantajos (ex. oferte last minute, early booking, vouchere de discount pentru anumite oferte speciale etc).<\/p>\n<p>Dac\u0103 un cod de loialitate a fost furat sau pierdut, evenimentul trebuie anun\u021bat \u00een maxim 24 de ore la recep\u021bia hotelurilor, \u00een vederea anularii codului aflat \u00eentr-una dintre aceste situa\u021bii. \u00cen caz contrar, Participantul \u00ee\u0219i asum\u0103 orice utilizare ilegal\u0103 a codului de loialitate pierdut sau furat. Odat\u0103 cu \u00een\u0219tiin\u021barea, se vor comunica numele \u0219i prenumele, telefonul \u0219i datele na\u0219terii ale titularului.<\/p>\n<p>&nbsp;<\/p>\n<p>ACORDAREA DE RELA\u021aII CU PRIVIRE LA FUNC\u021aIONAREA CARDURILOR<\/p>\n<p>Beneficiarii de Programul de Loialitate pot obtine informatii referitoare la functionarea \u0219i folosirea codului de loialitate apel\u00e2nd Receptia Stil Hotel**** la numarul de telefon 0772.029.192. Tot la acest num\u0103r, beneficiarul Codului va anun\u021ba f\u0103r\u0103 \u00eentarziere orice schimbare a datelor personale comunicate prin Formularul de \u00censcriere \u0219i, de asemenea, va anun\u021ba pierderea sau furtul codului de loialitate.<\/p>\n<p>\u00cen scopul protej\u0103rii datelor personale ale Beneficiarilor la Programul de loialitate, In Stil Hotels va solicita informa\u021bii \u0219i date cu caracter personal pentru a stabili identitatea beneficiarului.<\/p>\n<p>&nbsp;<\/p>\n<p>PROTEC\u021aIA DATELOR CU CARACTER PERSONAL<\/p>\n<p>Prin semnarea Formularului de \u00censcriere, Beneficiarii sunt de acord cu prevederile prezentului Regulament. Prin semnarea Formularului de \u00censcriere, Beneficiarul \u00ee\u0219i exprim\u0103 consim\u021b\u0103m\u00e2ntul expres pentru \u00eenscrierea datelor cu caracter personal \u00een baza de date a grupului In Stil Hotels, precum \u0219i pentru prelucrarea acestor date \u00een concordanta cu <a href=\"https:\/\/hotelstil.ro\/politica-de-confidentialitate\/\">Politica de confiden\u021bialitate<\/a>.<\/p>\n<p>LITIGII<\/p>\n<p>Eventualele litigii ap\u0103rute \u00eentre SC M&amp;T MARKET &amp; TRADE PROFESSIONALS SRL. SC New Hotel Invest SRL, SC Rossimo Real Estate SRL \u0219i Beneficiarii la prezentul Program de loialitate se vor rezolva pe cale amiabil\u0103 sau \u00een cazul \u00een care aceasta nu va fi posibil\u0103, litigiile vor fi solu\u021bionate de instan\u021bele judec\u0103tore\u0219ti competente de la sediul SC M&amp;T MARKET &amp; TRADE PROFESSIONALS SRL, SC New Hotel Invest SRL, SC Rossimo Real Estate SRL.<\/p>\n<p><br><\/p>\n<p><strong>S<\/strong><strong>C M&amp;T MARKET &amp; TRADE PROFESSIONALS SRL<\/strong><\/p>\n<p><strong>CUI: RO12476033<\/strong><\/p>\n<p><strong>Reg, com.: J40\/10575\/1999<\/strong><\/p>\n<p><strong>Sediul: Nicolae Caramfil 63, 014142, Sector 1, Bucuresti, Romania<\/strong><\/p>\n<p><strong>&nbsp;<\/strong><\/p>\n<p><strong>SC New Hotel Invest SRL<\/strong><\/p>\n<p><strong>CIF: RO42066353<\/strong><\/p>\n<p><strong>Reg. com: J40\/17760\/31.12.2019<\/strong><\/p>\n<p><strong>Adresa: Str. Lt. Constantin Marinescu 15, sector 6, Bucuresti<\/strong><\/p>\n<p><strong>&nbsp;<\/strong><\/p>\n<p><strong>SC ROSSIMO REAL ESTATE SRL<\/strong><\/p>\n<p><strong>CUI: 31375442<\/strong><\/p>\n<p><strong>Reg, com.: J40\/3458\/2013<\/strong><\/p>\n<p><strong>Sediul: Nicolae Caramfil 63, 014142, Sector 1, Hotel Stil, Parter, Camera nr. 3, Biroul nr. 2, Bucuresti, Romania<\/strong><\/p>\t\t\t\t\t\t\t\t<\/div>\n\t\t\t\t<\/div>\n\t\t\t\t\t<\/div>\n\t\t<\/div>\n\t\t\t\t\t<\/div>\n\t\t<\/section>\n\t\t\t\t<\/div>","protected":false},"excerpt":{"rendered":"<p>Regulament Campanie Fidelizare SC M&amp;T MARKET &amp; TRADE PROFESSIONALS SRL InStil Loyalty Club Stil Hotel**** Stil Old Town*** Ecletico Villa **** INFORMAREA BENEFICIARILOR Acest Program de fidelizare este organizat \u0219i desf\u0103\u0219urat de grupul InStil Hotels. Beneficiarii programului de fidelitate sunt obliga\u021bi s\u0103 respecte termenii \u0219i condi\u021biile prezentului Regulament potrivit celor prev\u0103zute mai jos [...]<\/p>","protected":false},"author":1,"featured_media":0,"parent":0,"menu_order":0,"comment_status":"closed","ping_status":"closed","template":"","meta":{"footnotes":""},"class_list":["post-3568","page","type-page","status-publish","hentry"],"yoast_head":"<!-- This site is optimized with the Yoast SEO plugin v24.9 - https:\/\/yoast.com\/wordpress\/plugins\/seo\/ -->\n<title>Loyalty Campaign Regulations - INSTILHOTELS<\/title>\n<meta name=\"robots\" content=\"index, follow, max-snippet:-1, max-image-preview:large, max-video-preview:-1\" \/>\n<link rel=\"canonical\" href=\"https:\/\/instilhotels.ro\/ro\/loyalty-campaign-regulations-romania\/\" \/>\n<meta property=\"og:locale\" content=\"ro_RO\" \/>\n<meta property=\"og:type\" content=\"article\" \/>\n<meta property=\"og:title\" content=\"Loyalty Campaign Regulations - INSTILHOTELS\" \/>\n<meta property=\"og:description\" content=\"Regulament Campanie Fidelizare SC M&amp;T MARKET &amp; TRADE PROFESSIONALS SRL InStil Loyalty Club &nbsp; Stil Hotel**** Stil Old Town*** Ecletico Villa **** &nbsp; INFORMAREA BENEFICIARILOR Acest Program de fidelizare este organizat \u015fi desf\u0103\u015furat de grupul InStil Hotels. Beneficiarii programului de fidelitate sunt obliga\u0163i s\u0103 respecte termenii \u015fi condi\u0163iile prezentului Regulament potrivit celor men\u0163ionate mai jos [&hellip;]\" \/>\n<meta property=\"og:url\" content=\"https:\/\/instilhotels.ro\/ro\/loyalty-campaign-regulations-romania\/\" \/>\n<meta property=\"og:site_name\" content=\"INSTILHOTELS\" \/>\n<meta property=\"article:modified_time\" content=\"2025-04-15T21:42:14+00:00\" \/>\n<meta name=\"twitter:card\" content=\"summary_large_image\" \/>\n<meta name=\"twitter:label1\" content=\"Timp estimat pentru citire\" \/>\n\t<meta name=\"twitter:data1\" content=\"7 minute\" \/>\n<script type=\"application\/ld+json\" class=\"yoast-schema-graph\">{\"@context\":\"https:\/\/schema.org\",\"@graph\":[{\"@type\":\"WebPage\",\"@id\":\"https:\/\/instilhotels.ro\/loyalty-campaign-regulations-romania\/\",\"url\":\"https:\/\/instilhotels.ro\/loyalty-campaign-regulations-romania\/\",\"name\":\"Loyalty Campaign Regulations - INSTILHOTELS\",\"isPartOf\":{\"@id\":\"https:\/\/instilhotels.ro\/#website\"},\"datePublished\":\"2024-10-18T17:01:34+00:00\",\"dateModified\":\"2025-04-15T21:42:14+00:00\",\"breadcrumb\":{\"@id\":\"https:\/\/instilhotels.ro\/loyalty-campaign-regulations-romania\/#breadcrumb\"},\"inLanguage\":\"ro-RO\",\"potentialAction\":[{\"@type\":\"ReadAction\",\"target\":[\"https:\/\/instilhotels.ro\/loyalty-campaign-regulations-romania\/\"]}]},{\"@type\":\"BreadcrumbList\",\"@id\":\"https:\/\/instilhotels.ro\/loyalty-campaign-regulations-romania\/#breadcrumb\",\"itemListElement\":[{\"@type\":\"ListItem\",\"position\":1,\"name\":\"Home\",\"item\":\"https:\/\/instilhotels.ro\/\"},{\"@type\":\"ListItem\",\"position\":2,\"name\":\"Loyalty Campaign Regulations\"}]},{\"@type\":\"WebSite\",\"@id\":\"https:\/\/instilhotels.ro\/#website\",\"url\":\"https:\/\/instilhotels.ro\/\",\"name\":\"INSTILHOTELS\",\"description\":\"\",\"publisher\":{\"@id\":\"https:\/\/instilhotels.ro\/#organization\"},\"potentialAction\":[{\"@type\":\"SearchAction\",\"target\":{\"@type\":\"EntryPoint\",\"urlTemplate\":\"https:\/\/instilhotels.ro\/?s={search_term_string}\"},\"query-input\":{\"@type\":\"PropertyValueSpecification\",\"valueRequired\":true,\"valueName\":\"search_term_string\"}}],\"inLanguage\":\"ro-RO\"},{\"@type\":\"Organization\",\"@id\":\"https:\/\/instilhotels.ro\/#organization\",\"name\":\"INSTILHOTELS\",\"url\":\"https:\/\/instilhotels.ro\/\",\"logo\":{\"@type\":\"ImageObject\",\"inLanguage\":\"ro-RO\",\"@id\":\"https:\/\/instilhotels.ro\/#\/schema\/logo\/image\/\",\"url\":\"https:\/\/instilhotels.ro\/wp-content\/uploads\/2024\/10\/cropped-Instillogo_editabil.pdf-1_2-1.png\",\"contentUrl\":\"https:\/\/instilhotels.ro\/wp-content\/uploads\/2024\/10\/cropped-Instillogo_editabil.pdf-1_2-1.png\",\"width\":1560,\"height\":1561,\"caption\":\"INSTILHOTELS\"},\"image\":{\"@id\":\"https:\/\/instilhotels.ro\/#\/schema\/logo\/image\/\"}}]}<\/script>\n<!-- \/ Yoast SEO plugin. -->","yoast_head_json":{"title":"Loyalty Campaign Regulations - INSTILHOTELS","robots":{"index":"index","follow":"follow","max-snippet":"max-snippet:-1","max-image-preview":"max-image-preview:large","max-video-preview":"max-video-preview:-1"},"canonical":"https:\/\/instilhotels.ro\/ro\/loyalty-campaign-regulations-romania\/","og_locale":"ro_RO","og_type":"article","og_title":"Loyalty Campaign Regulations - INSTILHOTELS","og_description":"Regulament Campanie Fidelizare SC M&amp;T MARKET &amp; TRADE PROFESSIONALS SRL InStil Loyalty Club &nbsp; Stil Hotel**** Stil Old Town*** Ecletico Villa **** &nbsp; INFORMAREA BENEFICIARILOR Acest Program de fidelizare este organizat \u015fi desf\u0103\u015furat de grupul InStil Hotels. Beneficiarii programului de fidelitate sunt obliga\u0163i s\u0103 respecte termenii \u015fi condi\u0163iile prezentului Regulament potrivit celor men\u0163ionate mai jos [&hellip;]","og_url":"https:\/\/instilhotels.ro\/ro\/loyalty-campaign-regulations-romania\/","og_site_name":"INSTILHOTELS","article_modified_time":"2025-04-15T21:42:14+00:00","twitter_card":"summary_large_image","twitter_misc":{"Timp estimat pentru citire":"7 minute"},"schema":{"@context":"https:\/\/schema.org","@graph":[{"@type":"WebPage","@id":"https:\/\/instilhotels.ro\/loyalty-campaign-regulations-romania\/","url":"https:\/\/instilhotels.ro\/loyalty-campaign-regulations-romania\/","name":"Loyalty Campaign Regulations - INSTILHOTELS","isPartOf":{"@id":"https:\/\/instilhotels.ro\/#website"},"datePublished":"2024-10-18T17:01:34+00:00","dateModified":"2025-04-15T21:42:14+00:00","breadcrumb":{"@id":"https:\/\/instilhotels.ro\/loyalty-campaign-regulations-romania\/#breadcrumb"},"inLanguage":"ro-RO","potentialAction":[{"@type":"ReadAction","target":["https:\/\/instilhotels.ro\/loyalty-campaign-regulations-romania\/"]}]},{"@type":"BreadcrumbList","@id":"https:\/\/instilhotels.ro\/loyalty-campaign-regulations-romania\/#breadcrumb","itemListElement":[{"@type":"ListItem","position":1,"name":"Home","item":"https:\/\/instilhotels.ro\/"},{"@type":"ListItem","position":2,"name":"Loyalty Campaign Regulations"}]},{"@type":"WebSite","@id":"https:\/\/instilhotels.ro\/#website","url":"https:\/\/instilhotels.ro\/","name":"INSTILHOTELS","description":"","publisher":{"@id":"https:\/\/instilhotels.ro\/#organization"},"potentialAction":[{"@type":"SearchAction","target":{"@type":"EntryPoint","urlTemplate":"https:\/\/instilhotels.ro\/?s={search_term_string}"},"query-input":{"@type":"PropertyValueSpecification","valueRequired":true,"valueName":"search_term_string"}}],"inLanguage":"ro-RO"},{"@type":"Organization","@id":"https:\/\/instilhotels.ro\/#organization","name":"INSTILHOTELS","url":"https:\/\/instilhotels.ro\/","logo":{"@type":"ImageObject","inLanguage":"ro-RO","@id":"https:\/\/instilhotels.ro\/#\/schema\/logo\/image\/","url":"https:\/\/instilhotels.ro\/wp-content\/uploads\/2024\/10\/cropped-Instillogo_editabil.pdf-1_2-1.png","contentUrl":"https:\/\/instilhotels.ro\/wp-content\/uploads\/2024\/10\/cropped-Instillogo_editabil.pdf-1_2-1.png","width":1560,"height":1561,"caption":"INSTILHOTELS"},"image":{"@id":"https:\/\/instilhotels.ro\/#\/schema\/logo\/image\/"}}]}},"_links":{"self":[{"href":"https:\/\/instilhotels.ro\/ro\/wp-json\/wp\/v2\/pages\/3568","targetHints":{"allow":["GET"]}}],"collection":[{"href":"https:\/\/instilhotels.ro\/ro\/wp-json\/wp\/v2\/pages"}],"about":[{"href":"https:\/\/instilhotels.ro\/ro\/wp-json\/wp\/v2\/types\/page"}],"author":[{"embeddable":true,"href":"https:\/\/instilhotels.ro\/ro\/wp-json\/wp\/v2\/users\/1"}],"replies":[{"embeddable":true,"href":"https:\/\/instilhotels.ro\/ro\/wp-json\/wp\/v2\/comments?post=3568"}],"version-history":[{"count":4,"href":"https:\/\/instilhotels.ro\/ro\/wp-json\/wp\/v2\/pages\/3568\/revisions"}],"predecessor-version":[{"id":3577,"href":"https:\/\/instilhotels.ro\/ro\/wp-json\/wp\/v2\/pages\/3568\/revisions\/3577"}],"wp:attachment":[{"href":"https:\/\/instilhotels.ro\/ro\/wp-json\/wp\/v2\/media?parent=3568"}],"curies":[{"name":"wp","href":"https:\/\/api.w.org\/{rel}","templated":true}]}}