{"id":3562,"date":"2024-10-18T19:57:22","date_gmt":"2024-10-18T16:57:22","guid":{"rendered":"https:\/\/instilhotels.ro\/?page_id=3562"},"modified":"2025-04-16T00:13:29","modified_gmt":"2025-04-15T21:13:29","slug":"loyalty-campaign-regulations","status":"publish","type":"page","link":"https:\/\/instilhotels.ro\/ro\/loyalty-campaign-regulations\/","title":{"rendered":"Regulament Campanie Fidelizare"},"content":{"rendered":"<div data-elementor-type=\"wp-page\" data-elementor-id=\"3562\" class=\"elementor elementor-3562\" data-elementor-post-type=\"page\">\n\t\t\t\t\t\t<section class=\"elementor-section elementor-top-section elementor-element elementor-element-7e5aa4d4 elementor-section-boxed elementor-section-height-default elementor-section-height-default\" data-id=\"7e5aa4d4\" data-element_type=\"section\">\n\t\t\t\t\t\t<div class=\"elementor-container elementor-column-gap-default\">\n\t\t\t\t\t<div class=\"elementor-column elementor-col-100 elementor-top-column elementor-element elementor-element-7b09dc72\" data-id=\"7b09dc72\" data-element_type=\"column\">\n\t\t\t<div class=\"elementor-widget-wrap elementor-element-populated\">\n\t\t\t\t\t\t<div class=\"elementor-element elementor-element-42c810bc elementor-widget elementor-widget-text-editor\" data-id=\"42c810bc\" data-element_type=\"widget\" data-widget_type=\"text-editor.default\">\n\t\t\t\t<div class=\"elementor-widget-container\">\n\t\t\t\t\t\t\t\t\t<p><strong>Regulament Campanie Fidelizare<\/strong><\/p>\n<p><strong>SC M&amp;T MARKET &amp; TRADE PROFESSIONALS SRL<\/strong><\/p>\n<p><strong>Clubul de loialitate InStil<\/strong><\/p>\n<p>&nbsp;<\/p>\n<ul>\n<li>Stil Hotel****<\/li>\n<li>Stil Ora\u0219ul Vechi***<\/li>\n<li>Ecletico Villa****<\/li>\n<\/ul>\n<p>&nbsp;<\/p>\n<p><strong>INFORMAREA BENEFICIARILOR<\/strong><\/p>\n<p>Acest Program de fidelizare este organizat \u015fi desf\u0103\u015furat de grupul In Stil Hotels.<\/p>\n<p>Beneficiarii programului de fidelitate sunt obliga\u0163i s\u0103 respecte termenii \u015fi condi\u0163iile prezentului Regulament potrivit celor men\u0163ionate mai jos (denumit \u00een continuare \u201eRegulament\u201d).<\/p>\n<p>Regulamentul este disponibil pentru consultare la sediul societ\u0103\u021bilor precum \u015fi pe site-ul <a href=\"\/ro\/www.instilhotels.ro\/\">www.instilhotels.ro<\/a>;<\/p>\n<p>Grupul In Stil Hotels \u00ee\u015fi rezerv\u0103 dreptul de a modifica sau schimba prezentul Regulament, urm\u00e2nd ca astfel de modific\u0103ri s\u0103 intre \u00een vigoare incepand cu a doua zi de la data publicarii acestuia pe site.<\/p>\n<p><br><\/p>\n<p><strong>MODUL DE APLICABILITATE<\/strong><\/p>\n<p>Codul de loialitate este aplicabil doar \u00een unul din hotelurile din cadrul grupului In Stil Hotels ce apar\u021bin societ\u0103\u021bilor M&amp;T Market &amp; Trade Professionals SRL, New Hotel Invest SRL \u0219i Rossimo Real Estate SRL.<\/p>\n<p>- Stil Hotel****, Stil Old Town ***, Ecletico Villa **** din Bucure\u0219ti.<\/p>\n<p>&nbsp;<\/p>\n<p><strong>DURATA PROGRAMULUI<\/strong><\/p>\n<p>Programul de loialitate are durat\u0103 nelimitat\u0103. Grupul In Stil Hotels are dreptul s\u0103 hot\u0103rasc\u0103 \u00een orice moment \u00eencetarea sau modificarea programului de loialitate.<\/p>\n<p>\u00cen\u015ftiin\u0163area referitoare la \u00eencetarea Programului de loialitate va fi afi\u015fat\u0103 de In Stil Hotels cu cel pu\u021bin 30 zile \u00eenainte de data \u00eencet\u0103rii acestuia, la sediul societ\u0103tilor, \u00eentr-un loc vizibil,\u00a0 precum \u015fi pe site-ul instilhotels.ro. <a href=\"https:\/\/instilhotels.ro\/ro\/\">instilhotels.ro<\/a> site-ul web.<\/p>\n<p>Programul de\u00a0 fidelizare\u00a0 se\u00a0 va\u00a0 desf\u0103\u015fura\u00a0 \u00een\u00a0 conformitate\u00a0 cu\u00a0 prevederile\u00a0 prezentului Regulament.<\/p>\n<p>&nbsp;<\/p>\n<p><strong>CONDITII DE PARTICIPARE<\/strong><\/p>\n<p>Poate fi membru al Programului de loialitate orice turist, persoana fizic\u0103 sau juridic\u0103, av\u00e2nd minim 18 ani \u00eemplini\u0163i care a beneficiat de serviciile de cazare intr-unul din hoteluri, minim 1 noapte.<\/p>\n<p>Beneficiarul este obligat s\u0103 furnizeze toate datele necesare pentru completarea integral\u0103 a datelor necesare in cadrul unui formular inmanat la receptia hotelului, respectiv: nume, prenume, dat\u0103 na\u015ftere, num\u0103r telefon mobil, adres\u0103 de\u00a0 \u00a0 \u00a0 email \u0219i semn\u0103tur\u0103.<\/p>\n<p>Formularul nesemnat sau ce con\u021bine date incomplete sau eronate nu este valid, ceea ce atrage dup\u0103 sine imposibilitatea beneficierii de discounturi acordate conform programului de loialitate.<\/p>\n<p>Dup\u0103 semnarea Formularului \u0219i predarea acestuia c\u0103tre personalul de la recep\u021bie, acesta se\u00a0 salveaz\u0103 \u00een format electronic \u0219i se va transmite un cod unic de discount \u00een format fizic sub form\u0103 de card sau prin po\u0219ta electronica sau sms, oferind acces la discount pentru urmatoarea achizitie de servicii turstice in cadrul hotelurilor.<\/p>\n<p>Codurile de discount sunt disponibile clien\u0163ilor \u00een mod gratuit, pe loc, ca urmare a efectu\u0103rii sejurului, \u00een schimbul complet\u0103rii \u015fi semn\u0103rii Formularului de \u00censcriere \u00een Programul de loialitate.<\/p>\n<p>&nbsp;<\/p>\n<p><strong>MECANISMUL PROGRAMULUI<\/strong><\/p>\n<p>Beneficiarii programului de fidelitate vor beneficia de reduceri diferen\u021biate aplicate \u00een func\u021bie de num\u0103rul de nop\u021bi petrecute \u00een hoteluri <strong>Stil Hotel, Stil Old Town <\/strong><strong>\u0219i Ecletico Villa<\/strong> pentru orice rezervare f\u0103cut\u0103 prin intermediul recep\u021biei hotelului\/ biroului de marketing\/ site-ului web, iar reducerea se va aplica numai tarifelor\/ pachetelor de la recep\u021bie (pre\u021bul de baz\u0103):<\/p>\n<ul>\n<li>BRONZ \u2013 5%: se acord\u0103 turistilor care au beneficiat de serviciile de cazare \u00een cadrul hotelului minim 5 nopti;<\/li>\n<li>SILVER \u2013 10%: se acord\u0103 turi\u0219tilor care au petrecut \u00eentre 11 \u0219i 20 nop\u021bi in cadrul hotelurilor;<\/li>\n<li>GOLD \u2013 15%: se acorda turistilor care au petrecut \u00eentre 21 si 30 nopti in cadrul hotelurilor;<\/li>\n<li>VIP \u2013 20%: se acorda turi\u0219tilor care au beneficiat de serviciile de cazare minim 31 nopti.<\/li>\n<\/ul>\n<p>&nbsp;<\/p>\n<p>* fiecare nivel de loialitate \u00ee\u0219i p\u0103streaz\u0103 valabilitatea pe perioada nedeterminat\u0103 sau p\u00e2n\u0103 la noi modific\u0103ri ale regulamentului, daca se \u00eendepline\u0219te num\u0103rul minim de nop\u021bi men\u021bionat la fiecare nivel \u00een parte. Daca \u00een termen de 24 luni, turistul nu acumuleaz\u0103 num\u0103rul minim de nop\u021bi aferent fiec\u0103rui nivel \u00een parte, nivelul s\u0103u de loialitate va cobor\u00ee automat la nivelul inferior, \u00eensemn\u00e2nd si diminuarea reducerii conform noului statut.<\/p>\n<p>&nbsp;<\/p>\n<p>Codurile au dubla utilizare, fiind individuale dar \u0219i transmisibile.<\/p>\n<p>Cardul poate fi transmisibil (poate fi utilizat \u0219i de o alt\u0103 persoan\u0103 dec\u00e2t titularul) \u0219i se va aplica discountul \u00een func\u021bie de num\u0103rul de nop\u021bi cumulat de c\u0103tre titular.<\/p>\n<p>&nbsp;<\/p>\n<p><strong>FOLOSIREA CODULUI DE LOIALITATE<\/strong><\/p>\n<p>Posesorul Codului de loialitate \u00ee\u015fi asum\u0103 \u00eentreaga responsabilitate privind orice problem\u0103 care poate s\u0103 apar\u0103 \u00een legatur\u0103 cu utilizarea beneficiilor Cardului de fidelitate de c\u0103tre alte persoane.<\/p>\n<p>Pentru a beneficia de discount, beneficiarul va trebui s\u0103 anun\u0163e c\u0103 este integrat \u00een programul de loialitate \u015fi s\u0103 prezinte Codul de loialitate la recep\u021bia hotelului \u00een prealabil achit\u0103rii serviciilor.<\/p>\n<p>\u00cen cazul \u00een care Participantul nu este \u00een posesia Codului de loialitate, nu se va putea acorda\u00a0 discount la pachetul achizi\u021bionat.<\/p>\n<p>Turistul poate beneficia de discountul de loialitate, nefiind aplicabil \u00een cazul serviciilor suplimentare pentru care opteaz\u0103 \u00een timpul sejurului. Discountul acordat se aplic\u0103 din pre\u021bul de recep\u021bie (pre\u021b de baz\u0103) conform codului de loialitate \u0219i nu se poate cumula cu alte discounturi oferite la acela\u0219i pachet\/ofert\u0103,\u00a0 situa\u021bie \u00een care se poate opta pentru discountul cel mai avantajos (ex. oferte last minute, early booking, vouchere de discount pentru anumite oferte speciale etc).<\/p>\n<p>Dac\u0103 un cod de loialitate a fost furat sau pierdut, evenimentul trebuie anun\u0163at \u00een maxim 24 de ore la recep\u021bia hotelurilor, \u00een vederea anularii codului aflat \u00eentr-una dintre aceste situa\u021bii. \u00cen caz contrar, Participantul \u00ee\u015fi asum\u0103 orice utilizare ilegal\u0103 a codului de loialitate pierdut sau furat. Odat\u0103 cu \u00een\u015ftiin\u0163area, se vor comunica numele \u0219i prenumele, telefonul \u0219i data na\u0219terii ale titularului.<\/p>\n<p>&nbsp;<\/p>\n<p><strong>ACORDAREA DE RELA\u021aII CU PRIVIRE LA FUNC\u021aIONAREA CARDURILOR<\/strong><\/p>\n<p>Beneficiarii de Programului de Loialitate pot ob\u0163ine informa\u0163ii referitoare la func\u0163ionarea \u015fi folosirea codului de loialitate apel\u00e2nd Receptia Stil Hotel**** la numarul de telefon 0772.029.192. Tot la acest num\u0103r, beneficiarul Codului va anun\u0163a f\u0103r\u0103 \u00eentarziere orice schimbare a datelor personale comunicate prin Formularul de \u00censcriere \u015fi, de asemenea, va anun\u0163a pierderea sau furtul codului de loialitate.<\/p>\n<p>\u00cen scopul protej\u0103rii datelor personale ale Beneficiarilor la Programul de loialitate, In Stil Hotels va solicita informa\u0163ii \u0219i date cu caracter personal pentru a stabili identitatea beneficiarului.<\/p>\n<p>&nbsp;<\/p>\n<p><strong>PROTEC\u021aIA DATELOR CU CARACTER PERSONAL<\/strong><\/p>\n<p>Prin semnarea Formularului de \u00censcriere, Beneficiarii sunt de acord cu prevederile prezentului Regulament. Prin semnarea Formularului de \u00censcriere, Beneficiarul \u00ee\u015fi exprim\u0103\u00a0 consim\u0163\u0103m\u00e2ntul expres pentru \u00eenscrierea datelor cu caracter personal \u00een baza de date a grupului In Stil Hotels, precum \u015fi pentru prelucrarea acestor date \u00een concordanta cu Politica de confidentialitate.<\/p>\n<p>&nbsp;<\/p>\n<p><strong>LITIGII<\/strong><\/p>\n<p>Eventualele litigii ap\u0103rute \u00eentre SC M&amp;T MARKET &amp; TRADE PROFESSIONALS SRL. SC New Hotel Invest SRL, SC Rossimo Real Estate SRL \u015fi Beneficiarii la prezentul Program de loialitate se vor rezolva pe cale amiabil\u0103 sau \u00een cazul \u00een care aceasta nu va fi posibil\u0103, litigiile vor fi solu\u0163ionate de instan\u0163ele judec\u0103tore\u015fti competente de la sediul SC M&amp;T MARKET &amp; TRADE PROFESSIONALS SRL, SC New Hotel Invest SRL, SC Rossimo Real Estate SRL.<\/p>\n<p><strong>SC M&amp;T MARKET &amp; TRADE PROFESSIONALS SRL<\/strong><\/p>\n<p><strong>CUI: RO12476033<\/strong><\/p>\n<p><strong>Reg, com.: J40\/10575\/1999<\/strong><\/p>\n<p><strong>Sediul: Nicolae Caramfil 63, 014142, Sector 1, Bucuresti, Romania<\/strong><\/p>\n<p><strong>&nbsp;<\/strong><\/p>\n<p><strong>SC New Hotel Invest SRL<\/strong><\/p>\n<p><strong>CIF: RO42066353<\/strong><\/p>\n<p><strong>Reg. com: J40\/17760\/31.12.2019<\/strong><\/p>\n<p><strong>Adresa: Str. Lt. Constantin Marinescu 15, sector 6, Bucuresti\n\n\u00a0<\/strong><\/p>\n<p><strong>&nbsp;<\/strong><\/p>\n<p><strong>SC ROSSIMO REAL ESTATE SRL<\/strong><\/p>\n<p><strong>CUI: 31375442<\/strong><\/p>\n<p><strong>Reg, com.: J40\/3458\/2013<\/strong><\/p>\n<p><strong>Sediul: Nicolae Caramfil 63, 014142, Sector 1, Hotel Stil, Parter, Camera nr. 3, Biroul nr. 2, Bucuresti, Romania<\/strong><\/p>\t\t\t\t\t\t\t\t<\/div>\n\t\t\t\t<\/div>\n\t\t\t\t\t<\/div>\n\t\t<\/div>\n\t\t\t\t\t<\/div>\n\t\t<\/section>\n\t\t\t\t<\/div>","protected":false},"excerpt":{"rendered":"<p>Regulamentul Campaniei de Fidelizare SC M&amp;T MARKET &amp; TRADE PROFESSIONALS SRL InStil Loyalty Club Stil Hotel**** Stil Old Town*** Ecletico Villa**** INFORMA\u021aII PENTRU BENEFICIARI Programul de Fidelizare este organizat \u0219i dezvoltat de InStil Hotels Group. Beneficiarii programului de loialitate trebuie s\u0103 respecte termenii \u0219i condi\u021biile prezentului regulament, astfel cum sunt men\u021bionate mai jos (\u00een continuare [...]<\/p>","protected":false},"author":1,"featured_media":0,"parent":0,"menu_order":0,"comment_status":"closed","ping_status":"closed","template":"","meta":{"footnotes":""},"class_list":["post-3562","page","type-page","status-publish","hentry"],"yoast_head":"<!-- This site is optimized with the Yoast SEO plugin v24.9 - https:\/\/yoast.com\/wordpress\/plugins\/seo\/ -->\n<title>Loyalty Campaign Regulations - INSTILHOTELS<\/title>\n<meta name=\"robots\" content=\"index, follow, max-snippet:-1, max-image-preview:large, max-video-preview:-1\" \/>\n<link rel=\"canonical\" href=\"https:\/\/instilhotels.ro\/ro\/loyalty-campaign-regulations\/\" \/>\n<meta property=\"og:locale\" content=\"ro_RO\" \/>\n<meta property=\"og:type\" content=\"article\" \/>\n<meta property=\"og:title\" content=\"Loyalty Campaign Regulations - INSTILHOTELS\" \/>\n<meta property=\"og:description\" content=\"Loyalty Campaign Regulations SC M&amp;T MARKET &amp; TRADE PROFESSIONALS SRL InStil Loyalty Club &nbsp; Stil Hotel**** Stil Old Town*** Ecletico Villa**** &nbsp; INFORMATION TO BENEFICIARIES The Loyalty Program is organized and developed by InStil Hotels Group. Beneficiaries of the loyalty program must comply with the terms and conditions of this Regulation as mentioned below (hereinafter [&hellip;]\" \/>\n<meta property=\"og:url\" content=\"https:\/\/instilhotels.ro\/ro\/loyalty-campaign-regulations\/\" \/>\n<meta property=\"og:site_name\" content=\"INSTILHOTELS\" \/>\n<meta property=\"article:modified_time\" content=\"2025-04-15T21:13:29+00:00\" \/>\n<meta name=\"twitter:card\" content=\"summary_large_image\" \/>\n<meta name=\"twitter:label1\" content=\"Timp estimat pentru citire\" \/>\n\t<meta name=\"twitter:data1\" content=\"6 minute\" \/>\n<script type=\"application\/ld+json\" class=\"yoast-schema-graph\">{\"@context\":\"https:\/\/schema.org\",\"@graph\":[{\"@type\":\"WebPage\",\"@id\":\"https:\/\/instilhotels.ro\/loyalty-campaign-regulations\/\",\"url\":\"https:\/\/instilhotels.ro\/loyalty-campaign-regulations\/\",\"name\":\"Loyalty Campaign Regulations - INSTILHOTELS\",\"isPartOf\":{\"@id\":\"https:\/\/instilhotels.ro\/#website\"},\"datePublished\":\"2024-10-18T16:57:22+00:00\",\"dateModified\":\"2025-04-15T21:13:29+00:00\",\"breadcrumb\":{\"@id\":\"https:\/\/instilhotels.ro\/loyalty-campaign-regulations\/#breadcrumb\"},\"inLanguage\":\"ro-RO\",\"potentialAction\":[{\"@type\":\"ReadAction\",\"target\":[\"https:\/\/instilhotels.ro\/loyalty-campaign-regulations\/\"]}]},{\"@type\":\"BreadcrumbList\",\"@id\":\"https:\/\/instilhotels.ro\/loyalty-campaign-regulations\/#breadcrumb\",\"itemListElement\":[{\"@type\":\"ListItem\",\"position\":1,\"name\":\"Home\",\"item\":\"https:\/\/instilhotels.ro\/\"},{\"@type\":\"ListItem\",\"position\":2,\"name\":\"Loyalty Campaign Regulations\"}]},{\"@type\":\"WebSite\",\"@id\":\"https:\/\/instilhotels.ro\/#website\",\"url\":\"https:\/\/instilhotels.ro\/\",\"name\":\"INSTILHOTELS\",\"description\":\"\",\"publisher\":{\"@id\":\"https:\/\/instilhotels.ro\/#organization\"},\"potentialAction\":[{\"@type\":\"SearchAction\",\"target\":{\"@type\":\"EntryPoint\",\"urlTemplate\":\"https:\/\/instilhotels.ro\/?s={search_term_string}\"},\"query-input\":{\"@type\":\"PropertyValueSpecification\",\"valueRequired\":true,\"valueName\":\"search_term_string\"}}],\"inLanguage\":\"ro-RO\"},{\"@type\":\"Organization\",\"@id\":\"https:\/\/instilhotels.ro\/#organization\",\"name\":\"INSTILHOTELS\",\"url\":\"https:\/\/instilhotels.ro\/\",\"logo\":{\"@type\":\"ImageObject\",\"inLanguage\":\"ro-RO\",\"@id\":\"https:\/\/instilhotels.ro\/#\/schema\/logo\/image\/\",\"url\":\"https:\/\/instilhotels.ro\/wp-content\/uploads\/2024\/10\/cropped-Instillogo_editabil.pdf-1_2-1.png\",\"contentUrl\":\"https:\/\/instilhotels.ro\/wp-content\/uploads\/2024\/10\/cropped-Instillogo_editabil.pdf-1_2-1.png\",\"width\":1560,\"height\":1561,\"caption\":\"INSTILHOTELS\"},\"image\":{\"@id\":\"https:\/\/instilhotels.ro\/#\/schema\/logo\/image\/\"}}]}<\/script>\n<!-- \/ Yoast SEO plugin. -->","yoast_head_json":{"title":"Loyalty Campaign Regulations - INSTILHOTELS","robots":{"index":"index","follow":"follow","max-snippet":"max-snippet:-1","max-image-preview":"max-image-preview:large","max-video-preview":"max-video-preview:-1"},"canonical":"https:\/\/instilhotels.ro\/ro\/loyalty-campaign-regulations\/","og_locale":"ro_RO","og_type":"article","og_title":"Loyalty Campaign Regulations - INSTILHOTELS","og_description":"Loyalty Campaign Regulations SC M&amp;T MARKET &amp; TRADE PROFESSIONALS SRL InStil Loyalty Club &nbsp; Stil Hotel**** Stil Old Town*** Ecletico Villa**** &nbsp; INFORMATION TO BENEFICIARIES The Loyalty Program is organized and developed by InStil Hotels Group. Beneficiaries of the loyalty program must comply with the terms and conditions of this Regulation as mentioned below (hereinafter [&hellip;]","og_url":"https:\/\/instilhotels.ro\/ro\/loyalty-campaign-regulations\/","og_site_name":"INSTILHOTELS","article_modified_time":"2025-04-15T21:13:29+00:00","twitter_card":"summary_large_image","twitter_misc":{"Timp estimat pentru citire":"6 minute"},"schema":{"@context":"https:\/\/schema.org","@graph":[{"@type":"WebPage","@id":"https:\/\/instilhotels.ro\/loyalty-campaign-regulations\/","url":"https:\/\/instilhotels.ro\/loyalty-campaign-regulations\/","name":"Loyalty Campaign Regulations - INSTILHOTELS","isPartOf":{"@id":"https:\/\/instilhotels.ro\/#website"},"datePublished":"2024-10-18T16:57:22+00:00","dateModified":"2025-04-15T21:13:29+00:00","breadcrumb":{"@id":"https:\/\/instilhotels.ro\/loyalty-campaign-regulations\/#breadcrumb"},"inLanguage":"ro-RO","potentialAction":[{"@type":"ReadAction","target":["https:\/\/instilhotels.ro\/loyalty-campaign-regulations\/"]}]},{"@type":"BreadcrumbList","@id":"https:\/\/instilhotels.ro\/loyalty-campaign-regulations\/#breadcrumb","itemListElement":[{"@type":"ListItem","position":1,"name":"Home","item":"https:\/\/instilhotels.ro\/"},{"@type":"ListItem","position":2,"name":"Loyalty Campaign Regulations"}]},{"@type":"WebSite","@id":"https:\/\/instilhotels.ro\/#website","url":"https:\/\/instilhotels.ro\/","name":"INSTILHOTELS","description":"","publisher":{"@id":"https:\/\/instilhotels.ro\/#organization"},"potentialAction":[{"@type":"SearchAction","target":{"@type":"EntryPoint","urlTemplate":"https:\/\/instilhotels.ro\/?s={search_term_string}"},"query-input":{"@type":"PropertyValueSpecification","valueRequired":true,"valueName":"search_term_string"}}],"inLanguage":"ro-RO"},{"@type":"Organization","@id":"https:\/\/instilhotels.ro\/#organization","name":"INSTILHOTELS","url":"https:\/\/instilhotels.ro\/","logo":{"@type":"ImageObject","inLanguage":"ro-RO","@id":"https:\/\/instilhotels.ro\/#\/schema\/logo\/image\/","url":"https:\/\/instilhotels.ro\/wp-content\/uploads\/2024\/10\/cropped-Instillogo_editabil.pdf-1_2-1.png","contentUrl":"https:\/\/instilhotels.ro\/wp-content\/uploads\/2024\/10\/cropped-Instillogo_editabil.pdf-1_2-1.png","width":1560,"height":1561,"caption":"INSTILHOTELS"},"image":{"@id":"https:\/\/instilhotels.ro\/#\/schema\/logo\/image\/"}}]}},"_links":{"self":[{"href":"https:\/\/instilhotels.ro\/ro\/wp-json\/wp\/v2\/pages\/3562","targetHints":{"allow":["GET"]}}],"collection":[{"href":"https:\/\/instilhotels.ro\/ro\/wp-json\/wp\/v2\/pages"}],"about":[{"href":"https:\/\/instilhotels.ro\/ro\/wp-json\/wp\/v2\/types\/page"}],"author":[{"embeddable":true,"href":"https:\/\/instilhotels.ro\/ro\/wp-json\/wp\/v2\/users\/1"}],"replies":[{"embeddable":true,"href":"https:\/\/instilhotels.ro\/ro\/wp-json\/wp\/v2\/comments?post=3562"}],"version-history":[{"count":4,"href":"https:\/\/instilhotels.ro\/ro\/wp-json\/wp\/v2\/pages\/3562\/revisions"}],"predecessor-version":[{"id":3573,"href":"https:\/\/instilhotels.ro\/ro\/wp-json\/wp\/v2\/pages\/3562\/revisions\/3573"}],"wp:attachment":[{"href":"https:\/\/instilhotels.ro\/ro\/wp-json\/wp\/v2\/media?parent=3562"}],"curies":[{"name":"wp","href":"https:\/\/api.w.org\/{rel}","templated":true}]}}