{"id":2683,"date":"2024-01-13T15:52:08","date_gmt":"2024-01-13T12:52:08","guid":{"rendered":"https:\/\/instilhotels.ro\/?page_id=2683"},"modified":"2024-10-18T19:51:03","modified_gmt":"2024-10-18T16:51:03","slug":"blog","status":"publish","type":"page","link":"https:\/\/instilhotels.ro\/ro\/blog\/","title":{"rendered":"Blog"},"content":{"rendered":"<div data-elementor-type=\"wp-page\" data-elementor-id=\"2683\" class=\"elementor elementor-2683\" data-elementor-post-type=\"page\">\n\t\t\t\t\t\t<section class=\"elementor-section elementor-top-section elementor-element elementor-element-3c87b88c elementor-section-full_width elementor-section-height-default elementor-section-height-default\" data-id=\"3c87b88c\" data-element_type=\"section\">\n\t\t\t\t\t\t<div class=\"elementor-container elementor-column-gap-default\">\n\t\t\t\t\t<div class=\"elementor-column elementor-col-100 elementor-top-column elementor-element elementor-element-2ff41b48\" data-id=\"2ff41b48\" data-element_type=\"column\" data-settings=\"{&quot;motion_fx_motion_fx_scrolling&quot;:&quot;yes&quot;,&quot;motion_fx_translateX_effect&quot;:&quot;yes&quot;,&quot;motion_fx_translateX_speed&quot;:{&quot;unit&quot;:&quot;px&quot;,&quot;size&quot;:&quot;1&quot;,&quot;sizes&quot;:[]},&quot;motion_fx_translateX_affectedRange&quot;:{&quot;unit&quot;:&quot;%&quot;,&quot;size&quot;:&quot;&quot;,&quot;sizes&quot;:{&quot;start&quot;:&quot;0&quot;,&quot;end&quot;:&quot;50&quot;}},&quot;motion_fx_devices&quot;:[&quot;desktop&quot;]}\">\n\t\t\t<div class=\"elementor-widget-wrap elementor-element-populated\">\n\t\t\t\t\t\t<div class=\"elementor-element elementor-element-9d4ab31 elementor-widget-divider--view-line_text elementor-widget-divider--element-align-left elementor-widget elementor-widget-divider\" data-id=\"9d4ab31\" data-element_type=\"widget\" data-widget_type=\"divider.default\">\n\t\t\t\t<div class=\"elementor-widget-container\">\n\t\t\t\t\t\t\t<div class=\"elementor-divider\">\n\t\t\t<span class=\"elementor-divider-separator\">\n\t\t\t\t\t\t\t<span class=\"elementor-divider__text elementor-divider__element\">\n\t\t\t\t- <b>Blog<\/b>\t\t\t\t<\/span>\n\t\t\t\t\t\t<\/span>\n\t\t<\/div>\n\t\t\t\t\t\t<\/div>\n\t\t\t\t<\/div>\n\t\t\t\t<div class=\"elementor-element elementor-element-f6c1106 elementor-widget elementor-widget-text-editor\" data-id=\"f6c1106\" data-element_type=\"widget\" data-widget_type=\"text-editor.default\">\n\t\t\t\t<div class=\"elementor-widget-container\">\n\t\t\t\t\t\t\t\t\t<p><strong>Bine a\u021bi venit pe blogul InStil Hotels, ghidul dvs. prietenos pentru a naviga prin ora\u0219ul vibrant Bucure\u0219ti \u0219i pentru a profita la maximum de \u0219ederea dvs. \u00een hotelurile noastre personalizate. <\/strong><\/p><p><strong>Acest blog este o colec\u021bie de articole, sfaturi din interior \u0219i recomand\u0103ri locale, concepute cu g\u00e2ndul la cea mai bun\u0103 experien\u021b\u0103 a oaspe\u021bilor no\u0219tri.<\/strong><\/p><p><strong>Explor\u0103m totul, de la farmecul istoric al Centrului Vechi al Bucure\u0219tiului p\u00e2n\u0103 la scena gastronomic\u0103 plin\u0103 de via\u021b\u0103 a ora\u0219ului. Descoperi\u021bi atrac\u021biile locale, afla\u021bi despre buc\u0103t\u0103ria tradi\u021bional\u0103 rom\u00e2neasc\u0103 sau \u00een\u021belege\u021bi sistemul de transport public al ora\u0219ului - toate \u00een cadrul post\u0103rilor noastre pe blog. <\/strong><\/p><p><strong>Echipa noastr\u0103 dedicat\u0103 actualizeaz\u0103 periodic blogul cu con\u021binut captivant care v\u0103 ajut\u0103 s\u0103 v\u0103 planifica\u021bi \u0219i s\u0103 v\u0103 \u00eembog\u0103\u021bi\u021bi experien\u021ba \u00een Bucure\u0219ti. V\u0103 \u00eemp\u0103rt\u0103\u0219im bijuteriile ascunse, preferatele locale \u0219i cuno\u0219tin\u021bele din interior pe care nu le ve\u021bi g\u0103si \u00een ghidurile tipice. Fie c\u0103 sunte\u021bi \u00een vizit\u0103 de afaceri sau de pl\u0103cere, blogul nostru \u00ee\u0219i propune s\u0103 v\u0103 ajute s\u0103 descoperi\u021bi Bucure\u0219tiul \u00eentr-un mod lipsit de complica\u021bii. <\/strong><\/p><p><strong>A\u0219adar, preg\u0103te\u0219te-te s\u0103 descoperi secretele Bucure\u0219tiului \u0219i s\u0103 te scufunzi \u00een cultura local\u0103, pe r\u00e2nd. <\/strong><\/p>\t\t\t\t\t\t\t\t<\/div>\n\t\t\t\t<\/div>\n\t\t\t\t\t<\/div>\n\t\t<\/div>\n\t\t\t\t\t<\/div>\n\t\t<\/section>\n\t\t\t\t<section class=\"elementor-section elementor-top-section elementor-element elementor-element-148a8f2f elementor-section-full_width elementor-section-height-default elementor-section-height-default\" data-id=\"148a8f2f\" data-element_type=\"section\">\n\t\t\t\t\t\t<div class=\"elementor-container elementor-column-gap-default\">\n\t\t\t\t\t<div class=\"elementor-column elementor-col-100 elementor-top-column elementor-element elementor-element-1e9ea\" data-id=\"1e9ea\" data-element_type=\"column\">\n\t\t\t<div class=\"elementor-widget-wrap elementor-element-populated\">\n\t\t\t\t\t\t<div class=\"elementor-element elementor-element-38066966 elementor-posts__hover-none elementor-grid-3 elementor-grid-tablet-2 elementor-grid-mobile-1 elementor-posts--thumbnail-top elementor-widget elementor-widget-posts\" data-id=\"38066966\" data-element_type=\"widget\" data-settings=\"{&quot;cards_row_gap&quot;:{&quot;unit&quot;:&quot;px&quot;,&quot;size&quot;:&quot;50&quot;,&quot;sizes&quot;:[]},&quot;cards_columns&quot;:&quot;3&quot;,&quot;cards_columns_tablet&quot;:&quot;2&quot;,&quot;cards_columns_mobile&quot;:&quot;1&quot;,&quot;cards_row_gap_tablet&quot;:{&quot;unit&quot;:&quot;px&quot;,&quot;size&quot;:&quot;&quot;,&quot;sizes&quot;:[]},&quot;cards_row_gap_mobile&quot;:{&quot;unit&quot;:&quot;px&quot;,&quot;size&quot;:&quot;&quot;,&quot;sizes&quot;:[]}}\" data-widget_type=\"posts.cards\">\n\t\t\t\t<div class=\"elementor-widget-container\">\n\t\t\t\t\t\t\t<div class=\"elementor-posts-container elementor-posts elementor-posts--skin-cards elementor-grid\">\n\t\t\t\t<article class=\"elementor-post elementor-grid-item post-949 post type-post status-publish format-standard has-post-thumbnail hentry category-tourist-guide-bucharest tag-blog\">\n\t\t\t<div class=\"elementor-post__card\">\n\t\t\t\t<a class=\"elementor-post__thumbnail__link\" href=\"https:\/\/instilhotels.ro\/ro\/bucharest-tourists-guide-public-transport\/\" tabindex=\"-1\" ><div class=\"elementor-post__thumbnail\"><img fetchpriority=\"high\" decoding=\"async\" width=\"401\" height=\"281\" src=\"https:\/\/instilhotels.ro\/wp-content\/uploads\/2023\/07\/Romanian-Metro.jpg\" class=\"attachment-full size-full wp-image-943\" alt=\"Romanian Metro\" srcset=\"https:\/\/instilhotels.ro\/wp-content\/uploads\/2023\/07\/Romanian-Metro.jpg 401w, https:\/\/instilhotels.ro\/wp-content\/uploads\/2023\/07\/Romanian-Metro-300x210.jpg 300w\" sizes=\"(max-width: 401px) 100vw, 401px\" \/><\/div><\/a>\n\t\t\t\t<div class=\"elementor-post__text\">\n\t\t\t\t<h3 class=\"elementor-post__title\">\n\t\t\t<a href=\"https:\/\/instilhotels.ro\/ro\/bucharest-tourists-guide-public-transport\/\" >\n\t\t\t\tNavigarea \u00een Bucure\u0219ti: un ghid turistic pentru transportul public\t\t\t<\/a>\n\t\t<\/h3>\n\t\t\t\t<\/div>\n\t\t\t\t<div class=\"elementor-post__meta-data\">\n\t\t\t\t\t<span class=\"elementor-post-date\">\n\t\t\tiulie 27, 2023\t\t<\/span>\n\t\t\t\t<\/div>\n\t\t\t\t\t<\/div>\n\t\t<\/article>\n\t\t\t\t<article class=\"elementor-post elementor-grid-item post-941 post type-post status-publish format-standard has-post-thumbnail hentry category-tourist-guide-bucharest\">\n\t\t\t<div class=\"elementor-post__card\">\n\t\t\t\t<a class=\"elementor-post__thumbnail__link\" href=\"https:\/\/instilhotels.ro\/ro\/experiencing-bucharest-a-tourists-guide-to-romanias-vibrant-capital\/\" tabindex=\"-1\" ><div class=\"elementor-post__thumbnail\"><img decoding=\"async\" width=\"401\" height=\"281\" src=\"https:\/\/instilhotels.ro\/wp-content\/uploads\/2023\/07\/Image-Placeholder-4.png\" class=\"attachment-full size-full wp-image-405\" alt=\"Image\" srcset=\"https:\/\/instilhotels.ro\/wp-content\/uploads\/2023\/07\/Image-Placeholder-4.png 401w, https:\/\/instilhotels.ro\/wp-content\/uploads\/2023\/07\/Image-Placeholder-4-300x210.png 300w\" sizes=\"(max-width: 401px) 100vw, 401px\" \/><\/div><\/a>\n\t\t\t\t<div class=\"elementor-post__text\">\n\t\t\t\t<h3 class=\"elementor-post__title\">\n\t\t\t<a href=\"https:\/\/instilhotels.ro\/ro\/experiencing-bucharest-a-tourists-guide-to-romanias-vibrant-capital\/\" >\n\t\t\t\tExperiment\u00e2nd Bucure\u0219tiul: Ghidul unui turist pentru capitala vibrant\u0103 a Rom\u00e2niei\t\t\t<\/a>\n\t\t<\/h3>\n\t\t\t\t<\/div>\n\t\t\t\t<div class=\"elementor-post__meta-data\">\n\t\t\t\t\t<span class=\"elementor-post-date\">\n\t\t\tiulie 27, 2023\t\t<\/span>\n\t\t\t\t<\/div>\n\t\t\t\t\t<\/div>\n\t\t<\/article>\n\t\t\t\t<article class=\"elementor-post elementor-grid-item post-404 post type-post status-publish format-standard has-post-thumbnail hentry category-tourist-guide-bucharest\">\n\t\t\t<div class=\"elementor-post__card\">\n\t\t\t\t<a class=\"elementor-post__thumbnail__link\" href=\"https:\/\/instilhotels.ro\/ro\/book-directly-with-instil-hotels\/\" tabindex=\"-1\" ><div class=\"elementor-post__thumbnail\"><img decoding=\"async\" width=\"401\" height=\"281\" src=\"https:\/\/instilhotels.ro\/wp-content\/uploads\/2023\/07\/direct-booking-Bucharest.jpg\" class=\"attachment-full size-full wp-image-951\" alt=\"direct booking Bucharest\" srcset=\"https:\/\/instilhotels.ro\/wp-content\/uploads\/2023\/07\/direct-booking-Bucharest.jpg 401w, https:\/\/instilhotels.ro\/wp-content\/uploads\/2023\/07\/direct-booking-Bucharest-300x210.jpg 300w\" sizes=\"(max-width: 401px) 100vw, 401px\" \/><\/div><\/a>\n\t\t\t\t<div class=\"elementor-post__text\">\n\t\t\t\t<h3 class=\"elementor-post__title\">\n\t\t\t<a href=\"https:\/\/instilhotels.ro\/ro\/book-directly-with-instil-hotels\/\" >\n\t\t\t\tDe ce ar trebui s\u0103 rezerva\u021bi direct cu InStil Hotels\t\t\t<\/a>\n\t\t<\/h3>\n\t\t\t\t<\/div>\n\t\t\t\t<div class=\"elementor-post__meta-data\">\n\t\t\t\t\t<span class=\"elementor-post-date\">\n\t\t\tiulie 13, 2023\t\t<\/span>\n\t\t\t\t<\/div>\n\t\t\t\t\t<\/div>\n\t\t<\/article>\n\t\t\t\t<\/div>\n\t\t\n\t\t\t\t\t\t<\/div>\n\t\t\t\t<\/div>\n\t\t\t\t\t<\/div>\n\t\t<\/div>\n\t\t\t\t\t<\/div>\n\t\t<\/section>\n\t\t\t\t<\/div>","protected":false},"excerpt":{"rendered":"<p>Blogul nostru Bine a\u021bi venit pe blogul InStil Hotels, ghidul dvs. prietenos pentru a naviga prin ora\u0219ul vibrant Bucure\u0219ti \u0219i pentru a profita la maximum de sejurul dvs.<\/p>","protected":false},"author":1,"featured_media":0,"parent":0,"menu_order":0,"comment_status":"closed","ping_status":"closed","template":"","meta":{"footnotes":""},"class_list":["post-2683","page","type-page","status-publish","hentry"],"yoast_head":"<!-- This site is optimized with the Yoast SEO plugin v24.9 - https:\/\/yoast.com\/wordpress\/plugins\/seo\/ -->\n<title>Blog - INSTILHOTELS<\/title>\n<meta name=\"robots\" content=\"index, follow, max-snippet:-1, max-image-preview:large, max-video-preview:-1\" \/>\n<link rel=\"canonical\" href=\"https:\/\/instilhotels.ro\/ro\/blog\/\" \/>\n<meta property=\"og:locale\" content=\"ro_RO\" \/>\n<meta property=\"og:type\" content=\"article\" \/>\n<meta property=\"og:title\" content=\"Blog - INSTILHOTELS\" \/>\n<meta property=\"og:description\" content=\"Our Blog Welcome to the InStil Hotels Blog, your friendly guide to navigating the vibrant city of Bucharest and making the most of your stay\" \/>\n<meta property=\"og:url\" content=\"https:\/\/instilhotels.ro\/ro\/blog\/\" \/>\n<meta property=\"og:site_name\" content=\"INSTILHOTELS\" \/>\n<meta property=\"article:modified_time\" content=\"2024-10-18T16:51:03+00:00\" \/>\n<meta name=\"twitter:card\" content=\"summary_large_image\" \/>\n<meta name=\"twitter:label1\" content=\"Timp estimat pentru citire\" \/>\n\t<meta name=\"twitter:data1\" content=\"1 minut\" \/>\n<script type=\"application\/ld+json\" class=\"yoast-schema-graph\">{\"@context\":\"https:\/\/schema.org\",\"@graph\":[{\"@type\":\"WebPage\",\"@id\":\"https:\/\/instilhotels.ro\/blog\/\",\"url\":\"https:\/\/instilhotels.ro\/blog\/\",\"name\":\"Blog - INSTILHOTELS\",\"isPartOf\":{\"@id\":\"https:\/\/instilhotels.ro\/#website\"},\"datePublished\":\"2024-01-13T12:52:08+00:00\",\"dateModified\":\"2024-10-18T16:51:03+00:00\",\"breadcrumb\":{\"@id\":\"https:\/\/instilhotels.ro\/blog\/#breadcrumb\"},\"inLanguage\":\"ro-RO\",\"potentialAction\":[{\"@type\":\"ReadAction\",\"target\":[\"https:\/\/instilhotels.ro\/blog\/\"]}]},{\"@type\":\"BreadcrumbList\",\"@id\":\"https:\/\/instilhotels.ro\/blog\/#breadcrumb\",\"itemListElement\":[{\"@type\":\"ListItem\",\"position\":1,\"name\":\"Home\",\"item\":\"https:\/\/instilhotels.ro\/\"},{\"@type\":\"ListItem\",\"position\":2,\"name\":\"Blog\"}]},{\"@type\":\"WebSite\",\"@id\":\"https:\/\/instilhotels.ro\/#website\",\"url\":\"https:\/\/instilhotels.ro\/\",\"name\":\"INSTILHOTELS\",\"description\":\"\",\"publisher\":{\"@id\":\"https:\/\/instilhotels.ro\/#organization\"},\"potentialAction\":[{\"@type\":\"SearchAction\",\"target\":{\"@type\":\"EntryPoint\",\"urlTemplate\":\"https:\/\/instilhotels.ro\/?s={search_term_string}\"},\"query-input\":{\"@type\":\"PropertyValueSpecification\",\"valueRequired\":true,\"valueName\":\"search_term_string\"}}],\"inLanguage\":\"ro-RO\"},{\"@type\":\"Organization\",\"@id\":\"https:\/\/instilhotels.ro\/#organization\",\"name\":\"INSTILHOTELS\",\"url\":\"https:\/\/instilhotels.ro\/\",\"logo\":{\"@type\":\"ImageObject\",\"inLanguage\":\"ro-RO\",\"@id\":\"https:\/\/instilhotels.ro\/#\/schema\/logo\/image\/\",\"url\":\"https:\/\/instilhotels.ro\/wp-content\/uploads\/2024\/10\/cropped-Instillogo_editabil.pdf-1_2-1.png\",\"contentUrl\":\"https:\/\/instilhotels.ro\/wp-content\/uploads\/2024\/10\/cropped-Instillogo_editabil.pdf-1_2-1.png\",\"width\":1560,\"height\":1561,\"caption\":\"INSTILHOTELS\"},\"image\":{\"@id\":\"https:\/\/instilhotels.ro\/#\/schema\/logo\/image\/\"}}]}<\/script>\n<!-- \/ Yoast SEO plugin. -->","yoast_head_json":{"title":"Blog - INSTILHOTELS","robots":{"index":"index","follow":"follow","max-snippet":"max-snippet:-1","max-image-preview":"max-image-preview:large","max-video-preview":"max-video-preview:-1"},"canonical":"https:\/\/instilhotels.ro\/ro\/blog\/","og_locale":"ro_RO","og_type":"article","og_title":"Blog - INSTILHOTELS","og_description":"Our Blog Welcome to the InStil Hotels Blog, your friendly guide to navigating the vibrant city of Bucharest and making the most of your stay","og_url":"https:\/\/instilhotels.ro\/ro\/blog\/","og_site_name":"INSTILHOTELS","article_modified_time":"2024-10-18T16:51:03+00:00","twitter_card":"summary_large_image","twitter_misc":{"Timp estimat pentru citire":"1 minut"},"schema":{"@context":"https:\/\/schema.org","@graph":[{"@type":"WebPage","@id":"https:\/\/instilhotels.ro\/blog\/","url":"https:\/\/instilhotels.ro\/blog\/","name":"Blog - INSTILHOTELS","isPartOf":{"@id":"https:\/\/instilhotels.ro\/#website"},"datePublished":"2024-01-13T12:52:08+00:00","dateModified":"2024-10-18T16:51:03+00:00","breadcrumb":{"@id":"https:\/\/instilhotels.ro\/blog\/#breadcrumb"},"inLanguage":"ro-RO","potentialAction":[{"@type":"ReadAction","target":["https:\/\/instilhotels.ro\/blog\/"]}]},{"@type":"BreadcrumbList","@id":"https:\/\/instilhotels.ro\/blog\/#breadcrumb","itemListElement":[{"@type":"ListItem","position":1,"name":"Home","item":"https:\/\/instilhotels.ro\/"},{"@type":"ListItem","position":2,"name":"Blog"}]},{"@type":"WebSite","@id":"https:\/\/instilhotels.ro\/#website","url":"https:\/\/instilhotels.ro\/","name":"INSTILHOTELS","description":"","publisher":{"@id":"https:\/\/instilhotels.ro\/#organization"},"potentialAction":[{"@type":"SearchAction","target":{"@type":"EntryPoint","urlTemplate":"https:\/\/instilhotels.ro\/?s={search_term_string}"},"query-input":{"@type":"PropertyValueSpecification","valueRequired":true,"valueName":"search_term_string"}}],"inLanguage":"ro-RO"},{"@type":"Organization","@id":"https:\/\/instilhotels.ro\/#organization","name":"INSTILHOTELS","url":"https:\/\/instilhotels.ro\/","logo":{"@type":"ImageObject","inLanguage":"ro-RO","@id":"https:\/\/instilhotels.ro\/#\/schema\/logo\/image\/","url":"https:\/\/instilhotels.ro\/wp-content\/uploads\/2024\/10\/cropped-Instillogo_editabil.pdf-1_2-1.png","contentUrl":"https:\/\/instilhotels.ro\/wp-content\/uploads\/2024\/10\/cropped-Instillogo_editabil.pdf-1_2-1.png","width":1560,"height":1561,"caption":"INSTILHOTELS"},"image":{"@id":"https:\/\/instilhotels.ro\/#\/schema\/logo\/image\/"}}]}},"_links":{"self":[{"href":"https:\/\/instilhotels.ro\/ro\/wp-json\/wp\/v2\/pages\/2683","targetHints":{"allow":["GET"]}}],"collection":[{"href":"https:\/\/instilhotels.ro\/ro\/wp-json\/wp\/v2\/pages"}],"about":[{"href":"https:\/\/instilhotels.ro\/ro\/wp-json\/wp\/v2\/types\/page"}],"author":[{"embeddable":true,"href":"https:\/\/instilhotels.ro\/ro\/wp-json\/wp\/v2\/users\/1"}],"replies":[{"embeddable":true,"href":"https:\/\/instilhotels.ro\/ro\/wp-json\/wp\/v2\/comments?post=2683"}],"version-history":[{"count":6,"href":"https:\/\/instilhotels.ro\/ro\/wp-json\/wp\/v2\/pages\/2683\/revisions"}],"predecessor-version":[{"id":3553,"href":"https:\/\/instilhotels.ro\/ro\/wp-json\/wp\/v2\/pages\/2683\/revisions\/3553"}],"wp:attachment":[{"href":"https:\/\/instilhotels.ro\/ro\/wp-json\/wp\/v2\/media?parent=2683"}],"curies":[{"name":"wp","href":"https:\/\/api.w.org\/{rel}","templated":true}]}}