{"id":2257,"date":"2024-01-07T16:18:08","date_gmt":"2024-01-07T16:18:08","guid":{"rendered":"https:\/\/instilhotels.ro\/?page_id=2257"},"modified":"2025-04-16T01:46:20","modified_gmt":"2025-04-15T22:46:20","slug":"cookie-policy","status":"publish","type":"page","link":"https:\/\/instilhotels.ro\/ro\/cookie-policy\/","title":{"rendered":"politica privind cookie-urile"},"content":{"rendered":"<div data-elementor-type=\"wp-page\" data-elementor-id=\"2257\" class=\"elementor elementor-2257\" data-elementor-post-type=\"page\">\n\t\t\t\t\t\t<section class=\"elementor-section elementor-top-section elementor-element elementor-element-1d2c1585 elementor-section-height-min-height elementor-section-boxed elementor-section-height-default elementor-section-items-middle\" data-id=\"1d2c1585\" data-element_type=\"section\" data-settings=\"{&quot;background_background&quot;:&quot;classic&quot;}\">\n\t\t\t\t\t\t\t<div class=\"elementor-background-overlay\"><\/div>\n\t\t\t\t\t\t\t<div class=\"elementor-container elementor-column-gap-default\">\n\t\t\t\t\t<div class=\"elementor-column elementor-col-100 elementor-top-column elementor-element elementor-element-59ea7408\" data-id=\"59ea7408\" data-element_type=\"column\">\n\t\t\t<div class=\"elementor-widget-wrap elementor-element-populated\">\n\t\t\t\t\t\t<div class=\"elementor-element elementor-element-dbb005e elementor-widget elementor-widget-heading\" data-id=\"dbb005e\" data-element_type=\"widget\" data-widget_type=\"heading.default\">\n\t\t\t\t<div class=\"elementor-widget-container\">\n\t\t\t\t\t<h1 class=\"elementor-heading-title elementor-size-default\">UTILIZAREA COOKIE-URILOR<\/h1>\t\t\t\t<\/div>\n\t\t\t\t<\/div>\n\t\t\t\t<div class=\"elementor-element elementor-element-609bae6a elementor-widget elementor-widget-image\" data-id=\"609bae6a\" data-element_type=\"widget\" data-widget_type=\"image.default\">\n\t\t\t\t<div class=\"elementor-widget-container\">\n\t\t\t\t\t\t\t\t\t\t\t\t\t\t\t<img decoding=\"async\" width=\"100\" height=\"50\" src=\"https:\/\/instilhotels.ro\/wp-content\/uploads\/2023\/12\/svg-gold.png\" class=\"attachment-large size-large wp-image-1417\" alt=\"\" srcset=\"https:\/\/instilhotels.ro\/wp-content\/uploads\/2023\/12\/svg-gold.png 100w, https:\/\/instilhotels.ro\/wp-content\/uploads\/2023\/12\/svg-gold-18x9.png 18w\" sizes=\"(max-width: 100px) 100vw, 100px\" \/>\t\t\t\t\t\t\t\t\t\t\t\t\t\t\t<\/div>\n\t\t\t\t<\/div>\n\t\t\t\t\t<\/div>\n\t\t<\/div>\n\t\t\t\t\t<\/div>\n\t\t<\/section>\n\t\t\t\t<section class=\"elementor-section elementor-top-section elementor-element elementor-element-6b04d6b3 elementor-section-boxed elementor-section-height-default elementor-section-height-default\" data-id=\"6b04d6b3\" data-element_type=\"section\">\n\t\t\t\t\t\t<div class=\"elementor-container elementor-column-gap-default\">\n\t\t\t\t\t<div class=\"elementor-column elementor-col-100 elementor-top-column elementor-element elementor-element-247fec7b\" data-id=\"247fec7b\" data-element_type=\"column\">\n\t\t\t<div class=\"elementor-widget-wrap elementor-element-populated\">\n\t\t\t\t\t\t<div class=\"elementor-element elementor-element-25c3cb11 elementor-widget elementor-widget-image\" data-id=\"25c3cb11\" data-element_type=\"widget\" data-widget_type=\"image.default\">\n\t\t\t\t<div class=\"elementor-widget-container\">\n\t\t\t\t\t\t\t\t\t\t\t\t\t\t\t<img decoding=\"async\" width=\"20\" height=\"100\" src=\"https:\/\/instilhotels.ro\/wp-content\/uploads\/2023\/12\/svg-linie.png\" class=\"attachment-large size-large wp-image-1418\" alt=\"\" \/>\t\t\t\t\t\t\t\t\t\t\t\t\t\t\t<\/div>\n\t\t\t\t<\/div>\n\t\t\t\t<div class=\"elementor-element elementor-element-61a77b9f elementor-widget elementor-widget-text-editor\" data-id=\"61a77b9f\" data-element_type=\"widget\" data-widget_type=\"text-editor.default\">\n\t\t\t\t<div class=\"elementor-widget-container\">\n\t\t\t\t\t\t\t\t\t<p><strong>Informa\u021bii despre cookie-uri<\/strong><br \/>Pentru a permite func\u021bionarea corespunz\u0103toare a acestui site si pentru a \u00eembun\u0103t\u0103\u021bi experien\u021ba de navigare, acest site trebuie sa plaseze o cantitate mica de informa\u021bii (Cookie-uri) in computerul\/dispozitivul dumneavoastr\u0103.<br \/>Anumite cookie-uri sunt necesare func\u021bion\u0103rii corespunz\u0103toare a site-ului \u0219i pentru a permite utilizarea anumitor caracteristici tehnice oferindu-v\u0103 astfel o experien\u021b\u0103 de utilizare satisf\u0103c\u0103toare. Pentru a folosi cookie-uri care nu sunt necesare utiliz\u0103rii site-ului dar care \u00eembun\u0103t\u0103\u021besc serviciile oferite v\u0103 vom solicita aprobarea. Daca nu ne acorda\u021bi acceptul pentru folosirea anumitor cookie-uri, pute\u021bi naviga pe site in continuare, dar anumite func\u021bionalit\u0103\u021bi nu vor fi disponibile pentru dumneavoastr\u0103.<br \/><br \/><\/p><p><strong>Ce este un cookie?<\/strong><br \/>Cookie-urile sunt informa\u021bii stocate in calculatorul sau dispozitivul dumneavoastr\u0103 mobil de c\u0103tre site-ul pe care \u00eel accesa\u021bi. \u00cen mod normal cookie-urile v\u0103 p\u0103streaz\u0103 preferin\u021bele, set\u0103rile site-ului cum ar fi limba preferat\u0103 sau adresa. Ulterior, c\u00e2nd accesa\u021bi din nou acel site, browserul de internet trimite \u00eenapoi cookie-urile acelei pagini. Acest lucru permite paginii de site s\u0103 afi\u0219eze con\u021binut \u00eentr-un mod personalizat, pentru c\u0103 datorit\u0103 unui cookie site-ul \u00ee\u0219i aminte\u0219te ac\u021biunile dumneavoastr\u0103 dar si set\u0103rile pentru o perioad\u0103 specificat\u0103. De fiecare dat\u0103 c\u00e2nd un utilizator deschide o pagin\u0103, serverul web cite\u0219te valorile stocate anterior \u00een cookie.<br \/>Cookie-urile pot stoca o gama larga de informa\u021bii, inclusiv personale. Aceste date vor fi utilizate de cookie-uri numai dac\u0103 v-a\u021bi dat acordul \u2013 paginile web nu pot accesa informa\u021bii pe care nu le-a\u021bi oferit si nu pot accesa alte fi\u0219iere din computerul sau dispozitivul mobil al dumneavoastr\u0103.<\/p><p>\u00a0<\/p><p>Pute\u021bi schimba set\u0103rile browser-ului astfel \u00eenc\u00e2t s\u0103 alege\u021bi dac\u0103 ve\u021bi accepta sau nu solicit\u0103rile acestor cookie-uri sau s\u0103 \u0219terge\u021bi cookie-urile salvate in mod automat c\u00e2nd \u00eenchide\u021bi browser-ul si a\u0219a mai departe. De asemenea, dac\u0103 v\u0103 da\u021bi acordul utiliz\u0103rii cookie-urilor, v\u0103 pute\u021bi schimba op\u021biunea \u00een orice moment.<br \/><br \/><\/p><p><br \/><strong>Ce cookie-uri folose\u0219te instilhotels.ro \u0219i de ce<\/strong><\/p><p><strong>Cookie-uri necesare <\/strong>Aceste cookie-uri v\u0103 ajut\u0103 s\u0103 crea\u021bi un site u\u0219or de utilizat, permi\u021b\u00e2nd func\u021bii de baz\u0103 cum ar fi navigarea pe pagini \u0219i accesul \u00een zonele securizate ale site-ului. Website-ul nu poate func\u021biona corect f\u0103r\u0103 aceste cookie-uri.<\/p><table><tbody><tr><td width=\"181\"><p>Denumire cookie<\/p><\/td><td width=\"144\"><p>Descriere<\/p><\/td><td width=\"136\"><p>Tip<\/p><\/td><td width=\"140\"><p>Expirare<\/p><\/td><\/tr><tr><td width=\"181\"><p>rc::a<\/p><\/td><td width=\"144\"><p>Face diferen\u021ba \u00eentre oameni \u0219i bo\u021bi<\/p><\/td><td width=\"136\"><p>HTML<\/p><\/td><td width=\"140\"><p>Persistent<\/p><\/td><\/tr><tr><td width=\"181\"><p>RC::B<\/p><\/td><td width=\"144\"><p>Face diferen\u021ba \u00eentre oameni \u0219i bo\u021bi<\/p><\/td><td width=\"136\"><p>HTML<\/p><\/td><td width=\"140\"><p>Sesiune<\/p><\/td><\/tr><tr><td width=\"181\"><p>rc::c<\/p><\/td><td width=\"144\"><p>Face diferen\u021ba \u00eentre oameni \u0219i bo\u021bi<\/p><\/td><td width=\"136\"><p>HTML<\/p><\/td><td width=\"140\"><p>Sesiune<\/p><\/td><\/tr><\/tbody><\/table><p><strong>\u00a0<\/strong><\/p><p><strong>Cookie-uri analitice <\/strong>acestea sunt cookie-uri pe care site-ul le \u00eencarc\u0103 in scopuri de analiza de trafic, cum ar fi analiza paginilor utilizate sau timpul petrecut pe site, informa\u021bii folosite pentru \u00eembun\u0103t\u0103\u021birea calit\u0103\u021bii con\u021binutului si a serviciilor oferite. Pentru acest site, folosim cookie-urile din sistemul Google Analytics.<\/p><table><tbody><tr><td width=\"209\"><p>Denumire cookie<\/p><\/td><td width=\"135\"><p>Descriere<\/p><\/td><td width=\"125\"><p>Tip<\/p><\/td><td width=\"131\"><p>Expirare<\/p><\/td><\/tr><tr><td width=\"209\"><p>_Ga<\/p><\/td><td width=\"135\"><p>\u00cenregistreaz\u0103 un ID unic care este utilizat pentru a genera date statistice despre modul \u00een care vizitatorul utilizeaz\u0103 site-ul web.<\/p><\/td><td width=\"125\"><p>HTTP<\/p><\/td><td width=\"131\"><p>2 ani<\/p><\/td><\/tr><tr><td width=\"209\"><p>_Neck<\/p><\/td><td width=\"135\"><p>Folosit de Google Analytics pentru a calibra rata de cereri<\/p><\/td><td width=\"125\"><p>HTTP<\/p><\/td><td width=\"131\"><p>O zi<\/p><\/td><\/tr><tr><td width=\"209\"><p>_Gid<\/p><\/td><td width=\"135\"><p>\u00cenregistreaz\u0103 un ID unic care este utilizat pentru a genera date statistice despre modul \u00een care vizitatorul utilizeaz\u0103 site-ul web.<\/p><\/td><td width=\"125\"><p>HTTP<\/p><\/td><td width=\"131\"><p>O zi<\/p><\/td><\/tr><\/tbody><\/table><p>\u00a0<\/p><p><strong>Cookie-uri de marketing <\/strong>Cookie-urile de marketing sunt folosite pentru a urm\u0103ri vizitatorii pe site-uri. Scopul este de a afi\u015fa reclame relevante \u015fi captivante pentru utilizatorii individuali \u0219i, prin urmare, mai valoroase pentru editori \u0219i agen\u021bii de publicitate ter\u021be.<\/p><table><tbody><tr><td width=\"247\"><p>Denumire cookie<\/p><\/td><td width=\"210\"><p>Descriere<\/p><\/td><td width=\"61\"><p>Tip<\/p><\/td><td width=\"83\"><p>Expirare<\/p><\/td><\/tr><tr><td width=\"247\"><p>Fbp<\/p><\/td><td width=\"210\"><p>Acest cookie va contribui la livrarea publicit\u0103\u021bii noastre c\u0103tre persoane care au vizitat deja site-ul nostru web atunci c\u00e2nd sunt pe Facebook sau pe o platform\u0103 digital\u0103 sus\u021binut\u0103 de Facebook Advertising<\/p><\/td><td width=\"61\"><p>HTTP<\/p><\/td><td width=\"83\"><p>3 luni<\/p><\/td><\/tr><tr><td width=\"247\"><p>Fr<\/p><\/td><td width=\"210\"><p>Folosit de Facebook pentru a livra o serie de produse publicitare, cum ar fi licitarea \u00een timp real de la agen\u021bii de publicitate ter\u021be<\/p><\/td><td width=\"61\"><p>HTTP<\/p><\/td><td width=\"83\"><p>3 luni<\/p><\/td><\/tr><tr><td width=\"247\"><p>Tr<\/p><\/td><td width=\"210\"><p>Pixel tracker folosit de Facebook pentru a livra o serie de produse publicitare, cum ar fi licitarea \u00een timp real de la agen\u021bii de publicitate ter\u021be<\/p><\/td><td width=\"61\"><p>Pixel<\/p><\/td><td width=\"83\"><p>Sesiune<\/p><\/td><\/tr><tr><td width=\"247\"><p>test_cookie<\/p><\/td><td width=\"210\"><p>Verific\u0103 pentru Youtube dac\u0103 browser-ul suport\u0103 cookies<\/p><\/td><td width=\"61\"><p>HTTP<\/p><\/td><td width=\"83\"><p>O zi<\/p><\/td><\/tr><tr><td width=\"247\"><p>IDE<\/p><\/td><td width=\"210\"><p>Folosit de serviciul Double Click de la Google pentru a \u00eenregistra \u0219i raporta ac\u021biunea utilizatorului site-ului dup\u0103 ce a v\u0103zut sau a f\u0103cut click pe o reclam\u0103 pentru a m\u0103sura eficien\u021ba reclamei \u0219i pentru a da reclame mai relevante utilizatorului<\/p><\/td><td width=\"61\"><p>HTTP<\/p><\/td><td width=\"83\"><p>un an<\/p><\/td><\/tr><tr><td width=\"247\"><p>anun\u021buri\/ga-audiences<\/p><\/td><td width=\"210\"><p>Acest cookie va contribui la livrarea publicit\u0103\u021bii noastre c\u0103tre persoane care au vizitat deja site-ul nostru web atunci c\u00e2nd sunt pe Facebook sau pe o platform\u0103 digital\u0103 sus\u021binut\u0103 de Facebook Advertising<\/p><\/td><td width=\"61\"><p>HTTP<\/p><\/td><td width=\"83\"><p>3 luni<\/p><\/td><\/tr><tr><td width=\"247\"><p>pagead\/1p-user-list\/ #<\/p><\/td><td width=\"210\"><p>Generat de Google pentru a urm\u0103ri evenimente, cum ar fi conversii sau alte interac\u021biuni semnificative de utilizator<\/p><\/td><td width=\"61\"><p>Pixel<\/p><\/td><td width=\"83\"><p>Sesiune<\/p><\/td><\/tr><\/tbody><\/table><p><strong>\u00a0<\/strong><\/p><p><strong>Cum se dezactiveaz\u0103 cookie-urile <\/strong><br \/>C\u00e2nd accesa\u021bi prima oara site-ul, va vom cere acordul pentru folosirea cookie-urilor care nu sunt necesare.<br \/>Oric\u00e2nd pute\u021bi dezactiva cookie-urile care nu sunt necesare iar acestea nu vor mai fi stocate in computerul sau dispozitivul dumneavoastr\u0103. Set\u0103rile de cookie pot fi controlate si configurate in browser-ul web.<\/p><p>\u00a0<\/p>\t\t\t\t\t\t\t\t<\/div>\n\t\t\t\t<\/div>\n\t\t\t\t\t<\/div>\n\t\t<\/div>\n\t\t\t\t\t<\/div>\n\t\t<\/section>\n\t\t\t\t<\/div>","protected":false},"excerpt":{"rendered":"<p>POLITICA COOKIE Informa\u021bii despre cookie-uriPentru a permite acestui site s\u0103 func\u021bioneze corect \u0219i pentru a v\u0103 \u00eembun\u0103t\u0103\u021bi experien\u021ba de navigare, acest site trebuie s\u0103 plaseze o cantitate mic\u0103 de informa\u021bii (cookie-uri) pe computerul\/dispozitivul dumneavoastr\u0103.Anumite cookie-uri sunt necesare pentru buna func\u021bionare a site-ului \u0219i pentru a permite utilizarea anumitor caracteristici tehnice, oferindu-v\u0103 astfel o [...]<\/p>","protected":false},"author":1,"featured_media":0,"parent":0,"menu_order":0,"comment_status":"closed","ping_status":"closed","template":"","meta":{"footnotes":""},"class_list":["post-2257","page","type-page","status-publish","hentry"],"yoast_head":"<!-- This site is optimized with the Yoast SEO plugin v24.9 - https:\/\/yoast.com\/wordpress\/plugins\/seo\/ -->\n<title>cookie policy - INSTILHOTELS<\/title>\n<meta name=\"robots\" content=\"index, follow, max-snippet:-1, max-image-preview:large, max-video-preview:-1\" \/>\n<link rel=\"canonical\" href=\"https:\/\/instilhotels.ro\/ro\/cookie-policy\/\" \/>\n<meta property=\"og:locale\" content=\"ro_RO\" \/>\n<meta property=\"og:type\" content=\"article\" \/>\n<meta property=\"og:title\" content=\"cookie policy - INSTILHOTELS\" \/>\n<meta property=\"og:description\" content=\"COOKIE POLICY Information about cookiesIn order to allow this site to function properly and improve your browsing experience, this site must place a small amount of information (Cookies) on your computer\/device.Certain cookies are necessary for the proper functioning of the website and to enable the use of certain technical features, thus providing you with a [&hellip;]\" \/>\n<meta property=\"og:url\" content=\"https:\/\/instilhotels.ro\/ro\/cookie-policy\/\" \/>\n<meta property=\"og:site_name\" content=\"INSTILHOTELS\" \/>\n<meta property=\"article:modified_time\" content=\"2025-04-15T22:46:20+00:00\" \/>\n<meta property=\"og:image\" content=\"https:\/\/instilhotels.ro\/wp-content\/uploads\/2023\/12\/svg-gold.png\" \/>\n\t<meta property=\"og:image:width\" content=\"100\" \/>\n\t<meta property=\"og:image:height\" content=\"50\" \/>\n\t<meta property=\"og:image:type\" content=\"image\/png\" \/>\n<meta name=\"twitter:card\" content=\"summary_large_image\" \/>\n<meta name=\"twitter:label1\" content=\"Timp estimat pentru citire\" \/>\n\t<meta name=\"twitter:data1\" content=\"6 minute\" \/>\n<script type=\"application\/ld+json\" class=\"yoast-schema-graph\">{\"@context\":\"https:\/\/schema.org\",\"@graph\":[{\"@type\":\"WebPage\",\"@id\":\"https:\/\/instilhotels.ro\/cookie-policy\/\",\"url\":\"https:\/\/instilhotels.ro\/cookie-policy\/\",\"name\":\"cookie policy - INSTILHOTELS\",\"isPartOf\":{\"@id\":\"https:\/\/instilhotels.ro\/#website\"},\"primaryImageOfPage\":{\"@id\":\"https:\/\/instilhotels.ro\/cookie-policy\/#primaryimage\"},\"image\":{\"@id\":\"https:\/\/instilhotels.ro\/cookie-policy\/#primaryimage\"},\"thumbnailUrl\":\"https:\/\/instilhotels.ro\/wp-content\/uploads\/2023\/12\/svg-gold.png\",\"datePublished\":\"2024-01-07T16:18:08+00:00\",\"dateModified\":\"2025-04-15T22:46:20+00:00\",\"breadcrumb\":{\"@id\":\"https:\/\/instilhotels.ro\/cookie-policy\/#breadcrumb\"},\"inLanguage\":\"ro-RO\",\"potentialAction\":[{\"@type\":\"ReadAction\",\"target\":[\"https:\/\/instilhotels.ro\/cookie-policy\/\"]}]},{\"@type\":\"ImageObject\",\"inLanguage\":\"ro-RO\",\"@id\":\"https:\/\/instilhotels.ro\/cookie-policy\/#primaryimage\",\"url\":\"https:\/\/instilhotels.ro\/wp-content\/uploads\/2023\/12\/svg-gold.png\",\"contentUrl\":\"https:\/\/instilhotels.ro\/wp-content\/uploads\/2023\/12\/svg-gold.png\"},{\"@type\":\"BreadcrumbList\",\"@id\":\"https:\/\/instilhotels.ro\/cookie-policy\/#breadcrumb\",\"itemListElement\":[{\"@type\":\"ListItem\",\"position\":1,\"name\":\"Home\",\"item\":\"https:\/\/instilhotels.ro\/\"},{\"@type\":\"ListItem\",\"position\":2,\"name\":\"cookie policy\"}]},{\"@type\":\"WebSite\",\"@id\":\"https:\/\/instilhotels.ro\/#website\",\"url\":\"https:\/\/instilhotels.ro\/\",\"name\":\"INSTILHOTELS\",\"description\":\"\",\"publisher\":{\"@id\":\"https:\/\/instilhotels.ro\/#organization\"},\"potentialAction\":[{\"@type\":\"SearchAction\",\"target\":{\"@type\":\"EntryPoint\",\"urlTemplate\":\"https:\/\/instilhotels.ro\/?s={search_term_string}\"},\"query-input\":{\"@type\":\"PropertyValueSpecification\",\"valueRequired\":true,\"valueName\":\"search_term_string\"}}],\"inLanguage\":\"ro-RO\"},{\"@type\":\"Organization\",\"@id\":\"https:\/\/instilhotels.ro\/#organization\",\"name\":\"INSTILHOTELS\",\"url\":\"https:\/\/instilhotels.ro\/\",\"logo\":{\"@type\":\"ImageObject\",\"inLanguage\":\"ro-RO\",\"@id\":\"https:\/\/instilhotels.ro\/#\/schema\/logo\/image\/\",\"url\":\"https:\/\/instilhotels.ro\/wp-content\/uploads\/2024\/10\/cropped-Instillogo_editabil.pdf-1_2-1.png\",\"contentUrl\":\"https:\/\/instilhotels.ro\/wp-content\/uploads\/2024\/10\/cropped-Instillogo_editabil.pdf-1_2-1.png\",\"width\":1560,\"height\":1561,\"caption\":\"INSTILHOTELS\"},\"image\":{\"@id\":\"https:\/\/instilhotels.ro\/#\/schema\/logo\/image\/\"}}]}<\/script>\n<!-- \/ Yoast SEO plugin. -->","yoast_head_json":{"title":"cookie policy - INSTILHOTELS","robots":{"index":"index","follow":"follow","max-snippet":"max-snippet:-1","max-image-preview":"max-image-preview:large","max-video-preview":"max-video-preview:-1"},"canonical":"https:\/\/instilhotels.ro\/ro\/cookie-policy\/","og_locale":"ro_RO","og_type":"article","og_title":"cookie policy - INSTILHOTELS","og_description":"COOKIE POLICY Information about cookiesIn order to allow this site to function properly and improve your browsing experience, this site must place a small amount of information (Cookies) on your computer\/device.Certain cookies are necessary for the proper functioning of the website and to enable the use of certain technical features, thus providing you with a [&hellip;]","og_url":"https:\/\/instilhotels.ro\/ro\/cookie-policy\/","og_site_name":"INSTILHOTELS","article_modified_time":"2025-04-15T22:46:20+00:00","og_image":[{"width":100,"height":50,"url":"https:\/\/instilhotels.ro\/wp-content\/uploads\/2023\/12\/svg-gold.png","type":"image\/png"}],"twitter_card":"summary_large_image","twitter_misc":{"Timp estimat pentru citire":"6 minute"},"schema":{"@context":"https:\/\/schema.org","@graph":[{"@type":"WebPage","@id":"https:\/\/instilhotels.ro\/cookie-policy\/","url":"https:\/\/instilhotels.ro\/cookie-policy\/","name":"cookie policy - INSTILHOTELS","isPartOf":{"@id":"https:\/\/instilhotels.ro\/#website"},"primaryImageOfPage":{"@id":"https:\/\/instilhotels.ro\/cookie-policy\/#primaryimage"},"image":{"@id":"https:\/\/instilhotels.ro\/cookie-policy\/#primaryimage"},"thumbnailUrl":"https:\/\/instilhotels.ro\/wp-content\/uploads\/2023\/12\/svg-gold.png","datePublished":"2024-01-07T16:18:08+00:00","dateModified":"2025-04-15T22:46:20+00:00","breadcrumb":{"@id":"https:\/\/instilhotels.ro\/cookie-policy\/#breadcrumb"},"inLanguage":"ro-RO","potentialAction":[{"@type":"ReadAction","target":["https:\/\/instilhotels.ro\/cookie-policy\/"]}]},{"@type":"ImageObject","inLanguage":"ro-RO","@id":"https:\/\/instilhotels.ro\/cookie-policy\/#primaryimage","url":"https:\/\/instilhotels.ro\/wp-content\/uploads\/2023\/12\/svg-gold.png","contentUrl":"https:\/\/instilhotels.ro\/wp-content\/uploads\/2023\/12\/svg-gold.png"},{"@type":"BreadcrumbList","@id":"https:\/\/instilhotels.ro\/cookie-policy\/#breadcrumb","itemListElement":[{"@type":"ListItem","position":1,"name":"Home","item":"https:\/\/instilhotels.ro\/"},{"@type":"ListItem","position":2,"name":"cookie policy"}]},{"@type":"WebSite","@id":"https:\/\/instilhotels.ro\/#website","url":"https:\/\/instilhotels.ro\/","name":"INSTILHOTELS","description":"","publisher":{"@id":"https:\/\/instilhotels.ro\/#organization"},"potentialAction":[{"@type":"SearchAction","target":{"@type":"EntryPoint","urlTemplate":"https:\/\/instilhotels.ro\/?s={search_term_string}"},"query-input":{"@type":"PropertyValueSpecification","valueRequired":true,"valueName":"search_term_string"}}],"inLanguage":"ro-RO"},{"@type":"Organization","@id":"https:\/\/instilhotels.ro\/#organization","name":"INSTILHOTELS","url":"https:\/\/instilhotels.ro\/","logo":{"@type":"ImageObject","inLanguage":"ro-RO","@id":"https:\/\/instilhotels.ro\/#\/schema\/logo\/image\/","url":"https:\/\/instilhotels.ro\/wp-content\/uploads\/2024\/10\/cropped-Instillogo_editabil.pdf-1_2-1.png","contentUrl":"https:\/\/instilhotels.ro\/wp-content\/uploads\/2024\/10\/cropped-Instillogo_editabil.pdf-1_2-1.png","width":1560,"height":1561,"caption":"INSTILHOTELS"},"image":{"@id":"https:\/\/instilhotels.ro\/#\/schema\/logo\/image\/"}}]}},"_links":{"self":[{"href":"https:\/\/instilhotels.ro\/ro\/wp-json\/wp\/v2\/pages\/2257","targetHints":{"allow":["GET"]}}],"collection":[{"href":"https:\/\/instilhotels.ro\/ro\/wp-json\/wp\/v2\/pages"}],"about":[{"href":"https:\/\/instilhotels.ro\/ro\/wp-json\/wp\/v2\/types\/page"}],"author":[{"embeddable":true,"href":"https:\/\/instilhotels.ro\/ro\/wp-json\/wp\/v2\/users\/1"}],"replies":[{"embeddable":true,"href":"https:\/\/instilhotels.ro\/ro\/wp-json\/wp\/v2\/comments?post=2257"}],"version-history":[{"count":7,"href":"https:\/\/instilhotels.ro\/ro\/wp-json\/wp\/v2\/pages\/2257\/revisions"}],"predecessor-version":[{"id":2264,"href":"https:\/\/instilhotels.ro\/ro\/wp-json\/wp\/v2\/pages\/2257\/revisions\/2264"}],"wp:attachment":[{"href":"https:\/\/instilhotels.ro\/ro\/wp-json\/wp\/v2\/media?parent=2257"}],"curies":[{"name":"wp","href":"https:\/\/api.w.org\/{rel}","templated":true}]}}