{"id":2239,"date":"2024-01-07T16:12:52","date_gmt":"2024-01-07T16:12:52","guid":{"rendered":"https:\/\/instilhotels.ro\/?page_id=2239"},"modified":"2024-10-21T14:22:46","modified_gmt":"2024-10-21T11:22:46","slug":"privacy-policy","status":"publish","type":"page","link":"https:\/\/instilhotels.ro\/ro\/privacy-policy\/","title":{"rendered":"politica de confiden\u021bialitate"},"content":{"rendered":"<div data-elementor-type=\"wp-page\" data-elementor-id=\"2239\" class=\"elementor elementor-2239\" data-elementor-post-type=\"page\">\n\t\t\t\t\t\t<section class=\"elementor-section elementor-top-section elementor-element elementor-element-1d2c1585 elementor-section-height-min-height elementor-section-boxed elementor-section-height-default elementor-section-items-middle\" data-id=\"1d2c1585\" data-element_type=\"section\" data-settings=\"{&quot;background_background&quot;:&quot;classic&quot;}\">\n\t\t\t\t\t\t\t<div class=\"elementor-background-overlay\"><\/div>\n\t\t\t\t\t\t\t<div class=\"elementor-container elementor-column-gap-default\">\n\t\t\t\t\t<div class=\"elementor-column elementor-col-100 elementor-top-column elementor-element elementor-element-59ea7408\" data-id=\"59ea7408\" data-element_type=\"column\">\n\t\t\t<div class=\"elementor-widget-wrap elementor-element-populated\">\n\t\t\t\t\t\t<div class=\"elementor-element elementor-element-dbb005e elementor-widget elementor-widget-heading\" data-id=\"dbb005e\" data-element_type=\"widget\" data-widget_type=\"heading.default\">\n\t\t\t\t<div class=\"elementor-widget-container\">\n\t\t\t\t\t<h1 class=\"elementor-heading-title elementor-size-default\">Notificare de prelucrare a datelor cu caracter personal<\/h1>\t\t\t\t<\/div>\n\t\t\t\t<\/div>\n\t\t\t\t<div class=\"elementor-element elementor-element-609bae6a elementor-widget elementor-widget-image\" data-id=\"609bae6a\" data-element_type=\"widget\" data-widget_type=\"image.default\">\n\t\t\t\t<div class=\"elementor-widget-container\">\n\t\t\t\t\t\t\t\t\t\t\t\t\t\t\t<img decoding=\"async\" width=\"100\" height=\"50\" src=\"https:\/\/instilhotels.ro\/wp-content\/uploads\/2023\/12\/svg-gold.png\" class=\"attachment-large size-large wp-image-1417\" alt=\"\" srcset=\"https:\/\/instilhotels.ro\/wp-content\/uploads\/2023\/12\/svg-gold.png 100w, https:\/\/instilhotels.ro\/wp-content\/uploads\/2023\/12\/svg-gold-18x9.png 18w\" sizes=\"(max-width: 100px) 100vw, 100px\" \/>\t\t\t\t\t\t\t\t\t\t\t\t\t\t\t<\/div>\n\t\t\t\t<\/div>\n\t\t\t\t\t<\/div>\n\t\t<\/div>\n\t\t\t\t\t<\/div>\n\t\t<\/section>\n\t\t\t\t<section class=\"elementor-section elementor-top-section elementor-element elementor-element-6b04d6b3 elementor-section-boxed elementor-section-height-default elementor-section-height-default\" data-id=\"6b04d6b3\" data-element_type=\"section\">\n\t\t\t\t\t\t<div class=\"elementor-container elementor-column-gap-default\">\n\t\t\t\t\t<div class=\"elementor-column elementor-col-100 elementor-top-column elementor-element elementor-element-247fec7b\" data-id=\"247fec7b\" data-element_type=\"column\">\n\t\t\t<div class=\"elementor-widget-wrap elementor-element-populated\">\n\t\t\t\t\t\t<div class=\"elementor-element elementor-element-25c3cb11 elementor-widget elementor-widget-image\" data-id=\"25c3cb11\" data-element_type=\"widget\" data-widget_type=\"image.default\">\n\t\t\t\t<div class=\"elementor-widget-container\">\n\t\t\t\t\t\t\t\t\t\t\t\t\t\t\t<img decoding=\"async\" width=\"20\" height=\"100\" src=\"https:\/\/instilhotels.ro\/wp-content\/uploads\/2023\/12\/svg-linie.png\" class=\"attachment-large size-large wp-image-1418\" alt=\"\" \/>\t\t\t\t\t\t\t\t\t\t\t\t\t\t\t<\/div>\n\t\t\t\t<\/div>\n\t\t\t\t<div class=\"elementor-element elementor-element-61a77b9f elementor-widget elementor-widget-text-editor\" data-id=\"61a77b9f\" data-element_type=\"widget\" data-widget_type=\"text-editor.default\">\n\t\t\t\t<div class=\"elementor-widget-container\">\n\t\t\t\t\t\t\t\t\t<h2>1.\tCine suntem<\/h2><p>M&amp;T MARKET TRADE PROFESSIONALS SRL este o firm\u0103 rom\u00e2neasc\u0103 ce gestioneaz\u0103 site-ul www.hotelstil.ro.<\/p><h2>2.\tDate personale pe care le prelucr\u0103m<\/h2><p>M&amp;T MARKET TRADE PROFESSIONALS SRL este un operator de date cu caracter personal. Colect\u0103m urm\u0103toarele tipuri de date personale de la dvs.:<\/p><ul><li>\u2022\tNume, prenume<\/li><li>Email<\/li><li>Telefon<\/li><li>Mesaj<\/li><li>Detaliile rezerv\u0103rilor<\/li><li>Feedback pseudonimizat al clien\u021bilor<\/li><\/ul><h2>3.\tDe ce avem nevoie de ele<\/h2><p>Avem nevoie de datele dvs personale pentru urm\u0103toarele prelucr\u0103ri:<\/p><p>\u00cen temeiul legal al interesului legitim al M&amp;T MARKET TRADE PROFESSIONALS SRL de a v\u0103 r\u0103spunde mesajelor dvs din formularul de contact:<\/p><ul><li>Nume \u0219i prenume \u2013 avem nevoie de aceste date pentru a v\u0103 putea personaliza adresarea.<\/li><li>E-mail \u2013 adresa de e-mail o folosim pentru a v\u0103 r\u0103spunde la mesaj<\/li><li>Telefon \u2013 num\u0103rul de telefon \u00eel folosim pentru a v\u0103 contacta direct dac\u0103 problema este urgent\u0103<\/li><li>Mesaj - aici v\u0103 pute\u021bi detalia nevoile<\/li><\/ul><p>\u00cen temeiul legal al interesului legitim al operatorului de a facilita procesul de rezervare al camerelor.<\/p><p>Rezervarea online<\/p><ul><li>Detaliile rezerv\u0103rii \u2013 avem nevoie de aceste informa\u021bii pentru a putea opera rezervarea<\/li><\/ul><p>\u00cen temeiul legal al interesului legitim al operatorului de a ar\u0103ta vizitatorilor opiniile clien\u021bilor s\u0103i<\/p><p>Afi\u0219are feedback-uri din platformele Google, TripAdvisor, Booking<\/p><ul><li>Pseudonim utilizator \u2013 afi\u0219\u0103m aceast\u0103 informa\u021bie pentru a ar\u0103ta faptul c\u0103 aceast\u0103 opinie vine de la un client.<\/li><li>Opinie client \u2013 aceast\u0103 informa\u021bie este afi\u0219at\u0103 pentru a ar\u0103ta vizitatorilor o opinie a unui client.<\/li><\/ul><p>Cu consim\u021b\u0103m\u00e2ntul dumneavoastr\u0103, am dori s\u0103 prelucr\u0103m \u0219i urm\u0103toarele date cu caracter personal<\/p><p>Buletin informativ<\/p><ul><li>Nume, prenume \u2013 folosim aceste date pentru a v\u0103 personaliza adresarea.<\/li><li>E-mail \u2013 adresa de e-mail o folosim pentru a v\u0103 transmite newsletter-ul.<\/li><\/ul><p>Comportament online<\/p><ul><li>Istoricul navig\u0103rii - \u00eemp\u0103rt\u0103\u0219im aceste informa\u021bii cu partenerii no\u0219tri descri\u0219i \u00een politica privind modulele cookie, astfel \u00eenc\u00e2t s\u0103 v\u0103 putem oferi oferte personalizate. Mai multe informa\u021bii pot fi g\u0103site pe pagina noastr\u0103 de cookie-uri la adresa <a href=\"https:\/\/instilhotels.ro\/ro\/cookie-policy\/\">https:\/\/instilhotels.ro\/cookie-policy<\/a><\/li><\/ul><h2>4.\tCe facem cu ele<\/h2><div><i>Datele dumneavoastr\u0103 personale sunt prelucrate \u00een cadrul companiei M&amp;T MARKET TRADE PROFESSIONALS SRL situat\u0103 \u00een Rom\u00e2nia. G\u0103zduirea \u0219i stocarea datelor dumneavoastr\u0103 are loc \u00een Olanda, \u00een platforma Google Cloud, ce ac\u021bioneaz\u0103 ca persoan\u0103 \u00eemputernicit\u0103 pentru SiteGround, ce este persoan\u0103 \u00eemputernicit\u0103 pentru M&amp;T MARKET TRADE PROFESSIONALS SRL.<br \/><br \/>Datele de rezervare - doar perioada - sunt, de asemenea, trimise partenerului nostru Practicmagazin SRL, care ac\u021bioneaz\u0103 \u00een calitate de operator de date cu caracter personal, oferind serviciul de rezervare 5StarDesk.com, dar \u0219i c\u0103tre New Hotel Invest SRL, care administreaz\u0103 Hotel Stil Old Town \u0219i Rossimo Real Estate SRL, care administreaz\u0103 Ecletico Villa.<br \/><br \/>Datele dumneavoastr\u0103 personale mai sunt preluate din platformele Google, TripAdvisor, Booking \u0219i afi\u0219ate pe site, dac\u0103 a\u021bi l\u0103sat review-uri pe aceste platforme despre hotelul nostru.<br \/><br \/>Datele dvs personale pentru istoria navig\u0103rii sunt transmise partenerilor no\u0219tri descri\u0219i \u00een politica de cookies. V\u0103 rug\u0103m consulta\u021bi descrierea acestor parteneri \u00een aceast\u0103 pagin\u0103.<br \/><\/i><\/div><div>\u00a0<\/div><div>- \u00eenlocui\u021bi textul din politica de confiden\u021bialitate, capitolul 6 cu;<\/div><div>\u00a0<\/div><div><i>Dac\u0103 ave\u021bi motive s\u0103 crede\u021bi c\u0103 orice date personale pe care le de\u021binem despre dvs sunt incorecte sau incomplete, ave\u021bi dreptul s\u0103 solicita\u021bi s\u0103 vede\u021bi aceste informa\u021bii, s\u0103 le rectifica\u021bi sau s\u0103 cere\u021bi s\u0103 fie \u0219terse, s\u0103 solicita\u021bi restric\u021bionarea prelucr\u0103rii sau s\u0103 v\u0103 opune\u021bi prelucr\u0103rii \u0219i de asemenea ave\u021bi dreptul la portabilitatea datelor. Pentru exercitarea acestor drepturi v\u0103 rug\u0103m s\u0103 ne contacta\u021bi la contact@instilhotels.ro.\u00a0<a href=\"mailto:contact@instilhotels.ro\" target=\"_blank\" rel=\"noopener\">contact@instilhotels.ro<\/a>.<br \/><br \/>Pentru buletinul informativ, ave\u021bi dreptul s\u0103 v\u0103 revoca\u021bi consim\u021b\u0103m\u00e2ntul \u00een orice moment. Pentru aceasta, v\u0103 rug\u0103m s\u0103 ne contacta\u021bi la\u00a0<a href=\"mailto:contact@instilhotels.ro\" target=\"_blank\" rel=\"noopener\">contact@instilhotels.ro<\/a>\u00a0sau s\u0103 v\u0103 dezabona\u021bi direct de la buletinul informativ.<br \/><br \/>Dac\u0103 dori\u021bi s\u0103 depune\u021bi o pl\u00e2ngere cu privire la modul \u00een care v-am prelucrat datele personale, v\u0103 rug\u0103m s\u0103 ne contacta\u021bi la urm\u0103toarea adres\u0103 de e-mail\u00a0<a href=\"mailto:contact@instilhotels.ro\" target=\"_blank\" rel=\"noopener\">contact@instilhotels.ro<\/a>.\u00a0<br \/><\/i><\/div><h2>5.\tC\u00e2t timp p\u0103str\u0103m datele cu caracter personal<\/h2><p>Datele dumneavoastr\u0103 cu caracter personal din cadrul mesajelor vor fi \u021binute timp de un an de la ultima comunicare, dac\u0103 nu deveni\u021bi clientul nostru.<\/p><p>Datele dumneavoastr\u0103 cu caracter personal din rezerv\u0103ri vor fi \u021binute trei luni dup\u0103 data rezerv\u0103rii \u00een temeiul interesului legitim al M&amp;T MARKET TRADE PROFESSIONALS SRL de a se asigura c\u0103 totul a decurs cu bine, dup\u0103 care vor fi distruse.<\/p><p>Datele dumneavoastr\u0103 cu caracter personal din cadrul newsletter-ului vor fi \u021binute pe o durat\u0103 de 5 ani sau p\u00e2n\u0103 c\u00e2nd ve\u021bi alege s\u0103 v\u0103 retrage\u021bi consim\u021b\u0103m\u00e2ntul.<\/p><p>Datele dumneavoastr\u0103 privind activitatea online vor fi \u021binute pe perioada de via\u021b\u0103 a cookie-urilor sau p\u00e2n\u0103 c\u00e2nd decide\u021bi s\u0103 \u0219terge\u021bi cookie-urile.<\/p><h2>6.\tCare sunt drepturile dvs?<\/h2><p>Dac\u0103 ave\u021bi motive s\u0103 crede\u021bi c\u0103 orice date personale pe care le de\u021binem despre dvs sunt incorecte sau incomplete, ave\u021bi dreptul s\u0103 solicita\u021bi s\u0103 vede\u021bi aceste informa\u021bii, s\u0103 le rectifica\u021bi sau s\u0103 cere\u021bi s\u0103 fie \u0219terse, s\u0103 solicita\u021bi restric\u021bionarea prelucr\u0103rii sau s\u0103 v\u0103 opune\u021bi prelucr\u0103rii \u0219i de asemenea ave\u021bi dreptul la portabilitatea datelor. Pentru exercitarea acestor drepturi v\u0103 rug\u0103m s\u0103 ne contacta\u021bi la contact@instilhotels.ro.<\/p><p>Pentru newsletter ave\u021bi dreptul oric\u00e2nd s\u0103 v\u0103 revoca\u021bi consim\u021b\u0103m\u00e2ntul dat. Pentru acest lucru v\u0103 rug\u0103m s\u0103 ne contacta\u021bi la contact@instilhotels.ro sau s\u0103 da\u021bi dezabonare direct din newsletter.<\/p><p>Dac\u0103 dori\u021bi s\u0103 \u00eenainta\u021bi  o pl\u00e2ngere legat\u0103 de modul \u00een care v-am procesat datele personale, contacta\u021bi responsabilul cu protec\u021bia datelor la urm\u0103toarea adresa de e-mail contact@instilhotels.ro. Responsabilul cu protec\u021bia datelor va lua leg\u0103tura cu dumneavoastr\u0103 pentru a rezolva problema ridicat\u0103.<\/p><p>De asemenea pute\u021bi contacta Autoritatea Na\u021bional\u0103 de Supraveghere a Prelucr\u0103rii Datelor cu Caracter personal la <a href=\"http:\/\/www.dataprotection.ro\">www.dataprotection.ro<\/a> \u0219i pute\u021bi depune o pl\u00e2ngere la ei.<\/p>\t\t\t\t\t\t\t\t<\/div>\n\t\t\t\t<\/div>\n\t\t\t\t\t<\/div>\n\t\t<\/div>\n\t\t\t\t\t<\/div>\n\t\t<\/section>\n\t\t\t\t<\/div>","protected":false},"excerpt":{"rendered":"<p>Notificare privind prelucrarea datelor cu caracter personal 1.    Cine suntem M&amp;T MARKET TRADE PROFESSIONALS SRL este o companie rom\u00e2neasc\u0103 care administreaz\u0103 site-ul www.hotelstil.ro. 2.    Datele cu caracter personal pe care le prelucr\u0103m M&amp;T MARKET TRADE PROFESSIONALS SRL este un operator de date cu caracter personal. Colect\u0103m urm\u0103toarele tipuri de date cu caracter personal de la dvs: Nume, prenume Email Num\u0103r de telefon Mesaj Detalii rezervare Pseudonimizat [...]<\/p>","protected":false},"author":1,"featured_media":0,"parent":0,"menu_order":0,"comment_status":"closed","ping_status":"closed","template":"","meta":{"footnotes":""},"class_list":["post-2239","page","type-page","status-publish","hentry"],"yoast_head":"<!-- This site is optimized with the Yoast SEO plugin v24.9 - https:\/\/yoast.com\/wordpress\/plugins\/seo\/ -->\n<title>privacy policy - INSTILHOTELS<\/title>\n<meta name=\"robots\" content=\"index, follow, max-snippet:-1, max-image-preview:large, max-video-preview:-1\" \/>\n<link rel=\"canonical\" href=\"https:\/\/instilhotels.ro\/ro\/privacy-policy\/\" \/>\n<meta property=\"og:locale\" content=\"ro_RO\" \/>\n<meta property=\"og:type\" content=\"article\" \/>\n<meta property=\"og:title\" content=\"privacy policy - INSTILHOTELS\" \/>\n<meta property=\"og:description\" content=\"Personal data processing notice 1.\u00a0\u00a0\u00a0 Who we are M&amp;T MARKET TRADE PROFESSIONALS SRL is a Romanian company that manages www.hotelstil.ro website. 2.\u00a0\u00a0\u00a0 Personal data we process M&amp;T MARKET TRADE PROFESSIONALS SRL is a personal data controller. We collect the following types of personal data from you: Name, surname Email Phone number Message Booking details Pseudonymised [&hellip;]\" \/>\n<meta property=\"og:url\" content=\"https:\/\/instilhotels.ro\/ro\/privacy-policy\/\" \/>\n<meta property=\"og:site_name\" content=\"INSTILHOTELS\" \/>\n<meta property=\"article:modified_time\" content=\"2024-10-21T11:22:46+00:00\" \/>\n<meta property=\"og:image\" content=\"https:\/\/instilhotels.ro\/wp-content\/uploads\/2023\/12\/svg-gold.png\" \/>\n\t<meta property=\"og:image:width\" content=\"100\" \/>\n\t<meta property=\"og:image:height\" content=\"50\" \/>\n\t<meta property=\"og:image:type\" content=\"image\/png\" \/>\n<meta name=\"twitter:card\" content=\"summary_large_image\" \/>\n<meta name=\"twitter:label1\" content=\"Timp estimat pentru citire\" \/>\n\t<meta name=\"twitter:data1\" content=\"5 minute\" \/>\n<script type=\"application\/ld+json\" class=\"yoast-schema-graph\">{\"@context\":\"https:\/\/schema.org\",\"@graph\":[{\"@type\":\"WebPage\",\"@id\":\"https:\/\/instilhotels.ro\/privacy-policy\/\",\"url\":\"https:\/\/instilhotels.ro\/privacy-policy\/\",\"name\":\"privacy policy - INSTILHOTELS\",\"isPartOf\":{\"@id\":\"https:\/\/instilhotels.ro\/#website\"},\"primaryImageOfPage\":{\"@id\":\"https:\/\/instilhotels.ro\/privacy-policy\/#primaryimage\"},\"image\":{\"@id\":\"https:\/\/instilhotels.ro\/privacy-policy\/#primaryimage\"},\"thumbnailUrl\":\"https:\/\/instilhotels.ro\/wp-content\/uploads\/2023\/12\/svg-gold.png\",\"datePublished\":\"2024-01-07T16:12:52+00:00\",\"dateModified\":\"2024-10-21T11:22:46+00:00\",\"breadcrumb\":{\"@id\":\"https:\/\/instilhotels.ro\/privacy-policy\/#breadcrumb\"},\"inLanguage\":\"ro-RO\",\"potentialAction\":[{\"@type\":\"ReadAction\",\"target\":[\"https:\/\/instilhotels.ro\/privacy-policy\/\"]}]},{\"@type\":\"ImageObject\",\"inLanguage\":\"ro-RO\",\"@id\":\"https:\/\/instilhotels.ro\/privacy-policy\/#primaryimage\",\"url\":\"https:\/\/instilhotels.ro\/wp-content\/uploads\/2023\/12\/svg-gold.png\",\"contentUrl\":\"https:\/\/instilhotels.ro\/wp-content\/uploads\/2023\/12\/svg-gold.png\"},{\"@type\":\"BreadcrumbList\",\"@id\":\"https:\/\/instilhotels.ro\/privacy-policy\/#breadcrumb\",\"itemListElement\":[{\"@type\":\"ListItem\",\"position\":1,\"name\":\"Home\",\"item\":\"https:\/\/instilhotels.ro\/\"},{\"@type\":\"ListItem\",\"position\":2,\"name\":\"privacy policy\"}]},{\"@type\":\"WebSite\",\"@id\":\"https:\/\/instilhotels.ro\/#website\",\"url\":\"https:\/\/instilhotels.ro\/\",\"name\":\"INSTILHOTELS\",\"description\":\"\",\"publisher\":{\"@id\":\"https:\/\/instilhotels.ro\/#organization\"},\"potentialAction\":[{\"@type\":\"SearchAction\",\"target\":{\"@type\":\"EntryPoint\",\"urlTemplate\":\"https:\/\/instilhotels.ro\/?s={search_term_string}\"},\"query-input\":{\"@type\":\"PropertyValueSpecification\",\"valueRequired\":true,\"valueName\":\"search_term_string\"}}],\"inLanguage\":\"ro-RO\"},{\"@type\":\"Organization\",\"@id\":\"https:\/\/instilhotels.ro\/#organization\",\"name\":\"INSTILHOTELS\",\"url\":\"https:\/\/instilhotels.ro\/\",\"logo\":{\"@type\":\"ImageObject\",\"inLanguage\":\"ro-RO\",\"@id\":\"https:\/\/instilhotels.ro\/#\/schema\/logo\/image\/\",\"url\":\"https:\/\/instilhotels.ro\/wp-content\/uploads\/2024\/10\/cropped-Instillogo_editabil.pdf-1_2-1.png\",\"contentUrl\":\"https:\/\/instilhotels.ro\/wp-content\/uploads\/2024\/10\/cropped-Instillogo_editabil.pdf-1_2-1.png\",\"width\":1560,\"height\":1561,\"caption\":\"INSTILHOTELS\"},\"image\":{\"@id\":\"https:\/\/instilhotels.ro\/#\/schema\/logo\/image\/\"}}]}<\/script>\n<!-- \/ Yoast SEO plugin. -->","yoast_head_json":{"title":"privacy policy - INSTILHOTELS","robots":{"index":"index","follow":"follow","max-snippet":"max-snippet:-1","max-image-preview":"max-image-preview:large","max-video-preview":"max-video-preview:-1"},"canonical":"https:\/\/instilhotels.ro\/ro\/privacy-policy\/","og_locale":"ro_RO","og_type":"article","og_title":"privacy policy - INSTILHOTELS","og_description":"Personal data processing notice 1.\u00a0\u00a0\u00a0 Who we are M&amp;T MARKET TRADE PROFESSIONALS SRL is a Romanian company that manages www.hotelstil.ro website. 2.\u00a0\u00a0\u00a0 Personal data we process M&amp;T MARKET TRADE PROFESSIONALS SRL is a personal data controller. We collect the following types of personal data from you: Name, surname Email Phone number Message Booking details Pseudonymised [&hellip;]","og_url":"https:\/\/instilhotels.ro\/ro\/privacy-policy\/","og_site_name":"INSTILHOTELS","article_modified_time":"2024-10-21T11:22:46+00:00","og_image":[{"width":100,"height":50,"url":"https:\/\/instilhotels.ro\/wp-content\/uploads\/2023\/12\/svg-gold.png","type":"image\/png"}],"twitter_card":"summary_large_image","twitter_misc":{"Timp estimat pentru citire":"5 minute"},"schema":{"@context":"https:\/\/schema.org","@graph":[{"@type":"WebPage","@id":"https:\/\/instilhotels.ro\/privacy-policy\/","url":"https:\/\/instilhotels.ro\/privacy-policy\/","name":"privacy policy - INSTILHOTELS","isPartOf":{"@id":"https:\/\/instilhotels.ro\/#website"},"primaryImageOfPage":{"@id":"https:\/\/instilhotels.ro\/privacy-policy\/#primaryimage"},"image":{"@id":"https:\/\/instilhotels.ro\/privacy-policy\/#primaryimage"},"thumbnailUrl":"https:\/\/instilhotels.ro\/wp-content\/uploads\/2023\/12\/svg-gold.png","datePublished":"2024-01-07T16:12:52+00:00","dateModified":"2024-10-21T11:22:46+00:00","breadcrumb":{"@id":"https:\/\/instilhotels.ro\/privacy-policy\/#breadcrumb"},"inLanguage":"ro-RO","potentialAction":[{"@type":"ReadAction","target":["https:\/\/instilhotels.ro\/privacy-policy\/"]}]},{"@type":"ImageObject","inLanguage":"ro-RO","@id":"https:\/\/instilhotels.ro\/privacy-policy\/#primaryimage","url":"https:\/\/instilhotels.ro\/wp-content\/uploads\/2023\/12\/svg-gold.png","contentUrl":"https:\/\/instilhotels.ro\/wp-content\/uploads\/2023\/12\/svg-gold.png"},{"@type":"BreadcrumbList","@id":"https:\/\/instilhotels.ro\/privacy-policy\/#breadcrumb","itemListElement":[{"@type":"ListItem","position":1,"name":"Home","item":"https:\/\/instilhotels.ro\/"},{"@type":"ListItem","position":2,"name":"privacy policy"}]},{"@type":"WebSite","@id":"https:\/\/instilhotels.ro\/#website","url":"https:\/\/instilhotels.ro\/","name":"INSTILHOTELS","description":"","publisher":{"@id":"https:\/\/instilhotels.ro\/#organization"},"potentialAction":[{"@type":"SearchAction","target":{"@type":"EntryPoint","urlTemplate":"https:\/\/instilhotels.ro\/?s={search_term_string}"},"query-input":{"@type":"PropertyValueSpecification","valueRequired":true,"valueName":"search_term_string"}}],"inLanguage":"ro-RO"},{"@type":"Organization","@id":"https:\/\/instilhotels.ro\/#organization","name":"INSTILHOTELS","url":"https:\/\/instilhotels.ro\/","logo":{"@type":"ImageObject","inLanguage":"ro-RO","@id":"https:\/\/instilhotels.ro\/#\/schema\/logo\/image\/","url":"https:\/\/instilhotels.ro\/wp-content\/uploads\/2024\/10\/cropped-Instillogo_editabil.pdf-1_2-1.png","contentUrl":"https:\/\/instilhotels.ro\/wp-content\/uploads\/2024\/10\/cropped-Instillogo_editabil.pdf-1_2-1.png","width":1560,"height":1561,"caption":"INSTILHOTELS"},"image":{"@id":"https:\/\/instilhotels.ro\/#\/schema\/logo\/image\/"}}]}},"_links":{"self":[{"href":"https:\/\/instilhotels.ro\/ro\/wp-json\/wp\/v2\/pages\/2239","targetHints":{"allow":["GET"]}}],"collection":[{"href":"https:\/\/instilhotels.ro\/ro\/wp-json\/wp\/v2\/pages"}],"about":[{"href":"https:\/\/instilhotels.ro\/ro\/wp-json\/wp\/v2\/types\/page"}],"author":[{"embeddable":true,"href":"https:\/\/instilhotels.ro\/ro\/wp-json\/wp\/v2\/users\/1"}],"replies":[{"embeddable":true,"href":"https:\/\/instilhotels.ro\/ro\/wp-json\/wp\/v2\/comments?post=2239"}],"version-history":[{"count":19,"href":"https:\/\/instilhotels.ro\/ro\/wp-json\/wp\/v2\/pages\/2239\/revisions"}],"predecessor-version":[{"id":3679,"href":"https:\/\/instilhotels.ro\/ro\/wp-json\/wp\/v2\/pages\/2239\/revisions\/3679"}],"wp:attachment":[{"href":"https:\/\/instilhotels.ro\/ro\/wp-json\/wp\/v2\/media?parent=2239"}],"curies":[{"name":"wp","href":"https:\/\/api.w.org\/{rel}","templated":true}]}}