{"id":974,"date":"2023-07-27T08:45:23","date_gmt":"2023-07-27T08:45:23","guid":{"rendered":"https:\/\/instilhotels.ro\/?page_id=974"},"modified":"2023-08-14T08:25:41","modified_gmt":"2023-08-14T08:25:41","slug":"book-now","status":"publish","type":"page","link":"https:\/\/instilhotels.ro\/es\/book-now\/","title":{"rendered":"book now"},"content":{"rendered":"<div data-elementor-type=\"wp-page\" data-elementor-id=\"974\" class=\"elementor elementor-974\" data-elementor-post-type=\"page\">\n\t\t\t\t\t\t<section class=\"elementor-section elementor-top-section elementor-element elementor-element-e430cd1 elementor-section-height-min-height elementor-section-boxed elementor-section-height-default elementor-section-items-middle\" data-id=\"e430cd1\" data-element_type=\"section\" data-settings=\"{&quot;background_background&quot;:&quot;classic&quot;}\">\n\t\t\t\t\t\t<div class=\"elementor-container elementor-column-gap-default\">\n\t\t\t\t\t<div class=\"elementor-column elementor-col-100 elementor-top-column elementor-element elementor-element-3f7eabd\" data-id=\"3f7eabd\" data-element_type=\"column\">\n\t\t\t<div class=\"elementor-widget-wrap elementor-element-populated\">\n\t\t\t\t\t\t<div class=\"elementor-element elementor-element-2769ee3 elementor-widget elementor-widget-heading\" data-id=\"2769ee3\" data-element_type=\"widget\" data-widget_type=\"heading.default\">\n\t\t\t\t<div class=\"elementor-widget-container\">\n\t\t\t\t\t<h1 class=\"elementor-heading-title elementor-size-default\">Cuando en <span style=\"color:#08ACCA;\">Bucarest<\/span>reservar <br>habitaci\u00f3n con nosotros.<\/h1>\t\t\t\t<\/div>\n\t\t\t\t<\/div>\n\t\t\t\t<div class=\"elementor-element elementor-element-da8b681 elementor-widget elementor-widget-text-editor\" data-id=\"da8b681\" data-element_type=\"widget\" data-widget_type=\"text-editor.default\">\n\t\t\t\t<div class=\"elementor-widget-container\">\n\t\t\t\t\t\t\t\t\tDiversi\u00f3n, descanso, trabajo o turismo m\u00e9dico, tenemos el lugar adecuado <br>para ti. Permanezca en <span style=\"color: #08acca;\">con nosotros <\/span>y ser feliz.\t\t\t\t\t\t\t\t<\/div>\n\t\t\t\t<\/div>\n\t\t\t\t\t<\/div>\n\t\t<\/div>\n\t\t\t\t\t<\/div>\n\t\t<\/section>\n\t\t\t\t<section class=\"elementor-section elementor-top-section elementor-element elementor-element-8446544 form_image elementor-section-boxed elementor-section-height-default elementor-section-height-default\" data-id=\"8446544\" data-element_type=\"section\">\n\t\t\t\t\t\t<div class=\"elementor-container elementor-column-gap-default\">\n\t\t\t\t\t<div class=\"elementor-column elementor-col-100 elementor-top-column elementor-element elementor-element-649a912\" data-id=\"649a912\" data-element_type=\"column\" data-settings=\"{&quot;background_background&quot;:&quot;classic&quot;}\">\n\t\t\t<div class=\"elementor-widget-wrap elementor-element-populated\">\n\t\t\t\t\t\t<div class=\"elementor-element elementor-element-8bb1556 elementor-widget elementor-widget-text-editor\" data-id=\"8bb1556\" data-element_type=\"widget\" data-widget_type=\"text-editor.default\">\n\t\t\t\t<div class=\"elementor-widget-container\">\n\t\t\t\t\t\t\t\t\t<form id=\"hotel-search-form\" action=\"\">\n  <label for=\"hotel\">Seleccione hotel:<\/label>\n  <select id=\"hotel\" name=\"hotel\">\n    <option value=\"stil-nord\">Hotel Stil Nord<\/option>\n    <option value=\"stil-old-town\">Casco antiguo<\/option>\n  <\/select>\n\n  <label for=\"check-in\">Fecha de entrada:<\/label>\n  <input type=\"date\" id=\"check-in\" name=\"check-in\">\n\n  <label for=\"check-out\">Fecha de salida:<\/label>\n  <input type=\"date\" id=\"check-out\" name=\"check-out\">\n\n  <label for=\"adults\">Adultos:<\/label>\n  <input type=\"number\" id=\"adults\" name=\"adults\" min=\"0\">\n\n  <label for=\"children\">Hijos:<\/label>\n  <input type=\"number\" id=\"children\" name=\"children\" min=\"0\">\n\n  <label for=\"promo-code\">C\u00f3digo promocional:<\/label>\n  <input type=\"text\" id=\"promo-code\" name=\"promo-code\">\n\n  <input type=\"submit\" value=\"Buscar en\">\n<input type=\"hidden\" name=\"trp-form-language\" value=\"es\"\/><\/form>\t\t\t\t\t\t\t\t<\/div>\n\t\t\t\t<\/div>\n\t\t\t\t\t<\/div>\n\t\t<\/div>\n\t\t\t\t\t<\/div>\n\t\t<\/section>\n\t\t\t\t<section class=\"elementor-section elementor-top-section elementor-element elementor-element-522648d elementor-section-boxed elementor-section-height-default elementor-section-height-default\" data-id=\"522648d\" data-element_type=\"section\">\n\t\t\t\t\t\t<div class=\"elementor-container elementor-column-gap-default\">\n\t\t\t\t\t<div class=\"elementor-column elementor-col-100 elementor-top-column elementor-element elementor-element-a021933\" data-id=\"a021933\" data-element_type=\"column\">\n\t\t\t<div class=\"elementor-widget-wrap\">\n\t\t\t\t\t\t\t<\/div>\n\t\t<\/div>\n\t\t\t\t\t<\/div>\n\t\t<\/section>\n\t\t\t\t<section class=\"elementor-section elementor-top-section elementor-element elementor-element-ce150de elementor-section-boxed elementor-section-height-default elementor-section-height-default\" data-id=\"ce150de\" data-element_type=\"section\">\n\t\t\t\t\t\t<div class=\"elementor-container elementor-column-gap-default\">\n\t\t\t\t\t<div class=\"elementor-column elementor-col-100 elementor-top-column elementor-element elementor-element-a0bb42f\" data-id=\"a0bb42f\" data-element_type=\"column\">\n\t\t\t<div class=\"elementor-widget-wrap elementor-element-populated\">\n\t\t\t\t\t\t<div class=\"elementor-element elementor-element-09a0e62 elementor-widget elementor-widget-heading\" data-id=\"09a0e62\" data-element_type=\"widget\" data-widget_type=\"heading.default\">\n\t\t\t\t<div class=\"elementor-widget-container\">\n\t\t\t\t\t<h2 class=\"elementor-heading-title elementor-size-default\">Noticias y art\u00edculos<\/h2>\t\t\t\t<\/div>\n\t\t\t\t<\/div>\n\t\t\t\t<div class=\"elementor-element elementor-element-9df5dac elementor-widget elementor-widget-heading\" data-id=\"9df5dac\" data-element_type=\"widget\" data-widget_type=\"heading.default\">\n\t\t\t\t<div class=\"elementor-widget-container\">\n\t\t\t\t\t<h2 class=\"elementor-heading-title elementor-size-default\">Nuestras publicaciones y art\u00edculos recientes<\/h2>\t\t\t\t<\/div>\n\t\t\t\t<\/div>\n\t\t\t\t<div class=\"elementor-element elementor-element-302c06d elementor-widget__width-initial elementor-widget elementor-widget-text-editor\" data-id=\"302c06d\" data-element_type=\"widget\" data-widget_type=\"text-editor.default\">\n\t\t\t\t<div class=\"elementor-widget-container\">\n\t\t\t\t\t\t\t\t\t<p>En \"Descubra Bucarest\" le prometemos un viaje encantador por los bulevares arbolados, los exquisitos edificios de la Belle \u00c9poque, la impresionante arquitectura de la \u00e9poca comunista y los serenos parques que salpican la ciudad. Prep\u00e1rese para quedar hipnotizado por el emblem\u00e1tico Palacio del Parlamento, uno de los edificios m\u00e1s grandes y pesados del planeta, y encantado por el pintoresco barrio de Lipscani, el coraz\u00f3n palpitante del casco antiguo de Bucarest.<\/p>\t\t\t\t\t\t\t\t<\/div>\n\t\t\t\t<\/div>\n\t\t\t\t<div class=\"elementor-element elementor-element-888caaa post_section elementor-grid-3 elementor-grid-tablet-2 elementor-grid-mobile-1 elementor-posts--thumbnail-top elementor-card-shadow-yes elementor-posts__hover-gradient elementor-widget elementor-widget-posts\" data-id=\"888caaa\" data-element_type=\"widget\" data-settings=\"{&quot;cards_columns&quot;:&quot;3&quot;,&quot;cards_columns_tablet&quot;:&quot;2&quot;,&quot;cards_columns_mobile&quot;:&quot;1&quot;,&quot;cards_row_gap&quot;:{&quot;unit&quot;:&quot;px&quot;,&quot;size&quot;:35,&quot;sizes&quot;:[]},&quot;cards_row_gap_tablet&quot;:{&quot;unit&quot;:&quot;px&quot;,&quot;size&quot;:&quot;&quot;,&quot;sizes&quot;:[]},&quot;cards_row_gap_mobile&quot;:{&quot;unit&quot;:&quot;px&quot;,&quot;size&quot;:&quot;&quot;,&quot;sizes&quot;:[]}}\" data-widget_type=\"posts.cards\">\n\t\t\t\t<div class=\"elementor-widget-container\">\n\t\t\t\t\t\t\t<div class=\"elementor-posts-container elementor-posts elementor-posts--skin-cards elementor-grid\">\n\t\t\t\t<article class=\"elementor-post elementor-grid-item post-949 post type-post status-publish format-standard has-post-thumbnail hentry category-tourist-guide-bucharest tag-blog\">\n\t\t\t<div class=\"elementor-post__card\">\n\t\t\t\t<a class=\"elementor-post__thumbnail__link\" href=\"https:\/\/instilhotels.ro\/es\/bucharest-tourists-guide-public-transport\/\" tabindex=\"-1\" ><div class=\"elementor-post__thumbnail\"><img fetchpriority=\"high\" decoding=\"async\" width=\"300\" height=\"210\" src=\"https:\/\/instilhotels.ro\/wp-content\/uploads\/2023\/07\/Romanian-Metro-300x210.jpg\" class=\"attachment-medium size-medium wp-image-943\" alt=\"Romanian Metro\" srcset=\"https:\/\/instilhotels.ro\/wp-content\/uploads\/2023\/07\/Romanian-Metro-300x210.jpg 300w, https:\/\/instilhotels.ro\/wp-content\/uploads\/2023\/07\/Romanian-Metro.jpg 401w\" sizes=\"(max-width: 300px) 100vw, 300px\" \/><\/div><\/a>\n\t\t\t\t<div class=\"elementor-post__text\">\n\t\t\t\t<h3 class=\"elementor-post__title\">\n\t\t\t<a href=\"https:\/\/instilhotels.ro\/es\/bucharest-tourists-guide-public-transport\/\" >\n\t\t\t\tNavegar por Bucarest: gu\u00eda tur\u00edstica del transporte p\u00fablico\t\t\t<\/a>\n\t\t<\/h3>\n\t\t\t\t<div class=\"elementor-post__excerpt\">\n\t\t\t<p>Bucarest, la animada capital de Ruman\u00eda, es una ciudad repleta de historia, cultura y un sinf\u00edn de atracciones. Una de las mejores formas de explorar esta vibrante ciudad es utilizar su amplio y asequible sistema de transporte p\u00fablico. Aqu\u00ed tienes una gu\u00eda pr\u00e1ctica para moverte por Bucarest como un profesional.<\/p>\n\t\t<\/div>\n\t\t\n\t\t<a class=\"elementor-post__read-more\" href=\"https:\/\/instilhotels.ro\/es\/bucharest-tourists-guide-public-transport\/\" aria-label=\"M\u00e1s informaci\u00f3n sobre Navigating Bucharest: a tourist\u2019s guide to public transport\" tabindex=\"-1\" >\n\t\t\tSeguir leyendo\t\t<\/a>\n\n\t\t\t\t<\/div>\n\t\t\t\t<div class=\"elementor-post__meta-data\">\n\t\t\t\t\t<span class=\"elementor-post-author\">\n\t\t\tmarketing@instilhotels.ro\t\t<\/span>\n\t\t\t\t<span class=\"elementor-post-date\">\n\t\t\t27 de julio de 2023\t\t<\/span>\n\t\t\t\t<\/div>\n\t\t\t\t\t<\/div>\n\t\t<\/article>\n\t\t\t\t<article class=\"elementor-post elementor-grid-item post-941 post type-post status-publish format-standard has-post-thumbnail hentry category-tourist-guide-bucharest\">\n\t\t\t<div class=\"elementor-post__card\">\n\t\t\t\t<a class=\"elementor-post__thumbnail__link\" href=\"https:\/\/instilhotels.ro\/es\/experiencing-bucharest-a-tourists-guide-to-romanias-vibrant-capital\/\" tabindex=\"-1\" ><div class=\"elementor-post__thumbnail\"><img decoding=\"async\" width=\"300\" height=\"210\" src=\"https:\/\/instilhotels.ro\/wp-content\/uploads\/2023\/07\/Image-Placeholder-4-300x210.png\" class=\"attachment-medium size-medium wp-image-405\" alt=\"Image\" srcset=\"https:\/\/instilhotels.ro\/wp-content\/uploads\/2023\/07\/Image-Placeholder-4-300x210.png 300w, https:\/\/instilhotels.ro\/wp-content\/uploads\/2023\/07\/Image-Placeholder-4.png 401w\" sizes=\"(max-width: 300px) 100vw, 300px\" \/><\/div><\/a>\n\t\t\t\t<div class=\"elementor-post__text\">\n\t\t\t\t<h3 class=\"elementor-post__title\">\n\t\t\t<a href=\"https:\/\/instilhotels.ro\/es\/experiencing-bucharest-a-tourists-guide-to-romanias-vibrant-capital\/\" >\n\t\t\t\tVivir Bucarest: Gu\u00eda tur\u00edstica de la vibrante capital rumana\t\t\t<\/a>\n\t\t<\/h3>\n\t\t\t\t<div class=\"elementor-post__excerpt\">\n\t\t\t<p>Bucarest, a menudo conocida como la \"Peque\u00f1a Par\u00eds del Este\", ofrece una mezcla \u00fanica de encanto hist\u00f3rico, cultura vibrante y dinamismo moderno que cautiva a sus visitantes.<\/p>\n\t\t<\/div>\n\t\t\n\t\t<a class=\"elementor-post__read-more\" href=\"https:\/\/instilhotels.ro\/es\/experiencing-bucharest-a-tourists-guide-to-romanias-vibrant-capital\/\" aria-label=\"M\u00e1s informaci\u00f3n sobre Experiencing Bucharest: A tourist&#8217;s guide to Romania&#8217;s vibrant capital\" tabindex=\"-1\" >\n\t\t\tSeguir leyendo\t\t<\/a>\n\n\t\t\t\t<\/div>\n\t\t\t\t<div class=\"elementor-post__meta-data\">\n\t\t\t\t\t<span class=\"elementor-post-author\">\n\t\t\tmarketing@instilhotels.ro\t\t<\/span>\n\t\t\t\t<span class=\"elementor-post-date\">\n\t\t\t27 de julio de 2023\t\t<\/span>\n\t\t\t\t<\/div>\n\t\t\t\t\t<\/div>\n\t\t<\/article>\n\t\t\t\t<article class=\"elementor-post elementor-grid-item post-404 post type-post status-publish format-standard has-post-thumbnail hentry category-tourist-guide-bucharest\">\n\t\t\t<div class=\"elementor-post__card\">\n\t\t\t\t<a class=\"elementor-post__thumbnail__link\" href=\"https:\/\/instilhotels.ro\/es\/book-directly-with-instil-hotels\/\" tabindex=\"-1\" ><div class=\"elementor-post__thumbnail\"><img decoding=\"async\" width=\"300\" height=\"210\" src=\"https:\/\/instilhotels.ro\/wp-content\/uploads\/2023\/07\/direct-booking-Bucharest-300x210.jpg\" class=\"attachment-medium size-medium wp-image-951\" alt=\"direct booking Bucharest\" srcset=\"https:\/\/instilhotels.ro\/wp-content\/uploads\/2023\/07\/direct-booking-Bucharest-300x210.jpg 300w, https:\/\/instilhotels.ro\/wp-content\/uploads\/2023\/07\/direct-booking-Bucharest.jpg 401w\" sizes=\"(max-width: 300px) 100vw, 300px\" \/><\/div><\/a>\n\t\t\t\t<div class=\"elementor-post__text\">\n\t\t\t\t<h3 class=\"elementor-post__title\">\n\t\t\t<a href=\"https:\/\/instilhotels.ro\/es\/book-directly-with-instil-hotels\/\" >\n\t\t\t\tPor qu\u00e9 deber\u00eda reservar directamente con InStil Hotels\t\t\t<\/a>\n\t\t<\/h3>\n\t\t\t\t<div class=\"elementor-post__excerpt\">\n\t\t\t<p>En InStil Hotels, le ofrecemos una variada selecci\u00f3n de habitaciones adaptadas a su comodidad y conveniencia, y le recomendamos encarecidamente que reserve directamente con nosotros. Le explicamos por qu\u00e9:<\/p>\n\t\t<\/div>\n\t\t\n\t\t<a class=\"elementor-post__read-more\" href=\"https:\/\/instilhotels.ro\/es\/book-directly-with-instil-hotels\/\" aria-label=\"M\u00e1s informaci\u00f3n sobre Why you should book directly with InStil Hotels\" tabindex=\"-1\" >\n\t\t\tSeguir leyendo\t\t<\/a>\n\n\t\t\t\t<\/div>\n\t\t\t\t<div class=\"elementor-post__meta-data\">\n\t\t\t\t\t<span class=\"elementor-post-author\">\n\t\t\tmarketing@instilhotels.ro\t\t<\/span>\n\t\t\t\t<span class=\"elementor-post-date\">\n\t\t\t13 de julio de 2023\t\t<\/span>\n\t\t\t\t<\/div>\n\t\t\t\t\t<\/div>\n\t\t<\/article>\n\t\t\t\t<\/div>\n\t\t\n\t\t\t\t\t\t<\/div>\n\t\t\t\t<\/div>\n\t\t\t\t\t<\/div>\n\t\t<\/div>\n\t\t\t\t\t<\/div>\n\t\t<\/section>\n\t\t\t\t<\/div>","protected":false},"excerpt":{"rendered":"<p>When in Bucharest, book a room with us. Fun, relaxation, work or medical tourism, we have the right location for you. Stay with us and stay happy. Select Hotel: Hotel Stil NordStil Old Town Check-in Date: Check-out Date: Adults: Children: Promo Code: News &#038; Article Our Recent Post &#038; Article In &#8220;Discover Bucharest,&#8221; we promise [&hellip;]<\/p>","protected":false},"author":1,"featured_media":0,"parent":0,"menu_order":0,"comment_status":"closed","ping_status":"closed","template":"elementor_header_footer","meta":{"footnotes":""},"class_list":["post-974","page","type-page","status-publish","hentry"],"yoast_head":"<!-- This site is optimized with the Yoast SEO plugin v24.9 - https:\/\/yoast.com\/wordpress\/plugins\/seo\/ -->\n<title>book now - INSTILHOTELS<\/title>\n<meta name=\"robots\" content=\"index, follow, max-snippet:-1, max-image-preview:large, max-video-preview:-1\" \/>\n<link rel=\"canonical\" href=\"https:\/\/instilhotels.ro\/es\/book-now\/\" \/>\n<meta property=\"og:locale\" content=\"es_ES\" \/>\n<meta property=\"og:type\" content=\"article\" \/>\n<meta property=\"og:title\" content=\"book now - INSTILHOTELS\" \/>\n<meta property=\"og:description\" content=\"When in Bucharest, book a room with us. Fun, relaxation, work or medical tourism, we have the right location for you. Stay with us and stay happy. Select Hotel: Hotel Stil NordStil Old Town Check-in Date: Check-out Date: Adults: Children: Promo Code: News &#038; Article Our Recent Post &#038; Article In &#8220;Discover Bucharest,&#8221; we promise [&hellip;]\" \/>\n<meta property=\"og:url\" content=\"https:\/\/instilhotels.ro\/es\/book-now\/\" \/>\n<meta property=\"og:site_name\" content=\"INSTILHOTELS\" \/>\n<meta property=\"article:modified_time\" content=\"2023-08-14T08:25:41+00:00\" \/>\n<meta name=\"twitter:card\" content=\"summary_large_image\" \/>\n<meta name=\"twitter:label1\" content=\"Tiempo de lectura\" \/>\n\t<meta name=\"twitter:data1\" content=\"2 minutos\" \/>\n<script type=\"application\/ld+json\" class=\"yoast-schema-graph\">{\"@context\":\"https:\/\/schema.org\",\"@graph\":[{\"@type\":\"WebPage\",\"@id\":\"https:\/\/instilhotels.ro\/book-now\/\",\"url\":\"https:\/\/instilhotels.ro\/book-now\/\",\"name\":\"book now - INSTILHOTELS\",\"isPartOf\":{\"@id\":\"https:\/\/instilhotels.ro\/#website\"},\"datePublished\":\"2023-07-27T08:45:23+00:00\",\"dateModified\":\"2023-08-14T08:25:41+00:00\",\"breadcrumb\":{\"@id\":\"https:\/\/instilhotels.ro\/book-now\/#breadcrumb\"},\"inLanguage\":\"es\",\"potentialAction\":[{\"@type\":\"ReadAction\",\"target\":[\"https:\/\/instilhotels.ro\/book-now\/\"]}]},{\"@type\":\"BreadcrumbList\",\"@id\":\"https:\/\/instilhotels.ro\/book-now\/#breadcrumb\",\"itemListElement\":[{\"@type\":\"ListItem\",\"position\":1,\"name\":\"Home\",\"item\":\"https:\/\/instilhotels.ro\/\"},{\"@type\":\"ListItem\",\"position\":2,\"name\":\"book now\"}]},{\"@type\":\"WebSite\",\"@id\":\"https:\/\/instilhotels.ro\/#website\",\"url\":\"https:\/\/instilhotels.ro\/\",\"name\":\"INSTILHOTELS\",\"description\":\"\",\"publisher\":{\"@id\":\"https:\/\/instilhotels.ro\/#organization\"},\"potentialAction\":[{\"@type\":\"SearchAction\",\"target\":{\"@type\":\"EntryPoint\",\"urlTemplate\":\"https:\/\/instilhotels.ro\/?s={search_term_string}\"},\"query-input\":{\"@type\":\"PropertyValueSpecification\",\"valueRequired\":true,\"valueName\":\"search_term_string\"}}],\"inLanguage\":\"es\"},{\"@type\":\"Organization\",\"@id\":\"https:\/\/instilhotels.ro\/#organization\",\"name\":\"INSTILHOTELS\",\"url\":\"https:\/\/instilhotels.ro\/\",\"logo\":{\"@type\":\"ImageObject\",\"inLanguage\":\"es\",\"@id\":\"https:\/\/instilhotels.ro\/#\/schema\/logo\/image\/\",\"url\":\"https:\/\/instilhotels.ro\/wp-content\/uploads\/2024\/10\/cropped-Instillogo_editabil.pdf-1_2-1.png\",\"contentUrl\":\"https:\/\/instilhotels.ro\/wp-content\/uploads\/2024\/10\/cropped-Instillogo_editabil.pdf-1_2-1.png\",\"width\":1560,\"height\":1561,\"caption\":\"INSTILHOTELS\"},\"image\":{\"@id\":\"https:\/\/instilhotels.ro\/#\/schema\/logo\/image\/\"}}]}<\/script>\n<!-- \/ Yoast SEO plugin. -->","yoast_head_json":{"title":"book now - INSTILHOTELS","robots":{"index":"index","follow":"follow","max-snippet":"max-snippet:-1","max-image-preview":"max-image-preview:large","max-video-preview":"max-video-preview:-1"},"canonical":"https:\/\/instilhotels.ro\/es\/book-now\/","og_locale":"es_ES","og_type":"article","og_title":"book now - INSTILHOTELS","og_description":"When in Bucharest, book a room with us. Fun, relaxation, work or medical tourism, we have the right location for you. Stay with us and stay happy. Select Hotel: Hotel Stil NordStil Old Town Check-in Date: Check-out Date: Adults: Children: Promo Code: News &#038; Article Our Recent Post &#038; Article In &#8220;Discover Bucharest,&#8221; we promise [&hellip;]","og_url":"https:\/\/instilhotels.ro\/es\/book-now\/","og_site_name":"INSTILHOTELS","article_modified_time":"2023-08-14T08:25:41+00:00","twitter_card":"summary_large_image","twitter_misc":{"Tiempo de lectura":"2 minutos"},"schema":{"@context":"https:\/\/schema.org","@graph":[{"@type":"WebPage","@id":"https:\/\/instilhotels.ro\/book-now\/","url":"https:\/\/instilhotels.ro\/book-now\/","name":"book now - INSTILHOTELS","isPartOf":{"@id":"https:\/\/instilhotels.ro\/#website"},"datePublished":"2023-07-27T08:45:23+00:00","dateModified":"2023-08-14T08:25:41+00:00","breadcrumb":{"@id":"https:\/\/instilhotels.ro\/book-now\/#breadcrumb"},"inLanguage":"es","potentialAction":[{"@type":"ReadAction","target":["https:\/\/instilhotels.ro\/book-now\/"]}]},{"@type":"BreadcrumbList","@id":"https:\/\/instilhotels.ro\/book-now\/#breadcrumb","itemListElement":[{"@type":"ListItem","position":1,"name":"Home","item":"https:\/\/instilhotels.ro\/"},{"@type":"ListItem","position":2,"name":"book now"}]},{"@type":"WebSite","@id":"https:\/\/instilhotels.ro\/#website","url":"https:\/\/instilhotels.ro\/","name":"INSTILHOTELS","description":"","publisher":{"@id":"https:\/\/instilhotels.ro\/#organization"},"potentialAction":[{"@type":"SearchAction","target":{"@type":"EntryPoint","urlTemplate":"https:\/\/instilhotels.ro\/?s={search_term_string}"},"query-input":{"@type":"PropertyValueSpecification","valueRequired":true,"valueName":"search_term_string"}}],"inLanguage":"es"},{"@type":"Organization","@id":"https:\/\/instilhotels.ro\/#organization","name":"INSTILHOTELS","url":"https:\/\/instilhotels.ro\/","logo":{"@type":"ImageObject","inLanguage":"es","@id":"https:\/\/instilhotels.ro\/#\/schema\/logo\/image\/","url":"https:\/\/instilhotels.ro\/wp-content\/uploads\/2024\/10\/cropped-Instillogo_editabil.pdf-1_2-1.png","contentUrl":"https:\/\/instilhotels.ro\/wp-content\/uploads\/2024\/10\/cropped-Instillogo_editabil.pdf-1_2-1.png","width":1560,"height":1561,"caption":"INSTILHOTELS"},"image":{"@id":"https:\/\/instilhotels.ro\/#\/schema\/logo\/image\/"}}]}},"_links":{"self":[{"href":"https:\/\/instilhotels.ro\/es\/wp-json\/wp\/v2\/pages\/974","targetHints":{"allow":["GET"]}}],"collection":[{"href":"https:\/\/instilhotels.ro\/es\/wp-json\/wp\/v2\/pages"}],"about":[{"href":"https:\/\/instilhotels.ro\/es\/wp-json\/wp\/v2\/types\/page"}],"author":[{"embeddable":true,"href":"https:\/\/instilhotels.ro\/es\/wp-json\/wp\/v2\/users\/1"}],"replies":[{"embeddable":true,"href":"https:\/\/instilhotels.ro\/es\/wp-json\/wp\/v2\/comments?post=974"}],"version-history":[{"count":8,"href":"https:\/\/instilhotels.ro\/es\/wp-json\/wp\/v2\/pages\/974\/revisions"}],"predecessor-version":[{"id":3474,"href":"https:\/\/instilhotels.ro\/es\/wp-json\/wp\/v2\/pages\/974\/revisions\/3474"}],"wp:attachment":[{"href":"https:\/\/instilhotels.ro\/es\/wp-json\/wp\/v2\/media?parent=974"}],"curies":[{"name":"wp","href":"https:\/\/api.w.org\/{rel}","templated":true}]}}