{"id":3625,"date":"2024-10-18T20:27:09","date_gmt":"2024-10-18T17:27:09","guid":{"rendered":"https:\/\/instilhotels.ro\/?page_id=3625"},"modified":"2024-10-18T20:32:36","modified_gmt":"2024-10-18T17:32:36","slug":"carrers","status":"publish","type":"page","link":"https:\/\/instilhotels.ro\/es\/carrers\/","title":{"rendered":"Carrers"},"content":{"rendered":"<div data-elementor-type=\"wp-page\" data-elementor-id=\"3625\" class=\"elementor elementor-3625\" data-elementor-post-type=\"page\">\n\t\t\t\t\t\t<section class=\"elementor-section elementor-top-section elementor-element elementor-element-8209e1d elementor-section-height-min-height elementor-section-boxed elementor-section-height-default elementor-section-items-middle\" data-id=\"8209e1d\" data-element_type=\"section\" data-settings=\"{&quot;background_background&quot;:&quot;classic&quot;}\">\n\t\t\t\t\t\t<div class=\"elementor-container elementor-column-gap-default\">\n\t\t\t\t\t<div class=\"elementor-column elementor-col-100 elementor-top-column elementor-element elementor-element-84baa50\" data-id=\"84baa50\" data-element_type=\"column\">\n\t\t\t<div class=\"elementor-widget-wrap elementor-element-populated\">\n\t\t\t\t\t\t<section class=\"elementor-section elementor-inner-section elementor-element elementor-element-d31379a elementor-section-boxed elementor-section-height-default elementor-section-height-default\" data-id=\"d31379a\" data-element_type=\"section\">\n\t\t\t\t\t\t<div class=\"elementor-container elementor-column-gap-default\">\n\t\t\t\t\t<div class=\"elementor-column elementor-col-100 elementor-inner-column elementor-element elementor-element-2cbb56f\" data-id=\"2cbb56f\" data-element_type=\"column\">\n\t\t\t<div class=\"elementor-widget-wrap elementor-element-populated\">\n\t\t\t\t\t\t<div class=\"elementor-element elementor-element-4067c57 elementor-widget__width-initial elementor-widget elementor-widget-heading\" data-id=\"4067c57\" data-element_type=\"widget\" data-widget_type=\"heading.default\">\n\t\t\t\t<div class=\"elementor-widget-container\">\n\t\t\t\t\t<h1 class=\"elementor-heading-title elementor-size-default\">\u00danete a nuestro viaje -<br> Construir una carrera<\/h1>\t\t\t\t<\/div>\n\t\t\t\t<\/div>\n\t\t\t\t<div class=\"elementor-element elementor-element-190554e elementor-widget elementor-widget-text-editor\" data-id=\"190554e\" data-element_type=\"widget\" data-widget_type=\"text-editor.default\">\n\t\t\t\t<div class=\"elementor-widget-container\">\n\t\t\t\t\t\t\t\t\t Donde la hospitalidad se une a la excelencia en Bucarest.\t\t\t\t\t\t\t\t<\/div>\n\t\t\t\t<\/div>\n\t\t\t\t\t<\/div>\n\t\t<\/div>\n\t\t\t\t\t<\/div>\n\t\t<\/section>\n\t\t\t\t\t<\/div>\n\t\t<\/div>\n\t\t\t\t\t<\/div>\n\t\t<\/section>\n\t\t\t\t<section class=\"elementor-section elementor-top-section elementor-element elementor-element-56a2ce2 elementor-section-boxed elementor-section-height-default elementor-section-height-default\" data-id=\"56a2ce2\" data-element_type=\"section\">\n\t\t\t\t\t\t<div class=\"elementor-container elementor-column-gap-default\">\n\t\t\t\t\t<div class=\"elementor-column elementor-col-50 elementor-top-column elementor-element elementor-element-1242f00\" data-id=\"1242f00\" data-element_type=\"column\">\n\t\t\t<div class=\"elementor-widget-wrap elementor-element-populated\">\n\t\t\t\t\t\t<div class=\"elementor-element elementor-element-4ed3241 elementor-widget elementor-widget-heading\" data-id=\"4ed3241\" data-element_type=\"widget\" data-widget_type=\"heading.default\">\n\t\t\t\t<div class=\"elementor-widget-container\">\n\t\t\t\t\t<h2 class=\"elementor-heading-title elementor-size-default\">\u00danete a la familia InStil Hotels\n<\/h2>\t\t\t\t<\/div>\n\t\t\t\t<\/div>\n\t\t\t\t<div class=\"elementor-element elementor-element-295522e elementor-widget elementor-widget-text-editor\" data-id=\"295522e\" data-element_type=\"widget\" data-widget_type=\"text-editor.default\">\n\t\t\t\t<div class=\"elementor-widget-container\">\n\t\t\t\t\t\t\t\t\t<p>En <strong>Hoteles InStil<\/strong>Creemos que una hospitalidad excepcional comienza con personas excepcionales. Con tres distinguidos hoteles en Ruman\u00eda, nos dedicamos a crear experiencias inolvidables para nuestros hu\u00e9spedes fomentando una cultura de calidez, respeto y excelencia.<\/p><p>Tanto si est\u00e1s empezando tu carrera profesional como si quieres dar el siguiente paso en el sector de la hosteler\u00eda, InStil Hotels te ofrece un entorno din\u00e1mico y orientado al crecimiento en el que tus habilidades y tu pasi\u00f3n pueden florecer.<\/p><h4>\u00bfPor qu\u00e9 trabajar con nosotros?<\/h4><ul><li><strong>Oportunidades de crecimiento<\/strong>: Con tres hoteles bajo nuestra marca, tendr\u00e1s un amplio espacio para crecer, explorar diversas trayectorias profesionales y desarrollarte profesionalmente.<\/li><li><strong>Cultura de excelencia<\/strong>: Nos comprometemos a ofrecer un servicio de primera clase, y eso empieza por invertir en nuestros empleados. Contar\u00e1s con el apoyo de programas de formaci\u00f3n, tutor\u00eda y un ambiente de colaboraci\u00f3n en equipo.<\/li><li><strong>Experiencia gratificante<\/strong>: En InStil Hotels, reconocemos y valoramos tus contribuciones. Desde salarios y beneficios competitivos hasta oportunidades de promoci\u00f3n profesional, nos aseguramos de que tu duro trabajo se vea recompensado.<\/li><li><strong>Un hogar en la hospitalidad<\/strong>: Trabajar con nosotros significa formar parte de una familia que da prioridad al cuidado de nuestros hu\u00e9spedes y de los dem\u00e1s. Creemos en la creaci\u00f3n de un entorno agradable e integrador en el que todo el mundo se sienta respetado y capacitado.<\/li><\/ul>\t\t\t\t\t\t\t\t<\/div>\n\t\t\t\t<\/div>\n\t\t\t\t\t<\/div>\n\t\t<\/div>\n\t\t\t\t<div class=\"elementor-column elementor-col-50 elementor-top-column elementor-element elementor-element-96ca4d8\" data-id=\"96ca4d8\" data-element_type=\"column\">\n\t\t\t<div class=\"elementor-widget-wrap elementor-element-populated\">\n\t\t\t\t\t\t<section class=\"elementor-section elementor-inner-section elementor-element elementor-element-fd39a3e join elementor-section-boxed elementor-section-height-default elementor-section-height-default\" data-id=\"fd39a3e\" data-element_type=\"section\">\n\t\t\t\t\t\t<div class=\"elementor-container elementor-column-gap-default\">\n\t\t\t\t\t<div class=\"elementor-column elementor-col-100 elementor-inner-column elementor-element elementor-element-4106945\" data-id=\"4106945\" data-element_type=\"column\" data-settings=\"{&quot;background_background&quot;:&quot;classic&quot;}\">\n\t\t\t<div class=\"elementor-widget-wrap elementor-element-populated\">\n\t\t\t\t\t\t<div class=\"elementor-element elementor-element-74a2bf9 elementor-button-align-start elementor-widget elementor-widget-form\" data-id=\"74a2bf9\" data-element_type=\"widget\" data-settings=\"{&quot;step_next_label&quot;:&quot;Next&quot;,&quot;step_previous_label&quot;:&quot;Previous&quot;,&quot;button_width&quot;:&quot;100&quot;,&quot;step_type&quot;:&quot;number_text&quot;,&quot;step_icon_shape&quot;:&quot;circle&quot;}\" data-widget_type=\"form.default\">\n\t\t\t\t<div class=\"elementor-widget-container\">\n\t\t\t\t\t\t\t<form class=\"elementor-form\" method=\"post\" name=\"New Form\" action=\"\">\n\t\t\t<input type=\"hidden\" name=\"post_id\" value=\"3625\"\/>\n\t\t\t<input type=\"hidden\" name=\"form_id\" value=\"74a2bf9\"\/>\n\t\t\t<input type=\"hidden\" name=\"referer_title\" value=\"INSTILHOTELS\" \/>\n\n\t\t\t\n\t\t\t<div class=\"elementor-form-fields-wrapper elementor-labels-above\">\n\t\t\t\t\t\t\t\t<div class=\"elementor-field-type-text elementor-field-group elementor-column elementor-field-group-name elementor-col-50 elementor-field-required\">\n\t\t\t\t\t\t\t\t\t\t\t\t<label for=\"form-field-name\" class=\"elementor-field-label\">\n\t\t\t\t\t\t\t\tNombre\t\t\t\t\t\t\t<\/label>\n\t\t\t\t\t\t\t\t\t\t\t\t\t\t<input size=\"1\" type=\"text\" name=\"form_fields[name]\" id=\"form-field-name\" class=\"elementor-field elementor-size-sm  elementor-field-textual\" placeholder=\"Nombre\" required=\"required\">\n\t\t\t\t\t\t\t\t\t\t\t<\/div>\n\t\t\t\t\t\t\t\t<div class=\"elementor-field-type-text elementor-field-group elementor-column elementor-field-group-last_name elementor-col-50 elementor-field-required\">\n\t\t\t\t\t\t\t\t\t\t\t\t<label for=\"form-field-last_name\" class=\"elementor-field-label\">\n\t\t\t\t\t\t\t\tApellido\t\t\t\t\t\t\t<\/label>\n\t\t\t\t\t\t\t\t\t\t\t\t\t\t<input size=\"1\" type=\"text\" name=\"form_fields[last_name]\" id=\"form-field-last_name\" class=\"elementor-field elementor-size-sm  elementor-field-textual\" placeholder=\"Apellido\" required=\"required\">\n\t\t\t\t\t\t\t\t\t\t\t<\/div>\n\t\t\t\t\t\t\t\t<div class=\"elementor-field-type-tel elementor-field-group elementor-column elementor-field-group-phone_number elementor-col-50 elementor-field-required\">\n\t\t\t\t\t\t\t\t\t\t\t\t<label for=\"form-field-phone_number\" class=\"elementor-field-label\">\n\t\t\t\t\t\t\t\tN\u00famero de tel\u00e9fono\t\t\t\t\t\t\t<\/label>\n\t\t\t\t\t\t\t\t<input size=\"1\" type=\"tel\" name=\"form_fields[phone_number]\" id=\"form-field-phone_number\" class=\"elementor-field elementor-size-sm  elementor-field-textual\" placeholder=\"N\u00famero de tel\u00e9fono\" required=\"required\" pattern=\"[0-9()#&amp;+*-=.]+\" title=\"Solo se aceptan n\u00fameros y caracteres de tel\u00e9fono (#,-,*,etc).\">\n\n\t\t\t\t\t\t<\/div>\n\t\t\t\t\t\t\t\t<div class=\"elementor-field-type-email elementor-field-group elementor-column elementor-field-group-email elementor-col-50 elementor-field-required\">\n\t\t\t\t\t\t\t\t\t\t\t\t<label for=\"form-field-email\" class=\"elementor-field-label\">\n\t\t\t\t\t\t\t\tCorreo electr\u00f3nico\t\t\t\t\t\t\t<\/label>\n\t\t\t\t\t\t\t\t\t\t\t\t\t\t<input size=\"1\" type=\"email\" name=\"form_fields[email]\" id=\"form-field-email\" class=\"elementor-field elementor-size-sm  elementor-field-textual\" placeholder=\"Correo electr\u00f3nico\" required=\"required\">\n\t\t\t\t\t\t\t\t\t\t\t<\/div>\n\t\t\t\t\t\t\t\t<div class=\"elementor-field-type-textarea elementor-field-group elementor-column elementor-field-group-Message elementor-col-100\">\n\t\t\t\t\t\t\t\t\t\t\t\t<label for=\"form-field-Message\" class=\"elementor-field-label\">\n\t\t\t\t\t\t\t\tSu mensaje\t\t\t\t\t\t\t<\/label>\n\t\t\t\t\t\t<textarea class=\"elementor-field-textual elementor-field  elementor-size-sm\" name=\"form_fields[Message]\" id=\"form-field-Message\" rows=\"4\" placeholder=\"Su mensaje\"><\/textarea>\t\t\t\t<\/div>\n\t\t\t\t\t\t\t\t<div class=\"elementor-field-type-upload elementor-field-group elementor-column elementor-field-group-field_dd3212c elementor-col-100\">\n\t\t\t\t\t\t\t\t\t\t\t\t<label for=\"form-field-field_dd3212c\" class=\"elementor-field-label\">\n\t\t\t\t\t\t\t\tCargar CV\t\t\t\t\t\t\t<\/label>\n\t\t\t\t\t\t\t\t<input type=\"file\" name=\"form_fields[field_dd3212c]\" id=\"form-field-field_dd3212c\" class=\"elementor-field elementor-size-sm  elementor-upload-field\" data-maxsize=\"23\" data-maxsize-message=\"Este archivo excede el tama\u00f1o m\u00e1ximo permitido.\">\n\n\t\t\t\t\t\t<\/div>\n\t\t\t\t\t\t\t\t<div class=\"elementor-field-type-upload elementor-field-group elementor-column elementor-field-group-field_b582db9 elementor-col-100\">\n\t\t\t\t\t\t\t\t\t\t\t\t<label for=\"form-field-field_b582db9\" class=\"elementor-field-label\">\n\t\t\t\t\t\t\t\tCargar carta de motivaci\u00f3n\t\t\t\t\t\t\t<\/label>\n\t\t\t\t\t\t\t\t<input type=\"file\" name=\"form_fields[field_b582db9]\" id=\"form-field-field_b582db9\" class=\"elementor-field elementor-size-sm  elementor-upload-field\" data-maxsize=\"23\" data-maxsize-message=\"Este archivo excede el tama\u00f1o m\u00e1ximo permitido.\">\n\n\t\t\t\t\t\t<\/div>\n\t\t\t\t\t\t\t\t<div class=\"elementor-field-group elementor-column elementor-field-type-submit elementor-col-100 e-form__buttons\">\n\t\t\t\t\t<button class=\"elementor-button elementor-size-sm\" type=\"submit\">\n\t\t\t\t\t\t<span class=\"elementor-button-content-wrapper\">\n\t\t\t\t\t\t\t\t\t\t\t\t\t\t\t\t\t\t\t\t\t\t<span class=\"elementor-button-text\">Enviar<\/span>\n\t\t\t\t\t\t\t\t\t\t\t\t\t<\/span>\n\t\t\t\t\t<\/button>\n\t\t\t\t<\/div>\n\t\t\t<\/div>\n\t\t<input type=\"hidden\" name=\"trp-form-language\" value=\"es\"\/><\/form>\n\t\t\t\t\t\t<\/div>\n\t\t\t\t<\/div>\n\t\t\t\t\t<\/div>\n\t\t<\/div>\n\t\t\t\t\t<\/div>\n\t\t<\/section>\n\t\t\t\t\t<\/div>\n\t\t<\/div>\n\t\t\t\t\t<\/div>\n\t\t<\/section>\n\t\t\t\t<section class=\"elementor-section elementor-top-section elementor-element elementor-element-90febb9 elementor-section-boxed elementor-section-height-default elementor-section-height-default\" data-id=\"90febb9\" data-element_type=\"section\">\n\t\t\t\t\t\t<div class=\"elementor-container elementor-column-gap-default\">\n\t\t\t\t\t<div class=\"elementor-column elementor-col-100 elementor-top-column elementor-element elementor-element-1a6e232\" data-id=\"1a6e232\" data-element_type=\"column\">\n\t\t\t<div class=\"elementor-widget-wrap\">\n\t\t\t\t\t\t\t<\/div>\n\t\t<\/div>\n\t\t\t\t\t<\/div>\n\t\t<\/section>\n\t\t\t\t<\/div>","protected":false},"excerpt":{"rendered":"<p>\u00danete a nuestro viaje - Construye una carrera donde la hospitalidad se une a la excelencia en Bucarest. \u00danete a la familia InStil Hotels En InStil Hotels, creemos que la hospitalidad excepcional comienza con personas excepcionales. Con tres distinguidos hoteles en Ruman\u00eda, nos dedicamos a crear experiencias inolvidables para nuestros hu\u00e9spedes fomentando una cultura de calidez, respeto y excelencia. Tanto si [...]<\/p>","protected":false},"author":1,"featured_media":0,"parent":0,"menu_order":0,"comment_status":"closed","ping_status":"closed","template":"","meta":{"footnotes":""},"class_list":["post-3625","page","type-page","status-publish","hentry"],"yoast_head":"<!-- This site is optimized with the Yoast SEO plugin v24.9 - https:\/\/yoast.com\/wordpress\/plugins\/seo\/ -->\n<title>Carrers - INSTILHOTELS<\/title>\n<meta name=\"robots\" content=\"index, follow, max-snippet:-1, max-image-preview:large, max-video-preview:-1\" \/>\n<link rel=\"canonical\" href=\"https:\/\/instilhotels.ro\/es\/carrers\/\" \/>\n<meta property=\"og:locale\" content=\"es_ES\" \/>\n<meta property=\"og:type\" content=\"article\" \/>\n<meta property=\"og:title\" content=\"Carrers - INSTILHOTELS\" \/>\n<meta property=\"og:description\" content=\"Join Our Journey \u2013 Build a Career Where Hospitality Meets Excellence in Bucharest. Join the InStil Hotels Family At InStil Hotels, we believe that exceptional hospitality begins with exceptional people. With three distinguished hotels in Romania, we are dedicated to creating unforgettable guest experiences by fostering a culture of warmth, respect, and excellence. Whether you&#8217;re [&hellip;]\" \/>\n<meta property=\"og:url\" content=\"https:\/\/instilhotels.ro\/es\/carrers\/\" \/>\n<meta property=\"og:site_name\" content=\"INSTILHOTELS\" \/>\n<meta property=\"article:modified_time\" content=\"2024-10-18T17:32:36+00:00\" \/>\n<meta name=\"twitter:card\" content=\"summary_large_image\" \/>\n<meta name=\"twitter:label1\" content=\"Tiempo de lectura\" \/>\n\t<meta name=\"twitter:data1\" content=\"1 minuto\" \/>\n<script type=\"application\/ld+json\" class=\"yoast-schema-graph\">{\"@context\":\"https:\/\/schema.org\",\"@graph\":[{\"@type\":\"WebPage\",\"@id\":\"https:\/\/instilhotels.ro\/carrers\/\",\"url\":\"https:\/\/instilhotels.ro\/carrers\/\",\"name\":\"Carrers - INSTILHOTELS\",\"isPartOf\":{\"@id\":\"https:\/\/instilhotels.ro\/#website\"},\"datePublished\":\"2024-10-18T17:27:09+00:00\",\"dateModified\":\"2024-10-18T17:32:36+00:00\",\"breadcrumb\":{\"@id\":\"https:\/\/instilhotels.ro\/carrers\/#breadcrumb\"},\"inLanguage\":\"es\",\"potentialAction\":[{\"@type\":\"ReadAction\",\"target\":[\"https:\/\/instilhotels.ro\/carrers\/\"]}]},{\"@type\":\"BreadcrumbList\",\"@id\":\"https:\/\/instilhotels.ro\/carrers\/#breadcrumb\",\"itemListElement\":[{\"@type\":\"ListItem\",\"position\":1,\"name\":\"Home\",\"item\":\"https:\/\/instilhotels.ro\/\"},{\"@type\":\"ListItem\",\"position\":2,\"name\":\"Carrers\"}]},{\"@type\":\"WebSite\",\"@id\":\"https:\/\/instilhotels.ro\/#website\",\"url\":\"https:\/\/instilhotels.ro\/\",\"name\":\"INSTILHOTELS\",\"description\":\"\",\"publisher\":{\"@id\":\"https:\/\/instilhotels.ro\/#organization\"},\"potentialAction\":[{\"@type\":\"SearchAction\",\"target\":{\"@type\":\"EntryPoint\",\"urlTemplate\":\"https:\/\/instilhotels.ro\/?s={search_term_string}\"},\"query-input\":{\"@type\":\"PropertyValueSpecification\",\"valueRequired\":true,\"valueName\":\"search_term_string\"}}],\"inLanguage\":\"es\"},{\"@type\":\"Organization\",\"@id\":\"https:\/\/instilhotels.ro\/#organization\",\"name\":\"INSTILHOTELS\",\"url\":\"https:\/\/instilhotels.ro\/\",\"logo\":{\"@type\":\"ImageObject\",\"inLanguage\":\"es\",\"@id\":\"https:\/\/instilhotels.ro\/#\/schema\/logo\/image\/\",\"url\":\"https:\/\/instilhotels.ro\/wp-content\/uploads\/2024\/10\/cropped-Instillogo_editabil.pdf-1_2-1.png\",\"contentUrl\":\"https:\/\/instilhotels.ro\/wp-content\/uploads\/2024\/10\/cropped-Instillogo_editabil.pdf-1_2-1.png\",\"width\":1560,\"height\":1561,\"caption\":\"INSTILHOTELS\"},\"image\":{\"@id\":\"https:\/\/instilhotels.ro\/#\/schema\/logo\/image\/\"}}]}<\/script>\n<!-- \/ Yoast SEO plugin. -->","yoast_head_json":{"title":"Carrers - INSTILHOTELS","robots":{"index":"index","follow":"follow","max-snippet":"max-snippet:-1","max-image-preview":"max-image-preview:large","max-video-preview":"max-video-preview:-1"},"canonical":"https:\/\/instilhotels.ro\/es\/carrers\/","og_locale":"es_ES","og_type":"article","og_title":"Carrers - INSTILHOTELS","og_description":"Join Our Journey \u2013 Build a Career Where Hospitality Meets Excellence in Bucharest. Join the InStil Hotels Family At InStil Hotels, we believe that exceptional hospitality begins with exceptional people. With three distinguished hotels in Romania, we are dedicated to creating unforgettable guest experiences by fostering a culture of warmth, respect, and excellence. Whether you&#8217;re [&hellip;]","og_url":"https:\/\/instilhotels.ro\/es\/carrers\/","og_site_name":"INSTILHOTELS","article_modified_time":"2024-10-18T17:32:36+00:00","twitter_card":"summary_large_image","twitter_misc":{"Tiempo de lectura":"1 minuto"},"schema":{"@context":"https:\/\/schema.org","@graph":[{"@type":"WebPage","@id":"https:\/\/instilhotels.ro\/carrers\/","url":"https:\/\/instilhotels.ro\/carrers\/","name":"Carrers - INSTILHOTELS","isPartOf":{"@id":"https:\/\/instilhotels.ro\/#website"},"datePublished":"2024-10-18T17:27:09+00:00","dateModified":"2024-10-18T17:32:36+00:00","breadcrumb":{"@id":"https:\/\/instilhotels.ro\/carrers\/#breadcrumb"},"inLanguage":"es","potentialAction":[{"@type":"ReadAction","target":["https:\/\/instilhotels.ro\/carrers\/"]}]},{"@type":"BreadcrumbList","@id":"https:\/\/instilhotels.ro\/carrers\/#breadcrumb","itemListElement":[{"@type":"ListItem","position":1,"name":"Home","item":"https:\/\/instilhotels.ro\/"},{"@type":"ListItem","position":2,"name":"Carrers"}]},{"@type":"WebSite","@id":"https:\/\/instilhotels.ro\/#website","url":"https:\/\/instilhotels.ro\/","name":"INSTILHOTELS","description":"","publisher":{"@id":"https:\/\/instilhotels.ro\/#organization"},"potentialAction":[{"@type":"SearchAction","target":{"@type":"EntryPoint","urlTemplate":"https:\/\/instilhotels.ro\/?s={search_term_string}"},"query-input":{"@type":"PropertyValueSpecification","valueRequired":true,"valueName":"search_term_string"}}],"inLanguage":"es"},{"@type":"Organization","@id":"https:\/\/instilhotels.ro\/#organization","name":"INSTILHOTELS","url":"https:\/\/instilhotels.ro\/","logo":{"@type":"ImageObject","inLanguage":"es","@id":"https:\/\/instilhotels.ro\/#\/schema\/logo\/image\/","url":"https:\/\/instilhotels.ro\/wp-content\/uploads\/2024\/10\/cropped-Instillogo_editabil.pdf-1_2-1.png","contentUrl":"https:\/\/instilhotels.ro\/wp-content\/uploads\/2024\/10\/cropped-Instillogo_editabil.pdf-1_2-1.png","width":1560,"height":1561,"caption":"INSTILHOTELS"},"image":{"@id":"https:\/\/instilhotels.ro\/#\/schema\/logo\/image\/"}}]}},"_links":{"self":[{"href":"https:\/\/instilhotels.ro\/es\/wp-json\/wp\/v2\/pages\/3625","targetHints":{"allow":["GET"]}}],"collection":[{"href":"https:\/\/instilhotels.ro\/es\/wp-json\/wp\/v2\/pages"}],"about":[{"href":"https:\/\/instilhotels.ro\/es\/wp-json\/wp\/v2\/types\/page"}],"author":[{"embeddable":true,"href":"https:\/\/instilhotels.ro\/es\/wp-json\/wp\/v2\/users\/1"}],"replies":[{"embeddable":true,"href":"https:\/\/instilhotels.ro\/es\/wp-json\/wp\/v2\/comments?post=3625"}],"version-history":[{"count":4,"href":"https:\/\/instilhotels.ro\/es\/wp-json\/wp\/v2\/pages\/3625\/revisions"}],"predecessor-version":[{"id":3630,"href":"https:\/\/instilhotels.ro\/es\/wp-json\/wp\/v2\/pages\/3625\/revisions\/3630"}],"wp:attachment":[{"href":"https:\/\/instilhotels.ro\/es\/wp-json\/wp\/v2\/media?parent=3625"}],"curies":[{"name":"wp","href":"https:\/\/api.w.org\/{rel}","templated":true}]}}