{"id":3578,"date":"2024-10-18T20:05:22","date_gmt":"2024-10-18T17:05:22","guid":{"rendered":"https:\/\/instilhotels.ro\/?page_id=3578"},"modified":"2024-10-18T20:05:33","modified_gmt":"2024-10-18T17:05:33","slug":"cookies-policy","status":"publish","type":"page","link":"https:\/\/instilhotels.ro\/es\/cookies-policy\/","title":{"rendered":"Pol\u00edtica de cookies"},"content":{"rendered":"<div data-elementor-type=\"wp-page\" data-elementor-id=\"3578\" class=\"elementor elementor-3578\" data-elementor-post-type=\"page\">\n\t\t\t\t\t\t<section class=\"elementor-section elementor-top-section elementor-element elementor-element-2b312ed7 elementor-section-boxed elementor-section-height-default elementor-section-height-default\" data-id=\"2b312ed7\" data-element_type=\"section\">\n\t\t\t\t\t\t<div class=\"elementor-container elementor-column-gap-default\">\n\t\t\t\t\t<div class=\"elementor-column elementor-col-100 elementor-top-column elementor-element elementor-element-633935fd\" data-id=\"633935fd\" data-element_type=\"column\">\n\t\t\t<div class=\"elementor-widget-wrap elementor-element-populated\">\n\t\t\t\t\t\t<div class=\"elementor-element elementor-element-3e431bbb elementor-widget elementor-widget-text-editor\" data-id=\"3e431bbb\" data-element_type=\"widget\" data-widget_type=\"text-editor.default\">\n\t\t\t\t<div class=\"elementor-widget-container\">\n\t\t\t\t\t\t\t\t\t<p><strong>Informaci\u00f3n sobre cookies<\/strong><br>\nPara permitir el uso del sitio web y mejorar la experiencia de navegaci\u00f3n, este sitio web utiliza cookies en su ordenador\/dispositivo m\u00f3vil.<br>\nTodas las cookies son necesarias para que el sitio web funcione correctamente y para permitir que el usuario tenga una experiencia de uso satisfactoria. Para utilizar este sitio web es necesario el uso de cookies, que nos permiten ofrecerte servicios que solicitas. Si no acepta el uso de cookies adicionales, podr\u00e1 navegar por el sitio web de forma continuada, ya que las funciones adicionales no est\u00e1n disponibles para el usuario.<\/p>\n<p><strong>\u00bfEste es un cookie?<\/strong><br>\nCookie-urile sunt informa\u021bii stocate in calculatorul sau dispozitivul dumneavoastr\u0103 mobil de c\u0103tre site-ul pe care \u00eel accesa\u021bi. \u00cen mod normal cookie-urile v\u0103 p\u0103streaz\u0103 preferin\u021bele, set\u0103rile site-ului cum ar fi limba preferat\u0103 sau adresa. Ulterior, c\u00e2nd accesa\u021bi din nou acel site, browserul de internet trimite \u00eenapoi cookie-urile acelei pagini. Esto permite que las p\u00e1ginas del sitio web se personalicen, para que el usuario pueda acceder a las cookies del sitio web y utilizarlas en perioad\u0103 specificat\u0103. Al almacenar datos de un usuario en una p\u00e1gina web, el servidor web citar\u00e1 los valores almacenados anteriormente en la cookie.<br>\nLas cookies pueden almacenar una gran cantidad de informaci\u00f3n, incluida informaci\u00f3n personal. A partir de la fecha en que se utilicen las cookies, el usuario podr\u00e1 acceder a la informaci\u00f3n que se ofrece en la p\u00e1gina web desde su ordenador o dispositivo m\u00f3vil.&nbsp;<\/p>\n<p>Pute\u021bi schimba set\u0103rile browser-ului astfel \u00eenc\u00e2t s\u0103 alege\u021bi dac\u0103 ve\u021bi accepta sau nu solicit\u0103rile acestor cookie-uri sau s\u0103 \u0219terge\u021bi cookie-urile salvate in mod automat c\u00e2nd \u00eenchide\u021bi browser-ul si a\u0219a mai departe. De asemenea, dac\u0103 v\u0103 da\u021bi acordul utiliz\u0103rii cookie-urilor, v\u0103 pute\u021bi schimba op\u021biunea \u00een orice moment.<\/p>\n<p><strong>Las cookies que utiliza hotelstil.es son las siguientes<\/strong><\/p>\n<p><strong>Cookie-uri necessare -&nbsp;<\/strong>Estas cookies ayudan a los usuarios a crear o utilizar un sitio web, permiten realizar b\u00fasquedas y proporcionan acceso a zonas seguras del sitio web. El sitio web no puede funcionar sin las cookies.<\/p>\n<table>\n<tbody>\n<tr>\n<td width=\"181\">Galleta Denumire<\/td>\n<td width=\"144\">Descriere<\/td>\n<td width=\"136\">Consejo<\/td>\n<td width=\"140\">Expirare<\/td>\n<\/tr>\n<tr>\n<td width=\"181\">rc::a<\/td>\n<td width=\"144\">Face diferen\u021ba \u00eentre oameni \u0219i bo\u021bi<\/td>\n<td width=\"136\">HTML<\/td>\n<td width=\"140\">Persistente<\/td>\n<\/tr>\n<tr>\n<td width=\"181\">rc::b<\/td>\n<td width=\"144\">Face diferen\u021ba \u00eentre oameni \u0219i bo\u021bi<\/td>\n<td width=\"136\">HTML<\/td>\n<td width=\"140\">Sesiune<\/td>\n<\/tr>\n<tr>\n<td width=\"181\">rc::c<\/td>\n<td width=\"144\">Face diferen\u021ba \u00eentre oameni \u0219i bo\u021bi<\/td>\n<td width=\"136\">HTML<\/td>\n<td width=\"140\">Sesiune<\/td>\n<\/tr>\n<\/tbody>\n<\/table>\n<p><strong>&nbsp;<\/strong><\/p>\n<p><strong>Cookie-uri analitice -&nbsp;<\/strong>Se trata de cookies que permiten al sitio web analizar el tr\u00e1fico, las p\u00e1ginas utilizadas y las horas de visita del sitio, as\u00ed como informaci\u00f3n sobre la calidad de los servicios ofrecidos. En este sitio, utilizamos cookies del sistema Google Analytics.<\/p>\n<table>\n<tbody>\n<tr>\n<td width=\"209\">Galleta Denumire<\/td>\n<td width=\"135\">Descriere<\/td>\n<td width=\"125\">Consejo<\/td>\n<td width=\"131\">Expirare<\/td>\n<\/tr>\n<tr>\n<td width=\"209\">_ga<\/td>\n<td width=\"135\">\u00cenregistreaz\u0103 un ID unic care este utilizat pentru a genera date statistice despre modul \u00een care vizitatorul utilizeaz\u0103 site-ul web.<\/td>\n<td width=\"125\">HTTP<\/td>\n<td width=\"131\">2 ani<\/td>\n<\/tr>\n<tr>\n<td width=\"209\">_gat<\/td>\n<td width=\"135\">Folosit de Google Analytics pentru a calibra rata de cereri<\/td>\n<td width=\"125\">HTTP<\/td>\n<td width=\"131\">O zi<\/td>\n<\/tr>\n<tr>\n<td width=\"209\">_gid<\/td>\n<td width=\"135\">\u00cenregistreaz\u0103 un ID unic care este utilizat pentru a genera date statistice despre modul \u00een care vizitatorul utilizeaz\u0103 site-ul web.<\/td>\n<td width=\"125\">HTTP<\/td>\n<td width=\"131\">O zi<\/td>\n<\/tr>\n<\/tbody>\n<\/table>\n<p><strong>Cookie-uri de marketing -&nbsp;<\/strong>Las cookies de marketing se utilizan para ayudar a los visitantes del sitio web. Su objetivo es proporcionar informaci\u00f3n relevante y \u00fatil a los usuarios individuales, en particular a los editores y agencias de publicidad.<\/p>\n<table>\n<tbody>\n<tr>\n<td width=\"247\">Galleta Denumire<\/td>\n<td width=\"210\">Descriere<\/td>\n<td width=\"61\">Consejo<\/td>\n<td width=\"83\">Expirare<\/td>\n<\/tr>\n<tr>\n<td width=\"247\">Fbp<\/td>\n<td width=\"210\">Esta cookie contribuye a la difusi\u00f3n de la publicidad de las personas que visitan nuestro sitio web, ya sea a trav\u00e9s de Facebook o de una plataforma digital de publicidad de Facebook.<\/td>\n<td width=\"61\">HTTP<\/td>\n<td width=\"83\">3 luni<\/td>\n<\/tr>\n<tr>\n<td width=\"247\">P.<\/td>\n<td width=\"210\">Facebook publica una serie de productos publicitarios para los que tiene licencia en tiempo real la agencia de publicidad terrestre.<\/td>\n<td width=\"61\">HTTP<\/td>\n<td width=\"83\">3 luni<\/td>\n<\/tr>\n<tr>\n<td width=\"247\">Tr<\/td>\n<td width=\"210\">El rastreador de p\u00edxeles de Facebook permite a las agencias de publicidad ofrecer una serie de productos publicitarios con licencia en tiempo real.<\/td>\n<td width=\"61\">P\u00edxel<\/td>\n<td width=\"83\">Sesiune<\/td>\n<\/tr>\n<tr>\n<td width=\"247\">cookie_de_prueba<\/td>\n<td width=\"210\">Verificar si el navegador de Youtube soporta cookies<\/td>\n<td width=\"61\">HTTP<\/td>\n<td width=\"83\">O zi<\/td>\n<\/tr>\n<tr>\n<td width=\"247\">IDE<\/td>\n<td width=\"210\">Folosit de serviciul Double Click de la Google pentru a \u00eenregistra \u0219i raporta ac\u021biunea utilizatorului site-ului dup\u0103 ce a v\u0103zut sau a f\u0103cut click pe o reclam\u0103 pentru a m\u0103sura eficien\u021ba reclamei \u0219i pentru a da reclame mai relevante utilizatorului<\/td>\n<td width=\"61\">HTTP<\/td>\n<td width=\"83\">Un an<\/td>\n<\/tr>\n<tr>\n<td width=\"247\">anuncios\/ga-audiencias<\/td>\n<td width=\"210\">Esta cookie contribuye a la difusi\u00f3n de la publicidad de las personas que visitan nuestro sitio web, ya sea a trav\u00e9s de Facebook o de una plataforma digital de publicidad de Facebook.<\/td>\n<td width=\"61\">HTTP<\/td>\n<td width=\"83\">3 luni<\/td>\n<\/tr>\n<tr>\n<td width=\"247\">pagead\/1p-lista-de-usuarios\/#<\/td>\n<td width=\"210\">Generado por Google para ayudar a los usuarios a comunicarse e interactuar de forma significativa.<\/td>\n<td width=\"61\">P\u00edxel<\/td>\n<td width=\"83\">Sesiune<\/td>\n<\/tr>\n<\/tbody>\n<\/table>\n<p><strong>&nbsp;<\/strong><\/p>\n<p><strong>Cum se dezactiveaz\u0103 cookie-urile<\/strong><br>\nAl acceder a este sitio web por primera vez, usted acepta el uso de cookies que no son necesarias.<br>\nUtilizamos cookies propias y de terceros para mejorar nuestros servicios y mostrarle publicidad relacionada con sus preferencias mediante el an\u00e1lisis de sus h\u00e1bitos de navegaci\u00f3n. El conjunto de cookies puede ser controlado y configurado en el navegador web.<\/p>\t\t\t\t\t\t\t\t<\/div>\n\t\t\t\t<\/div>\n\t\t\t\t\t<\/div>\n\t\t<\/div>\n\t\t\t\t\t<\/div>\n\t\t<\/section>\n\t\t\t\t<\/div>","protected":false},"excerpt":{"rendered":"<p>Informaci\u00f3n sobre cookies Para permitir el uso del sitio web y mejorar la experiencia de navegaci\u00f3n, este sitio web utiliza cookies en su ordenador\/dispositivo m\u00f3vil. Todas las cookies son necesarias para el funcionamiento del sitio web y para permitir que el usuario tenga una experiencia de uso satisfactoria. [...]<\/p>","protected":false},"author":1,"featured_media":0,"parent":0,"menu_order":0,"comment_status":"closed","ping_status":"closed","template":"","meta":{"footnotes":""},"class_list":["post-3578","page","type-page","status-publish","hentry"],"yoast_head":"<!-- This site is optimized with the Yoast SEO plugin v24.9 - https:\/\/yoast.com\/wordpress\/plugins\/seo\/ -->\n<title>Cookies Policy - INSTILHOTELS<\/title>\n<meta name=\"robots\" content=\"index, follow, max-snippet:-1, max-image-preview:large, max-video-preview:-1\" \/>\n<link rel=\"canonical\" href=\"https:\/\/instilhotels.ro\/es\/cookies-policy\/\" \/>\n<meta property=\"og:locale\" content=\"es_ES\" \/>\n<meta property=\"og:type\" content=\"article\" \/>\n<meta property=\"og:title\" content=\"Cookies Policy - INSTILHOTELS\" \/>\n<meta property=\"og:description\" content=\"Informa\u021bii despre cookie-uri Pentru a permite func\u021bionarea corespunz\u0103toare a acestui site si pentru a \u00eembun\u0103t\u0103\u021bi experien\u021ba de navigare, acest site trebuie sa plaseze o cantitate mica de informa\u021bii (Cookie-uri) in computerul\/dispozitivul dumneavoastr\u0103. Anumite cookie-uri sunt necesare func\u021bion\u0103rii corespunz\u0103toare a site-ului \u0219i pentru a permite utilizarea anumitor caracteristici tehnice oferindu-v\u0103 astfel o experien\u021b\u0103 de utilizare satisf\u0103c\u0103toare. [&hellip;]\" \/>\n<meta property=\"og:url\" content=\"https:\/\/instilhotels.ro\/es\/cookies-policy\/\" \/>\n<meta property=\"og:site_name\" content=\"INSTILHOTELS\" \/>\n<meta property=\"article:modified_time\" content=\"2024-10-18T17:05:33+00:00\" \/>\n<meta name=\"twitter:card\" content=\"summary_large_image\" \/>\n<meta name=\"twitter:label1\" content=\"Tiempo de lectura\" \/>\n\t<meta name=\"twitter:data1\" content=\"4 minutos\" \/>\n<script type=\"application\/ld+json\" class=\"yoast-schema-graph\">{\"@context\":\"https:\/\/schema.org\",\"@graph\":[{\"@type\":\"WebPage\",\"@id\":\"https:\/\/instilhotels.ro\/cookies-policy\/\",\"url\":\"https:\/\/instilhotels.ro\/cookies-policy\/\",\"name\":\"Cookies Policy - INSTILHOTELS\",\"isPartOf\":{\"@id\":\"https:\/\/instilhotels.ro\/#website\"},\"datePublished\":\"2024-10-18T17:05:22+00:00\",\"dateModified\":\"2024-10-18T17:05:33+00:00\",\"breadcrumb\":{\"@id\":\"https:\/\/instilhotels.ro\/cookies-policy\/#breadcrumb\"},\"inLanguage\":\"es\",\"potentialAction\":[{\"@type\":\"ReadAction\",\"target\":[\"https:\/\/instilhotels.ro\/cookies-policy\/\"]}]},{\"@type\":\"BreadcrumbList\",\"@id\":\"https:\/\/instilhotels.ro\/cookies-policy\/#breadcrumb\",\"itemListElement\":[{\"@type\":\"ListItem\",\"position\":1,\"name\":\"Home\",\"item\":\"https:\/\/instilhotels.ro\/\"},{\"@type\":\"ListItem\",\"position\":2,\"name\":\"Cookies Policy\"}]},{\"@type\":\"WebSite\",\"@id\":\"https:\/\/instilhotels.ro\/#website\",\"url\":\"https:\/\/instilhotels.ro\/\",\"name\":\"INSTILHOTELS\",\"description\":\"\",\"publisher\":{\"@id\":\"https:\/\/instilhotels.ro\/#organization\"},\"potentialAction\":[{\"@type\":\"SearchAction\",\"target\":{\"@type\":\"EntryPoint\",\"urlTemplate\":\"https:\/\/instilhotels.ro\/?s={search_term_string}\"},\"query-input\":{\"@type\":\"PropertyValueSpecification\",\"valueRequired\":true,\"valueName\":\"search_term_string\"}}],\"inLanguage\":\"es\"},{\"@type\":\"Organization\",\"@id\":\"https:\/\/instilhotels.ro\/#organization\",\"name\":\"INSTILHOTELS\",\"url\":\"https:\/\/instilhotels.ro\/\",\"logo\":{\"@type\":\"ImageObject\",\"inLanguage\":\"es\",\"@id\":\"https:\/\/instilhotels.ro\/#\/schema\/logo\/image\/\",\"url\":\"https:\/\/instilhotels.ro\/wp-content\/uploads\/2024\/10\/cropped-Instillogo_editabil.pdf-1_2-1.png\",\"contentUrl\":\"https:\/\/instilhotels.ro\/wp-content\/uploads\/2024\/10\/cropped-Instillogo_editabil.pdf-1_2-1.png\",\"width\":1560,\"height\":1561,\"caption\":\"INSTILHOTELS\"},\"image\":{\"@id\":\"https:\/\/instilhotels.ro\/#\/schema\/logo\/image\/\"}}]}<\/script>\n<!-- \/ Yoast SEO plugin. -->","yoast_head_json":{"title":"Cookies Policy - INSTILHOTELS","robots":{"index":"index","follow":"follow","max-snippet":"max-snippet:-1","max-image-preview":"max-image-preview:large","max-video-preview":"max-video-preview:-1"},"canonical":"https:\/\/instilhotels.ro\/es\/cookies-policy\/","og_locale":"es_ES","og_type":"article","og_title":"Cookies Policy - INSTILHOTELS","og_description":"Informa\u021bii despre cookie-uri Pentru a permite func\u021bionarea corespunz\u0103toare a acestui site si pentru a \u00eembun\u0103t\u0103\u021bi experien\u021ba de navigare, acest site trebuie sa plaseze o cantitate mica de informa\u021bii (Cookie-uri) in computerul\/dispozitivul dumneavoastr\u0103. Anumite cookie-uri sunt necesare func\u021bion\u0103rii corespunz\u0103toare a site-ului \u0219i pentru a permite utilizarea anumitor caracteristici tehnice oferindu-v\u0103 astfel o experien\u021b\u0103 de utilizare satisf\u0103c\u0103toare. [&hellip;]","og_url":"https:\/\/instilhotels.ro\/es\/cookies-policy\/","og_site_name":"INSTILHOTELS","article_modified_time":"2024-10-18T17:05:33+00:00","twitter_card":"summary_large_image","twitter_misc":{"Tiempo de lectura":"4 minutos"},"schema":{"@context":"https:\/\/schema.org","@graph":[{"@type":"WebPage","@id":"https:\/\/instilhotels.ro\/cookies-policy\/","url":"https:\/\/instilhotels.ro\/cookies-policy\/","name":"Cookies Policy - INSTILHOTELS","isPartOf":{"@id":"https:\/\/instilhotels.ro\/#website"},"datePublished":"2024-10-18T17:05:22+00:00","dateModified":"2024-10-18T17:05:33+00:00","breadcrumb":{"@id":"https:\/\/instilhotels.ro\/cookies-policy\/#breadcrumb"},"inLanguage":"es","potentialAction":[{"@type":"ReadAction","target":["https:\/\/instilhotels.ro\/cookies-policy\/"]}]},{"@type":"BreadcrumbList","@id":"https:\/\/instilhotels.ro\/cookies-policy\/#breadcrumb","itemListElement":[{"@type":"ListItem","position":1,"name":"Home","item":"https:\/\/instilhotels.ro\/"},{"@type":"ListItem","position":2,"name":"Cookies Policy"}]},{"@type":"WebSite","@id":"https:\/\/instilhotels.ro\/#website","url":"https:\/\/instilhotels.ro\/","name":"INSTILHOTELS","description":"","publisher":{"@id":"https:\/\/instilhotels.ro\/#organization"},"potentialAction":[{"@type":"SearchAction","target":{"@type":"EntryPoint","urlTemplate":"https:\/\/instilhotels.ro\/?s={search_term_string}"},"query-input":{"@type":"PropertyValueSpecification","valueRequired":true,"valueName":"search_term_string"}}],"inLanguage":"es"},{"@type":"Organization","@id":"https:\/\/instilhotels.ro\/#organization","name":"INSTILHOTELS","url":"https:\/\/instilhotels.ro\/","logo":{"@type":"ImageObject","inLanguage":"es","@id":"https:\/\/instilhotels.ro\/#\/schema\/logo\/image\/","url":"https:\/\/instilhotels.ro\/wp-content\/uploads\/2024\/10\/cropped-Instillogo_editabil.pdf-1_2-1.png","contentUrl":"https:\/\/instilhotels.ro\/wp-content\/uploads\/2024\/10\/cropped-Instillogo_editabil.pdf-1_2-1.png","width":1560,"height":1561,"caption":"INSTILHOTELS"},"image":{"@id":"https:\/\/instilhotels.ro\/#\/schema\/logo\/image\/"}}]}},"_links":{"self":[{"href":"https:\/\/instilhotels.ro\/es\/wp-json\/wp\/v2\/pages\/3578","targetHints":{"allow":["GET"]}}],"collection":[{"href":"https:\/\/instilhotels.ro\/es\/wp-json\/wp\/v2\/pages"}],"about":[{"href":"https:\/\/instilhotels.ro\/es\/wp-json\/wp\/v2\/types\/page"}],"author":[{"embeddable":true,"href":"https:\/\/instilhotels.ro\/es\/wp-json\/wp\/v2\/users\/1"}],"replies":[{"embeddable":true,"href":"https:\/\/instilhotels.ro\/es\/wp-json\/wp\/v2\/comments?post=3578"}],"version-history":[{"count":4,"href":"https:\/\/instilhotels.ro\/es\/wp-json\/wp\/v2\/pages\/3578\/revisions"}],"predecessor-version":[{"id":3582,"href":"https:\/\/instilhotels.ro\/es\/wp-json\/wp\/v2\/pages\/3578\/revisions\/3582"}],"wp:attachment":[{"href":"https:\/\/instilhotels.ro\/es\/wp-json\/wp\/v2\/media?parent=3578"}],"curies":[{"name":"wp","href":"https:\/\/api.w.org\/{rel}","templated":true}]}}