{"id":3568,"date":"2024-10-18T20:01:34","date_gmt":"2024-10-18T17:01:34","guid":{"rendered":"https:\/\/instilhotels.ro\/?page_id=3568"},"modified":"2025-04-16T00:42:14","modified_gmt":"2025-04-15T21:42:14","slug":"loyalty-campaign-regulations-romania","status":"publish","type":"page","link":"https:\/\/instilhotels.ro\/es\/loyalty-campaign-regulations-romania\/","title":{"rendered":"Reglamento de la campa\u00f1a de fidelizaci\u00f3n"},"content":{"rendered":"<div data-elementor-type=\"wp-page\" data-elementor-id=\"3568\" class=\"elementor elementor-3568\" data-elementor-post-type=\"page\">\n\t\t\t\t\t\t<section class=\"elementor-section elementor-top-section elementor-element elementor-element-14706a elementor-section-boxed elementor-section-height-default elementor-section-height-default\" data-id=\"14706a\" data-element_type=\"section\">\n\t\t\t\t\t\t<div class=\"elementor-container elementor-column-gap-default\">\n\t\t\t\t\t<div class=\"elementor-column elementor-col-100 elementor-top-column elementor-element elementor-element-74c9781f\" data-id=\"74c9781f\" data-element_type=\"column\">\n\t\t\t<div class=\"elementor-widget-wrap elementor-element-populated\">\n\t\t\t\t\t\t<div class=\"elementor-element elementor-element-2e1c32f elementor-widget elementor-widget-text-editor\" data-id=\"2e1c32f\" data-element_type=\"widget\" data-widget_type=\"text-editor.default\">\n\t\t\t\t<div class=\"elementor-widget-container\">\n\t\t\t\t\t\t\t\t\t<p><strong>Reglamento de Campa\u00f1as Fidelizadas <\/strong><\/p>\n<p><strong>SC M&amp;T MARKET &amp; TRADE PROFESSIONALS SRL<\/strong><\/p>\n<p><strong>Club de fidelidad InStil<\/strong><\/p>\n<p><strong>&nbsp;<\/strong><\/p>\n<ul>\n<li><strong>Stil Hotel****<\/strong><\/li>\n<li><strong>Stil Old Town***<\/strong><\/li>\n<li><strong>Ecletico Villa ****<\/strong><\/li>\n<\/ul>\n<p>&nbsp;<\/p>\n<p>INFORMACI\u00d3N PARA LOS BENEFICIARIOS<\/p>\n<p>Este Programa de fidelizaci\u00f3n est\u00e1 organizado y dirigido por el grupo InStil Hotels.<\/p>\n<p>Beneficiarii programului de fidelitate sunt obliga\u0163i s\u0103 respecte termenii \u015fi condi\u0163iile prezentului Regulament potrivit celor men\u0163ionate mai jos (denumit \u00een continuare \"<strong>Reglamento<\/strong>\").<\/p>\n<p>La normativa est\u00e1 disponible para consulta en la sede de la sociedad y en el sitio web. <a href=\"https:\/\/instilhotels.ro\/es\/\">www.instilhotels.ro<\/a>;<\/p>\n<p>Grupul In Stil Hotels \u00ee\u015fi rezerv\u0103 dreptul de a modifica sau schimba prezentul Regulament, urm\u00e2nd ca astfel de modific\u0103ri s\u0103 intre \u00een vigoare incepand cu a doua zi de la data publicarii acestuia pe site.<\/p>\n<p>&nbsp;<\/p>\n<p>M\u00d3DULO DE APLICACI\u00d3N<\/p>\n<p>El c\u00f3digo de licencia se aplica a todos los hoteles del grupo In Stil Hotels que forman parte de las sociedades M&amp;T Market &amp; Trade Professionals SRL, New Hotel Invest SRL y Rossimo Real Estate SRL.<\/p>\n<p>- Stil Hotel****, Stil Old Town ***, Ecletico Villa **** din Bucuresti.<\/p>\n<p>DURACI\u00d3N DEL PROGRAMA<\/p>\n<p>Programul de loialitate are durat\u0103 nelimitat\u0103. Grupul InStil Hotels are dreptul s\u0103 hot\u0103rasc\u0103 \u00een orice moment \u00eencetarea sau modificarea programului de loialitate.<\/p>\n<p>\u00cen\u015ftiin\u0163area referitoare la \u00eencetarea Programului de loialitate va fi afi\u015fat\u0103 de In Stil Hotels cu cel pu\u021bin 30 zile \u00eenainte de data \u00eencet\u0103rii acestuia, la sediul societ\u0103tilor, \u00eentr-un loc vizibil, precum \u015fi pe site-ul. <a href=\"https:\/\/instilhotels.ro\/es\/\">instilhotels.ro<\/a>.<\/p>\n<p>Programul de fidelizare se va desf\u0103\u015fura \u00een conformitate cu prevederile prezentului Regulament.<\/p>\n<p>&nbsp;<\/p>\n<p>CONDICIONES PARA PARTICIPAR<\/p>\n<p>Puede ser miembro del Programa de Calidad de Vida Tur\u00edstica, una persona f\u00edsica o jur\u00eddica, con un m\u00ednimo de 18 a\u00f1os de antig\u00fcedad que se beneficie de los servicios de alojamiento dentro del hotel, y un m\u00ednimo de 1 a\u00f1o.<\/p>\n<p>El beneficiario est\u00e1 obligado a proporcionar todos los datos necesarios para completar toda la informaci\u00f3n requerida en un \u00fanico formulario enviado a la recepci\u00f3n del hotel o a trav\u00e9s del sitio web oficial. <a href=\"https:\/\/instilhotels.ro\/es\/\">www.instilhotels.ro<\/a> , respectiv: nume, prenume, dat\u0103 na\u015ftere, num\u0103r telefon mobil, adres\u0103 de email \u0219i semn\u0103tur\u0103, cu urmatoarele campuri obligatorii nume, prenume si adresa de email.<\/p>\n<p>Formularul nesemnat sau ce con\u021bine date incomplete sau eronate nu este valid, ceea ce atrage dup\u0103 sine imposibilitatea beneficiarii de discounturi acordate conform programului de loialitate.<\/p>\n<p>Dup\u0103 semnarea Formularului \u0219i predarea acestuia c\u0103tre personalul de la recep\u021bie, acesta se salveaz\u0103 \u00een format electronic sau dupa completarea formularului electronic direct pe website-ul instilhotels.ro, se va transmite un cod unic de discount \u00een format fizic sub form\u0103 de card sau prin po\u0219ta electronica sau sms, oferind acces la discount pentru urmatoarea achizitie de servicii turstice in cadrul hotelurilor.<\/p>\n<p>Codurile de discount sunt disponibile clien\u0163ilor \u00een mod gratuit, pe loc, ca urmare a efectu\u0103rii sejurului, \u00een schimbul complet\u0103rii Formularului de \u00censcriere \u00een Programul de loialitate.<\/p>\n<p>&nbsp;<\/p>\n<p>MECANISMUL PROGRAMULUI<\/p>\n<p>Beneficiarilor Programului de fidelitate li se vor acorda <strong>discounturi <\/strong><strong>diferen<\/strong><strong>\u021b<\/strong><strong>iate<\/strong> aplicate in func\u021bie de num\u0103rul de nop\u021bi petrecute \u00een cadrul hotelurilor <strong>Hotel Stil, casco antiguo de Stil <\/strong><strong>\u0219i Ecletico Villa<\/strong>Para los descuentos efectuados en la recepci\u00f3n del hotel\/birou marketing\/sitio web, se aplicar\u00e1n las tarifas\/pacheteles de recepci\u00f3n (prepago) y no se acumular\u00e1n los descuentos:<\/p>\n<ul>\n<li><strong>BRONZ<\/strong> <strong>- <\/strong><strong>5%<\/strong>: se acord\u0103 turistilor care au beneficiat de serviciile de cazare \u00een cadrul hotelului minim 5 nopti in oricare dintre cele 3 hoteluri;<\/li>\n<li><strong>PLATA<\/strong> <strong>- <\/strong><strong>10%<\/strong>: se acord\u0103 turi\u0219tilor care au petrecut \u00eentre 11 \u0219i 20 nop\u021bi in cadrul hotelurilor;<\/li>\n<li><strong>ORO<\/strong> <strong>- <\/strong><strong>15%<\/strong>se acorda turistilor care au petrecut \u00eentre 21 si 30 nopti in cadrul hotelurilor;<\/li>\n<li><strong>VIP<\/strong> <strong>- <\/strong><strong>20%<\/strong>: se acuerda turi\u0219tilor care au beneficiat de serviciile de cazare minim 31 nopti.<\/li>\n<\/ul>\n<p>&nbsp;<\/p>\n<p>* fiecare nivel de loialitate \u00ee\u0219i p\u0103streaz\u0103 valabilitatea pe perioada nedeterminat\u0103 sau p\u00e2n\u0103 la noi modific\u0103ri ale regulamentului, daca se \u00eendepline\u0219te num\u0103rul minim de nop\u021bi men\u021bionat la fiecare nivel \u00een parte. Daca \u00een termen de 24 luni, turistul nu acumuleaz\u0103 num\u0103rul minim de nop\u021bi aferent fiec\u0103rui nivel \u00een parte, nivelul s\u0103u de loialitate va cobor\u00ee automat la nivelul inferior, \u00eensemn\u00e2nd si diminuarea reducerii conform noului statut.<\/p>\n<p><br><\/p>\n<p><strong>Codurile au dubla utilizare, fiind <\/strong><strong>individuale<\/strong> <strong>dar \u0219i <\/strong><strong>transmisible<\/strong><strong>.<\/strong><\/p>\n<p><strong>Cardul poate fi transmisibil <\/strong>(poate fi utilizat \u0219i de o alt\u0103 persoan\u0103 dec\u00e2t titularul) \u0219i se va aplica discountul \u00een func\u021bie de num\u0103rul de nop\u021bi cumul de c\u0103tre titular.<\/p>\n<p>&nbsp;<\/p>\n<p>FOLOSIREA CODULUI DE LOIALITATE<\/p>\n<p>Posesorul Codului de loialitate \u00ee\u015fi asum\u0103 \u00eentreaga responsabilitate privind orice problem\u0103 care poate s\u0103 apar\u0103 \u00een legatur\u0103 cu utilizarea beneficiilor Cardului de fidelitate de c\u0103tre alte persoane.<\/p>\n<p>Pentru a beneficia de discount, beneficiarul va trebui s\u0103 anun\u0163e c\u0103 este integrat \u00een programul de loialitate \u015fi s\u0103 prezinte Codul de loialitate la recep\u021bia hotelului \u00een prealabil achit\u0103rii serviciilor.<\/p>\n<p>En el caso de que el Participante no est\u00e9 en la lista de espera, se le descontar\u00e1 del precio de compra.<\/p>\n<p>Los turistas pueden beneficiarse de descuentos en los servicios de alojamiento, que se aplican a los servicios complementarios que se ofrecen en el momento de la estancia. El descuento acordado se aplicar\u00e1 a la reserva de la habitaci\u00f3n (reserva de alojamiento) conforme al c\u00f3digo de reserva y no podr\u00e1 acumularse con otros descuentos ofrecidos por la agencia, situaciones en las que se pueda optar por descuentos m\u00e1s avanzados (por ejemplo, ofertas de \u00faltima hora, reservas anticipadas, etc.). ofertas de \u00faltima hora, reservas anticipadas, bonos de descuento para ofertas especiales, etc.).<\/p>\n<p>Dac\u0103 un cod de loialitate a fost furat sau pierdut, evenimentul trebuie anun\u0163at \u00een maxim 24 de ore la recep\u021bia hotelurilor, \u00een vederea anularii codului aflat \u00eentr-una dintre aceste situa\u021bii. \u00cen caz contra, Participantul \u00ee\u015fi asum\u0103 orice utilizare ilegal\u0103 a codului de loialitate pierdut sau furat. Odat\u0103 cu \u00een\u015ftiin\u0163area, se vor comunica numele \u0219i prenumele, telefonul \u0219i data na\u0219terii ale titularului.<\/p>\n<p>&nbsp;<\/p>\n<p>ACORDAREA DE RELA\u021aII CU PRIVIRE LA FUNC\u021aIONAREA CARDURILOR<\/p>\n<p>Beneficiarii de Programului de Loialitate pot ob\u0163ine informa\u0163ii referitoare la func\u0163ionarea \u015fi folosirea codului de loialitate apel\u00e2nd Receptia Stil Hotel**** la numarul de telefon 0772.029.192. Tot la acest num\u0103r, beneficiarul Codului va anun\u0163a f\u0103r\u0103 \u00eentarziere orice schimbare a datelor personale comunicate prin Formularul de \u00censcriere \u015fi, de asemenea, va anun\u0163a pierderea sau furtul codului de loialitate.<\/p>\n<p>Con el fin de proteger los datos personales de los beneficiarios del Programa de fidelizaci\u00f3n, In Stil Hotels solicita informaci\u00f3n sobre datos de car\u00e1cter personal con el fin de garantizar la identidad del beneficiario.<\/p>\n<p>&nbsp;<\/p>\n<p>PROTECCI\u00d3N DE DATOS PERSONALES<\/p>\n<p>Prin semnarea Formularului de \u00censcriere, Beneficiarii sunt de acord cu prevederile prezentului Regulament. Prin semnarea Formularului de \u00censcriere, Beneficiarul \u00ee\u015fi exprim\u0103 consim\u0163\u0103m\u00e2ntul expres pentru \u00eenscrierea datelor cu caracter personal \u00een baza de date a grupului In Stil Hotels, precum \u015fi pentru prelucrarea acestor date \u00een concordanta cu <a href=\"https:\/\/hotelstil.ro\/politica-de-confidentialitate\/\">Pol\u00edtica de confidencialidad<\/a>.<\/p>\n<p>LITIGII<\/p>\n<p>Eventualele litigii ap\u0103rute \u00eentre SC M&amp;T MARKET &amp; TRADE PROFESSIONALS SRL. SC New Hotel Invest SRL, SC Rossimo Real Estate SRL \u015fi Beneficiarii la prezentul Program de loialitate se vor rezolva pe cale amiabil\u0103 sau \u00een cazul \u00een care aceasta nu va fi posibil\u0103, litigiile vor fi solu\u0163ionate de instan\u0163ele judec\u0103tore\u015fti competente de la sediul SC M&amp;T MARKET &amp; TRADE PROFESSIONALS SRL, SC New Hotel Invest SRL, SC Rossimo Real Estate SRL.<\/p>\n<p><br><\/p>\n<p><strong>S<\/strong><strong>C M&amp;T MARKET &amp; TRADE PROFESSIONALS SRL<\/strong><\/p>\n<p><strong>CUI: RO12476033<\/strong><\/p>\n<p><strong>Reg, com: J40\/10575\/1999<\/strong><\/p>\n<p><strong>Sediul: Nicolae Caramfil 63, 014142, Sector 1, Bucuresti, Ruman\u00eda<\/strong><\/p>\n<p><strong>&nbsp;<\/strong><\/p>\n<p><strong>SC New Hotel Invest SRL<\/strong><\/p>\n<p><strong>CIF: RO42066353<\/strong><\/p>\n<p><strong>Reg. com: J40\/17760\/31.12.2019<\/strong><\/p>\n<p><strong>Adresa: Str. Constantin Marinescu 15, sector 6, Bucuresti<\/strong><\/p>\n<p><strong>&nbsp;<\/strong><\/p>\n<p><strong>SC ROSSIMO REAL ESTATE SRL<\/strong><\/p>\n<p><strong>CUI: 31375442<\/strong><\/p>\n<p><strong>Reg, com: J40\/3458\/2013<\/strong><\/p>\n<p><strong>Sediul: Nicolae Caramfil 63, 014142, Sector 1, Hotel Stil, Parter, Camera nr. 3, Biroul nr. 2, Bucuresti, Ruman\u00eda<\/strong><\/p>\t\t\t\t\t\t\t\t<\/div>\n\t\t\t\t<\/div>\n\t\t\t\t\t<\/div>\n\t\t<\/div>\n\t\t\t\t\t<\/div>\n\t\t<\/section>\n\t\t\t\t<\/div>","protected":false},"excerpt":{"rendered":"<p>Reglament Campanie Fidelizare SC M&amp;T MARKET &amp; TRADE PROFESSIONALS SRL InStil Loyalty Club Stil Hotel**** Stil Old Town*** Ecletico Villa **** INFORMAREA BENEFICIARILOR Acest Program de fidelizare este organizat \u015fi desf\u0103\u015furat de grupul InStil Hotels. Beneficiarii programului de fidelitate sunt obliga\u0163i s\u0103 respecte termenii \u015fi condi\u0163iile prezentului Regulament potrivit celor men\u0163ionate mai jos [...]<\/p>","protected":false},"author":1,"featured_media":0,"parent":0,"menu_order":0,"comment_status":"closed","ping_status":"closed","template":"","meta":{"footnotes":""},"class_list":["post-3568","page","type-page","status-publish","hentry"],"yoast_head":"<!-- This site is optimized with the Yoast SEO plugin v24.9 - https:\/\/yoast.com\/wordpress\/plugins\/seo\/ -->\n<title>Loyalty Campaign Regulations - INSTILHOTELS<\/title>\n<meta name=\"robots\" content=\"index, follow, max-snippet:-1, max-image-preview:large, max-video-preview:-1\" \/>\n<link rel=\"canonical\" href=\"https:\/\/instilhotels.ro\/es\/loyalty-campaign-regulations-romania\/\" \/>\n<meta property=\"og:locale\" content=\"es_ES\" \/>\n<meta property=\"og:type\" content=\"article\" \/>\n<meta property=\"og:title\" content=\"Loyalty Campaign Regulations - INSTILHOTELS\" \/>\n<meta property=\"og:description\" content=\"Regulament Campanie Fidelizare SC M&amp;T MARKET &amp; TRADE PROFESSIONALS SRL InStil Loyalty Club &nbsp; Stil Hotel**** Stil Old Town*** Ecletico Villa **** &nbsp; INFORMAREA BENEFICIARILOR Acest Program de fidelizare este organizat \u015fi desf\u0103\u015furat de grupul InStil Hotels. Beneficiarii programului de fidelitate sunt obliga\u0163i s\u0103 respecte termenii \u015fi condi\u0163iile prezentului Regulament potrivit celor men\u0163ionate mai jos [&hellip;]\" \/>\n<meta property=\"og:url\" content=\"https:\/\/instilhotels.ro\/es\/loyalty-campaign-regulations-romania\/\" \/>\n<meta property=\"og:site_name\" content=\"INSTILHOTELS\" \/>\n<meta property=\"article:modified_time\" content=\"2025-04-15T21:42:14+00:00\" \/>\n<meta name=\"twitter:card\" content=\"summary_large_image\" \/>\n<meta name=\"twitter:label1\" content=\"Tiempo de lectura\" \/>\n\t<meta name=\"twitter:data1\" content=\"7 minutos\" \/>\n<script type=\"application\/ld+json\" class=\"yoast-schema-graph\">{\"@context\":\"https:\/\/schema.org\",\"@graph\":[{\"@type\":\"WebPage\",\"@id\":\"https:\/\/instilhotels.ro\/loyalty-campaign-regulations-romania\/\",\"url\":\"https:\/\/instilhotels.ro\/loyalty-campaign-regulations-romania\/\",\"name\":\"Loyalty Campaign Regulations - INSTILHOTELS\",\"isPartOf\":{\"@id\":\"https:\/\/instilhotels.ro\/#website\"},\"datePublished\":\"2024-10-18T17:01:34+00:00\",\"dateModified\":\"2025-04-15T21:42:14+00:00\",\"breadcrumb\":{\"@id\":\"https:\/\/instilhotels.ro\/loyalty-campaign-regulations-romania\/#breadcrumb\"},\"inLanguage\":\"es\",\"potentialAction\":[{\"@type\":\"ReadAction\",\"target\":[\"https:\/\/instilhotels.ro\/loyalty-campaign-regulations-romania\/\"]}]},{\"@type\":\"BreadcrumbList\",\"@id\":\"https:\/\/instilhotels.ro\/loyalty-campaign-regulations-romania\/#breadcrumb\",\"itemListElement\":[{\"@type\":\"ListItem\",\"position\":1,\"name\":\"Home\",\"item\":\"https:\/\/instilhotels.ro\/\"},{\"@type\":\"ListItem\",\"position\":2,\"name\":\"Loyalty Campaign Regulations\"}]},{\"@type\":\"WebSite\",\"@id\":\"https:\/\/instilhotels.ro\/#website\",\"url\":\"https:\/\/instilhotels.ro\/\",\"name\":\"INSTILHOTELS\",\"description\":\"\",\"publisher\":{\"@id\":\"https:\/\/instilhotels.ro\/#organization\"},\"potentialAction\":[{\"@type\":\"SearchAction\",\"target\":{\"@type\":\"EntryPoint\",\"urlTemplate\":\"https:\/\/instilhotels.ro\/?s={search_term_string}\"},\"query-input\":{\"@type\":\"PropertyValueSpecification\",\"valueRequired\":true,\"valueName\":\"search_term_string\"}}],\"inLanguage\":\"es\"},{\"@type\":\"Organization\",\"@id\":\"https:\/\/instilhotels.ro\/#organization\",\"name\":\"INSTILHOTELS\",\"url\":\"https:\/\/instilhotels.ro\/\",\"logo\":{\"@type\":\"ImageObject\",\"inLanguage\":\"es\",\"@id\":\"https:\/\/instilhotels.ro\/#\/schema\/logo\/image\/\",\"url\":\"https:\/\/instilhotels.ro\/wp-content\/uploads\/2024\/10\/cropped-Instillogo_editabil.pdf-1_2-1.png\",\"contentUrl\":\"https:\/\/instilhotels.ro\/wp-content\/uploads\/2024\/10\/cropped-Instillogo_editabil.pdf-1_2-1.png\",\"width\":1560,\"height\":1561,\"caption\":\"INSTILHOTELS\"},\"image\":{\"@id\":\"https:\/\/instilhotels.ro\/#\/schema\/logo\/image\/\"}}]}<\/script>\n<!-- \/ Yoast SEO plugin. -->","yoast_head_json":{"title":"Loyalty Campaign Regulations - INSTILHOTELS","robots":{"index":"index","follow":"follow","max-snippet":"max-snippet:-1","max-image-preview":"max-image-preview:large","max-video-preview":"max-video-preview:-1"},"canonical":"https:\/\/instilhotels.ro\/es\/loyalty-campaign-regulations-romania\/","og_locale":"es_ES","og_type":"article","og_title":"Loyalty Campaign Regulations - INSTILHOTELS","og_description":"Regulament Campanie Fidelizare SC M&amp;T MARKET &amp; TRADE PROFESSIONALS SRL InStil Loyalty Club &nbsp; Stil Hotel**** Stil Old Town*** Ecletico Villa **** &nbsp; INFORMAREA BENEFICIARILOR Acest Program de fidelizare este organizat \u015fi desf\u0103\u015furat de grupul InStil Hotels. Beneficiarii programului de fidelitate sunt obliga\u0163i s\u0103 respecte termenii \u015fi condi\u0163iile prezentului Regulament potrivit celor men\u0163ionate mai jos [&hellip;]","og_url":"https:\/\/instilhotels.ro\/es\/loyalty-campaign-regulations-romania\/","og_site_name":"INSTILHOTELS","article_modified_time":"2025-04-15T21:42:14+00:00","twitter_card":"summary_large_image","twitter_misc":{"Tiempo de lectura":"7 minutos"},"schema":{"@context":"https:\/\/schema.org","@graph":[{"@type":"WebPage","@id":"https:\/\/instilhotels.ro\/loyalty-campaign-regulations-romania\/","url":"https:\/\/instilhotels.ro\/loyalty-campaign-regulations-romania\/","name":"Loyalty Campaign Regulations - INSTILHOTELS","isPartOf":{"@id":"https:\/\/instilhotels.ro\/#website"},"datePublished":"2024-10-18T17:01:34+00:00","dateModified":"2025-04-15T21:42:14+00:00","breadcrumb":{"@id":"https:\/\/instilhotels.ro\/loyalty-campaign-regulations-romania\/#breadcrumb"},"inLanguage":"es","potentialAction":[{"@type":"ReadAction","target":["https:\/\/instilhotels.ro\/loyalty-campaign-regulations-romania\/"]}]},{"@type":"BreadcrumbList","@id":"https:\/\/instilhotels.ro\/loyalty-campaign-regulations-romania\/#breadcrumb","itemListElement":[{"@type":"ListItem","position":1,"name":"Home","item":"https:\/\/instilhotels.ro\/"},{"@type":"ListItem","position":2,"name":"Loyalty Campaign Regulations"}]},{"@type":"WebSite","@id":"https:\/\/instilhotels.ro\/#website","url":"https:\/\/instilhotels.ro\/","name":"INSTILHOTELS","description":"","publisher":{"@id":"https:\/\/instilhotels.ro\/#organization"},"potentialAction":[{"@type":"SearchAction","target":{"@type":"EntryPoint","urlTemplate":"https:\/\/instilhotels.ro\/?s={search_term_string}"},"query-input":{"@type":"PropertyValueSpecification","valueRequired":true,"valueName":"search_term_string"}}],"inLanguage":"es"},{"@type":"Organization","@id":"https:\/\/instilhotels.ro\/#organization","name":"INSTILHOTELS","url":"https:\/\/instilhotels.ro\/","logo":{"@type":"ImageObject","inLanguage":"es","@id":"https:\/\/instilhotels.ro\/#\/schema\/logo\/image\/","url":"https:\/\/instilhotels.ro\/wp-content\/uploads\/2024\/10\/cropped-Instillogo_editabil.pdf-1_2-1.png","contentUrl":"https:\/\/instilhotels.ro\/wp-content\/uploads\/2024\/10\/cropped-Instillogo_editabil.pdf-1_2-1.png","width":1560,"height":1561,"caption":"INSTILHOTELS"},"image":{"@id":"https:\/\/instilhotels.ro\/#\/schema\/logo\/image\/"}}]}},"_links":{"self":[{"href":"https:\/\/instilhotels.ro\/es\/wp-json\/wp\/v2\/pages\/3568","targetHints":{"allow":["GET"]}}],"collection":[{"href":"https:\/\/instilhotels.ro\/es\/wp-json\/wp\/v2\/pages"}],"about":[{"href":"https:\/\/instilhotels.ro\/es\/wp-json\/wp\/v2\/types\/page"}],"author":[{"embeddable":true,"href":"https:\/\/instilhotels.ro\/es\/wp-json\/wp\/v2\/users\/1"}],"replies":[{"embeddable":true,"href":"https:\/\/instilhotels.ro\/es\/wp-json\/wp\/v2\/comments?post=3568"}],"version-history":[{"count":4,"href":"https:\/\/instilhotels.ro\/es\/wp-json\/wp\/v2\/pages\/3568\/revisions"}],"predecessor-version":[{"id":3577,"href":"https:\/\/instilhotels.ro\/es\/wp-json\/wp\/v2\/pages\/3568\/revisions\/3577"}],"wp:attachment":[{"href":"https:\/\/instilhotels.ro\/es\/wp-json\/wp\/v2\/media?parent=3568"}],"curies":[{"name":"wp","href":"https:\/\/api.w.org\/{rel}","templated":true}]}}