{"id":3562,"date":"2024-10-18T19:57:22","date_gmt":"2024-10-18T16:57:22","guid":{"rendered":"https:\/\/instilhotels.ro\/?page_id=3562"},"modified":"2025-04-16T00:13:29","modified_gmt":"2025-04-15T21:13:29","slug":"loyalty-campaign-regulations","status":"publish","type":"page","link":"https:\/\/instilhotels.ro\/es\/loyalty-campaign-regulations\/","title":{"rendered":"Reglamento de la campa\u00f1a de fidelizaci\u00f3n"},"content":{"rendered":"<div data-elementor-type=\"wp-page\" data-elementor-id=\"3562\" class=\"elementor elementor-3562\" data-elementor-post-type=\"page\">\n\t\t\t\t\t\t<section class=\"elementor-section elementor-top-section elementor-element elementor-element-7e5aa4d4 elementor-section-boxed elementor-section-height-default elementor-section-height-default\" data-id=\"7e5aa4d4\" data-element_type=\"section\">\n\t\t\t\t\t\t<div class=\"elementor-container elementor-column-gap-default\">\n\t\t\t\t\t<div class=\"elementor-column elementor-col-100 elementor-top-column elementor-element elementor-element-7b09dc72\" data-id=\"7b09dc72\" data-element_type=\"column\">\n\t\t\t<div class=\"elementor-widget-wrap elementor-element-populated\">\n\t\t\t\t\t\t<div class=\"elementor-element elementor-element-42c810bc elementor-widget elementor-widget-text-editor\" data-id=\"42c810bc\" data-element_type=\"widget\" data-widget_type=\"text-editor.default\">\n\t\t\t\t<div class=\"elementor-widget-container\">\n\t\t\t\t\t\t\t\t\t<p><strong>Reglamento de la campa\u00f1a de fidelizaci\u00f3n<\/strong><\/p>\n<p><strong>SC M&amp;T MARKET &amp; TRADE PROFESSIONALS SRL<\/strong><\/p>\n<p><strong>Club de fidelidad InStil<\/strong><\/p>\n<p>&nbsp;<\/p>\n<ul>\n<li>Stil Hotel****<\/li>\n<li>Stil Old Town***<\/li>\n<li>Ecletico Villa****<\/li>\n<\/ul>\n<p>&nbsp;<\/p>\n<p><strong>INFORMACI\u00d3N A LOS BENEFICIARIOS<\/strong><\/p>\n<p>El Programa de Fidelidad est\u00e1 organizado y desarrollado por In Stil Hotels Group.<\/p>\n<p>Los beneficiarios del programa de fidelidad deben cumplir las condiciones del presente Reglamento que se mencionan a continuaci\u00f3n (en lo sucesivo, el \"Reglamento\").<\/p>\n<p>El reglamento puede consultarse en la sede de las empresas y en la p\u00e1gina web <a href=\"\/es\/www.instilhotels.ro\/\">www.instilhotels.ro<\/a>;<\/p>\n<p>El Grupo In Stil Hotels se reserva el derecho de modificar o cambiar el presente Reglamento y dichas modificaciones se aplicar\u00e1n a partir del segundo d\u00eda de la fecha de su publicaci\u00f3n en el sitio web.<\/p>\n<p><br><\/p>\n<p><strong>M\u00c9TODO DE APLICABILIDAD<\/strong><\/p>\n<p>El c\u00f3digo de fidelidad s\u00f3lo es aplicable en uno de los hoteles que forman parte de In Stil Hotels Group pertenecientes a las empresas M&amp;T Market &amp; Trade Professionals SRL, New Hotel Invest SRL y Rossimo Real Estate SRL.<\/p>\n<p>- Stil Hotel****, Stil Old Town ***, Ecletico Villa **** de Bucarest.<\/p>\n<p>&nbsp;<\/p>\n<p><strong>DURACI\u00d3N DEL PROGRAMA<\/strong><\/p>\n<p>El programa de fidelidad tiene una duraci\u00f3n ilimitada. In Stil Hotels Group tiene derecho a decidir en cualquier momento la finalizaci\u00f3n o modificaci\u00f3n del programa de fidelizaci\u00f3n.<\/p>\n<p>El aviso relativo a la finalizaci\u00f3n del Programa de Fidelizaci\u00f3n ser\u00e1 expuesto por Hoteles In Stil al menos 30 d\u00edas antes de la fecha de su finalizaci\u00f3n en la sede de la empresa, en un lugar visible, as\u00ed como en <a href=\"https:\/\/instilhotels.ro\/es\/\">instilhotels.ro<\/a> sitio web.<\/p>\n<p>El programa de fidelizaci\u00f3n se llevar\u00e1 a cabo de acuerdo con las condiciones del presente Reglamento.<\/p>\n<p>&nbsp;<\/p>\n<p><strong>Inscripci\u00f3n en el programa<\/strong><\/p>\n<p>Puede ser miembro del Programa de Fidelidad cualquier turista mayor de 18 a\u00f1os que se haya beneficiado de los servicios de alojamiento en uno de los hoteles durante al menos 1 noche.<\/p>\n<p>El beneficiario est\u00e1 obligado a rellenar los datos requeridos en un formulario entregado en la recepci\u00f3n del hotel, respectivamente: nombre, apellidos, fecha de nacimiento, n\u00famero de tel\u00e9fono, direcci\u00f3n de correo electr\u00f3nico y firma.<\/p>\n<p>El formulario no firmado o que contenga datos incompletos o si los datos no son v\u00e1lidos, conlleva la imposibilidad de beneficiarse de los descuentos concedidos seg\u00fan el programa de fidelidad.<\/p>\n<p>Tras firmar el Formulario y entregarlo al personal de recepci\u00f3n, se guardar\u00e1 en formato electr\u00f3nico y se entregar\u00e1 un c\u00f3digo de descuento \u00fanico en formato f\u00edsico como tarjeta o por correo electr\u00f3nico o SMS, que dar\u00e1 acceso al descuento para la pr\u00f3xima compra de servicios de alojamiento en los hoteles.<\/p>\n<p>Los c\u00f3digos de descuento est\u00e1n a disposici\u00f3n de los clientes de forma gratuita, in situ, como resultado de la estancia, a cambio de cumplimentar y firmar el Formulario de Inscripci\u00f3n al Programa de Fidelizaci\u00f3n.<\/p>\n<p>&nbsp;<\/p>\n<p><strong>VENTAJAS DEL PROGRAMA<\/strong><\/p>\n<p>Los beneficiarios del Programa de Fidelizaci\u00f3n disfrutar\u00e1n de descuentos diferenciados en funci\u00f3n del n\u00famero de noches pasadas en los hoteles. <strong>Hotel Stil, casco antiguo de Stil <\/strong><strong>y Ecletico Villa<\/strong> para cualquier reserva realizada a trav\u00e9s del hotel de recepci\u00f3n\/oficina de marketing\/p\u00e1gina web y el descuento se aplicar\u00e1 \u00fanicamente a las tarifas\/paquetes de recepci\u00f3n (precio base):<\/p>\n<ul>\n<li>BRONCE - 5%: se concede a los turistas que han disfrutado de servicios de alojamiento en el hotel durante al menos 5 noches;<\/li>\n<li>PLATA - 10%: se concede a los turistas que han pasado entre 11 y 20 noches en hoteles;<\/li>\n<li>ORO - 15%: se concede a los turistas que han pasado entre 21 y 30 noches en hoteles;<\/li>\n<li>VIP - 20%: se concede a los turistas que se han beneficiado de los servicios de alojamiento durante al menos 31 noches.<\/li>\n<\/ul>\n<p>&nbsp;<\/p>\n<p>* cada nivel de fidelidad sigue siendo v\u00e1lido indefinidamente o hasta nuevos cambios en la normativa, si se cumple el n\u00famero m\u00ednimo de noches mencionado en cada nivel. Si, en un plazo de 24 meses, el turista no acumula el n\u00famero m\u00ednimo de noches relacionado con cada nivel individual, su nivel de fidelidad descender\u00e1 autom\u00e1ticamente al nivel inferior, lo que significa tambi\u00e9n la reducci\u00f3n del descuento de acuerdo con el nuevo estatuto.<\/p>\n<p>&nbsp;<\/p>\n<p>Los c\u00f3digos tienen un doble uso, ya que son individuales pero tambi\u00e9n transmisibles.<\/p>\n<p>La tarjeta puede ser transferible (tambi\u00e9n puede ser utilizada por una persona distinta del titular) y el descuento se aplicar\u00e1 en funci\u00f3n del n\u00famero de noches acumuladas por el titular.<\/p>\n<p>&nbsp;<\/p>\n<p><strong>UTILIZACI\u00d3N DEL C\u00d3DIGO DE FIDELIDAD<\/strong><\/p>\n<p>El titular del C\u00f3digo de fidelidad asume toda la responsabilidad por cualquier problema que pueda surgir en relaci\u00f3n con el uso de los beneficios de la Tarjeta de fidelidad por parte de otras personas.<\/p>\n<p>Para beneficiarse del descuento, el beneficiario deber\u00e1 anunciar que est\u00e1 integrado en el programa de fidelidad y presentar el C\u00f3digo de Fidelidad en la recepci\u00f3n del hotel antes de abonar los servicios.<\/p>\n<p>Si el Participante no est\u00e1 en posesi\u00f3n del C\u00f3digo de Fidelidad, no se conceder\u00e1 ning\u00fan descuento por el paquete adquirido.<\/p>\n<p>El turista puede beneficiarse del descuento de fidelidad, no siendo aplicable en el caso de servicios adicionales optados durante la estancia. El descuento concedido se aplica a partir del precio de recepci\u00f3n (precio base) seg\u00fan el c\u00f3digo de fidelidad y no puede combinarse con otros descuentos ofrecidos para el mismo paquete\/oferta, en cuyo caso puede optar por el descuento m\u00e1s ventajoso (por ejemplo, ofertas de \u00faltima hora, reserva anticipada, vales de descuento para determinadas ofertas especiales, etc.).<\/p>\n<p>En caso de robo o p\u00e9rdida de un c\u00f3digo de fidelidad, deber\u00e1 anunciarse el hecho en un plazo m\u00e1ximo de 24 horas en la recepci\u00f3n del hotel, con el fin de anular el c\u00f3digo encontrado en una de estas situaciones. En caso contrario, el Participante asume cualquier uso ilegal del c\u00f3digo de fidelidad perdido o robado. Junto con la notificaci\u00f3n, se comunicar\u00e1 el nombre y apellidos del titular, su n\u00famero de tel\u00e9fono y su fecha de nacimiento.<\/p>\n<p>&nbsp;<\/p>\n<p><strong>CONCESI\u00d3N DE RELACIONES RELATIVAS AL FUNCIONAMIENTO DE LAS TARJETAS<\/strong><\/p>\n<p>Los beneficiarios del Programa de Fidelizaci\u00f3n pueden obtener informaci\u00f3n sobre el funcionamiento y el uso del c\u00f3digo de fidelizaci\u00f3n llamando a Recepci\u00f3n Stil Hotel**** al n\u00famero de tel\u00e9fono 0772.029.192. Tambi\u00e9n en este n\u00famero, el beneficiario del C\u00f3digo anunciar\u00e1 sin demora cualquier cambio en los datos personales comunicados a trav\u00e9s del Formulario de Inscripci\u00f3n y anunciar\u00e1 asimismo la p\u00e9rdida o robo del c\u00f3digo de fidelidad.<\/p>\n<p>Con el fin de proteger los datos personales de los Beneficiarios del Programa de Fidelizaci\u00f3n, Hoteles In Stil solicitar\u00e1 informaci\u00f3n y datos personales para establecer la identidad del beneficiario.<\/p>\n<p>&nbsp;<\/p>\n<p><strong>PROTECCI\u00d3N DE DATOS PERSONALES<\/strong><\/p>\n<p>Al firmar el Formulario de Inscripci\u00f3n, los Beneficiarios aceptan las disposiciones del presente Reglamento. Al firmar el Formulario de Inscripci\u00f3n, el Beneficiario expresa su consentimiento para el registro de datos personales en la base de datos del grupo In Stil Hotels, as\u00ed como para el tratamiento de dichos datos de conformidad con la Pol\u00edtica de Privacidad.<\/p>\n<p>&nbsp;<\/p>\n<p><strong>CONTROVERSIAS<\/strong><\/p>\n<p>Cualquier disputa entre SC M&amp;T MARKET &amp; TRADE PROFESSIONALS SRL. SC New Hotel Invest SRL, SC Rossimo Real Estate SRL y los Beneficiarios de este Programa de fidelidad se resolver\u00e1n de forma amistosa o, si esto no fuera posible, las disputas ser\u00e1n resueltas por los tribunales competentes en la sede de SC M&amp;T MARKET &amp; TRADE PROFESSIONALS SRL, SC New Hotel Invest SRL, SC Rossimo Real Estate SRL.<\/p>\n<p><strong>SC M&amp;T MARKET &amp; TRADE PROFESSIONALS SRL<\/strong><\/p>\n<p><strong>IVA: RO12476033<\/strong><\/p>\n<p><strong>Reg. N\u00ba: J40\/10575\/1999<\/strong><\/p>\n<p><strong>Direcci\u00f3n: Nicolae Caramfil 63, 014142, Distrito 1, Bucarest, Ruman\u00eda<\/strong><\/p>\n<p><strong>&nbsp;<\/strong><\/p>\n<p><strong>SC New Hotel Invest SRL<\/strong><\/p>\n<p><strong>IVA: RO42066353<\/strong><\/p>\n<p><strong>Reg. N\u00ba: J40\/17760\/31.12.2019<\/strong><\/p>\n<p><strong>Direcci\u00f3n: Str. Constantin Marinescu 15, distrito 6, Bucarest<\/strong><\/p>\n<p><strong>&nbsp;<\/strong><\/p>\n<p><strong>SC ROSSIMO REAL ESTATE SRL<\/strong><\/p>\n<p><strong>IVA: 31375442<\/strong><\/p>\n<p><strong>Reg. N\u00ba: J40\/3458\/2013<\/strong><\/p>\n<p><strong>Direcci\u00f3n: Nicolae Caramfil 63, 014142, Dsitrict 1, Hotel Stil, Groundfloor, Room no. 3, Office no. 2, Bucarest, Ruman\u00eda<\/strong><\/p>\t\t\t\t\t\t\t\t<\/div>\n\t\t\t\t<\/div>\n\t\t\t\t\t<\/div>\n\t\t<\/div>\n\t\t\t\t\t<\/div>\n\t\t<\/section>\n\t\t\t\t<\/div>","protected":false},"excerpt":{"rendered":"<p>Reglamento de la Campa\u00f1a de Fidelizaci\u00f3n SC M&amp;T MARKET &amp; TRADE PROFESSIONALS SRL InStil Loyalty Club Stil Hotel**** Stil Old Town*** Ecletico Villa**** INFORMACI\u00d3N A LOS BENEFICIARIOS El Programa de Fidelizaci\u00f3n est\u00e1 organizado y desarrollado por InStil Hotels Group. Los beneficiarios del programa de fidelizaci\u00f3n deber\u00e1n cumplir los t\u00e9rminos y condiciones del presente Reglamento que se mencionan a continuaci\u00f3n (en adelante [...]<\/p>","protected":false},"author":1,"featured_media":0,"parent":0,"menu_order":0,"comment_status":"closed","ping_status":"closed","template":"","meta":{"footnotes":""},"class_list":["post-3562","page","type-page","status-publish","hentry"],"yoast_head":"<!-- This site is optimized with the Yoast SEO plugin v24.9 - https:\/\/yoast.com\/wordpress\/plugins\/seo\/ -->\n<title>Loyalty Campaign Regulations - INSTILHOTELS<\/title>\n<meta name=\"robots\" content=\"index, follow, max-snippet:-1, max-image-preview:large, max-video-preview:-1\" \/>\n<link rel=\"canonical\" href=\"https:\/\/instilhotels.ro\/es\/loyalty-campaign-regulations\/\" \/>\n<meta property=\"og:locale\" content=\"es_ES\" \/>\n<meta property=\"og:type\" content=\"article\" \/>\n<meta property=\"og:title\" content=\"Loyalty Campaign Regulations - INSTILHOTELS\" \/>\n<meta property=\"og:description\" content=\"Loyalty Campaign Regulations SC M&amp;T MARKET &amp; TRADE PROFESSIONALS SRL InStil Loyalty Club &nbsp; Stil Hotel**** Stil Old Town*** Ecletico Villa**** &nbsp; INFORMATION TO BENEFICIARIES The Loyalty Program is organized and developed by InStil Hotels Group. Beneficiaries of the loyalty program must comply with the terms and conditions of this Regulation as mentioned below (hereinafter [&hellip;]\" \/>\n<meta property=\"og:url\" content=\"https:\/\/instilhotels.ro\/es\/loyalty-campaign-regulations\/\" \/>\n<meta property=\"og:site_name\" content=\"INSTILHOTELS\" \/>\n<meta property=\"article:modified_time\" content=\"2025-04-15T21:13:29+00:00\" \/>\n<meta name=\"twitter:card\" content=\"summary_large_image\" \/>\n<meta name=\"twitter:label1\" content=\"Tiempo de lectura\" \/>\n\t<meta name=\"twitter:data1\" content=\"6 minutos\" \/>\n<script type=\"application\/ld+json\" class=\"yoast-schema-graph\">{\"@context\":\"https:\/\/schema.org\",\"@graph\":[{\"@type\":\"WebPage\",\"@id\":\"https:\/\/instilhotels.ro\/loyalty-campaign-regulations\/\",\"url\":\"https:\/\/instilhotels.ro\/loyalty-campaign-regulations\/\",\"name\":\"Loyalty Campaign Regulations - INSTILHOTELS\",\"isPartOf\":{\"@id\":\"https:\/\/instilhotels.ro\/#website\"},\"datePublished\":\"2024-10-18T16:57:22+00:00\",\"dateModified\":\"2025-04-15T21:13:29+00:00\",\"breadcrumb\":{\"@id\":\"https:\/\/instilhotels.ro\/loyalty-campaign-regulations\/#breadcrumb\"},\"inLanguage\":\"es\",\"potentialAction\":[{\"@type\":\"ReadAction\",\"target\":[\"https:\/\/instilhotels.ro\/loyalty-campaign-regulations\/\"]}]},{\"@type\":\"BreadcrumbList\",\"@id\":\"https:\/\/instilhotels.ro\/loyalty-campaign-regulations\/#breadcrumb\",\"itemListElement\":[{\"@type\":\"ListItem\",\"position\":1,\"name\":\"Home\",\"item\":\"https:\/\/instilhotels.ro\/\"},{\"@type\":\"ListItem\",\"position\":2,\"name\":\"Loyalty Campaign Regulations\"}]},{\"@type\":\"WebSite\",\"@id\":\"https:\/\/instilhotels.ro\/#website\",\"url\":\"https:\/\/instilhotels.ro\/\",\"name\":\"INSTILHOTELS\",\"description\":\"\",\"publisher\":{\"@id\":\"https:\/\/instilhotels.ro\/#organization\"},\"potentialAction\":[{\"@type\":\"SearchAction\",\"target\":{\"@type\":\"EntryPoint\",\"urlTemplate\":\"https:\/\/instilhotels.ro\/?s={search_term_string}\"},\"query-input\":{\"@type\":\"PropertyValueSpecification\",\"valueRequired\":true,\"valueName\":\"search_term_string\"}}],\"inLanguage\":\"es\"},{\"@type\":\"Organization\",\"@id\":\"https:\/\/instilhotels.ro\/#organization\",\"name\":\"INSTILHOTELS\",\"url\":\"https:\/\/instilhotels.ro\/\",\"logo\":{\"@type\":\"ImageObject\",\"inLanguage\":\"es\",\"@id\":\"https:\/\/instilhotels.ro\/#\/schema\/logo\/image\/\",\"url\":\"https:\/\/instilhotels.ro\/wp-content\/uploads\/2024\/10\/cropped-Instillogo_editabil.pdf-1_2-1.png\",\"contentUrl\":\"https:\/\/instilhotels.ro\/wp-content\/uploads\/2024\/10\/cropped-Instillogo_editabil.pdf-1_2-1.png\",\"width\":1560,\"height\":1561,\"caption\":\"INSTILHOTELS\"},\"image\":{\"@id\":\"https:\/\/instilhotels.ro\/#\/schema\/logo\/image\/\"}}]}<\/script>\n<!-- \/ Yoast SEO plugin. -->","yoast_head_json":{"title":"Loyalty Campaign Regulations - INSTILHOTELS","robots":{"index":"index","follow":"follow","max-snippet":"max-snippet:-1","max-image-preview":"max-image-preview:large","max-video-preview":"max-video-preview:-1"},"canonical":"https:\/\/instilhotels.ro\/es\/loyalty-campaign-regulations\/","og_locale":"es_ES","og_type":"article","og_title":"Loyalty Campaign Regulations - INSTILHOTELS","og_description":"Loyalty Campaign Regulations SC M&amp;T MARKET &amp; TRADE PROFESSIONALS SRL InStil Loyalty Club &nbsp; Stil Hotel**** Stil Old Town*** Ecletico Villa**** &nbsp; INFORMATION TO BENEFICIARIES The Loyalty Program is organized and developed by InStil Hotels Group. Beneficiaries of the loyalty program must comply with the terms and conditions of this Regulation as mentioned below (hereinafter [&hellip;]","og_url":"https:\/\/instilhotels.ro\/es\/loyalty-campaign-regulations\/","og_site_name":"INSTILHOTELS","article_modified_time":"2025-04-15T21:13:29+00:00","twitter_card":"summary_large_image","twitter_misc":{"Tiempo de lectura":"6 minutos"},"schema":{"@context":"https:\/\/schema.org","@graph":[{"@type":"WebPage","@id":"https:\/\/instilhotels.ro\/loyalty-campaign-regulations\/","url":"https:\/\/instilhotels.ro\/loyalty-campaign-regulations\/","name":"Loyalty Campaign Regulations - INSTILHOTELS","isPartOf":{"@id":"https:\/\/instilhotels.ro\/#website"},"datePublished":"2024-10-18T16:57:22+00:00","dateModified":"2025-04-15T21:13:29+00:00","breadcrumb":{"@id":"https:\/\/instilhotels.ro\/loyalty-campaign-regulations\/#breadcrumb"},"inLanguage":"es","potentialAction":[{"@type":"ReadAction","target":["https:\/\/instilhotels.ro\/loyalty-campaign-regulations\/"]}]},{"@type":"BreadcrumbList","@id":"https:\/\/instilhotels.ro\/loyalty-campaign-regulations\/#breadcrumb","itemListElement":[{"@type":"ListItem","position":1,"name":"Home","item":"https:\/\/instilhotels.ro\/"},{"@type":"ListItem","position":2,"name":"Loyalty Campaign Regulations"}]},{"@type":"WebSite","@id":"https:\/\/instilhotels.ro\/#website","url":"https:\/\/instilhotels.ro\/","name":"INSTILHOTELS","description":"","publisher":{"@id":"https:\/\/instilhotels.ro\/#organization"},"potentialAction":[{"@type":"SearchAction","target":{"@type":"EntryPoint","urlTemplate":"https:\/\/instilhotels.ro\/?s={search_term_string}"},"query-input":{"@type":"PropertyValueSpecification","valueRequired":true,"valueName":"search_term_string"}}],"inLanguage":"es"},{"@type":"Organization","@id":"https:\/\/instilhotels.ro\/#organization","name":"INSTILHOTELS","url":"https:\/\/instilhotels.ro\/","logo":{"@type":"ImageObject","inLanguage":"es","@id":"https:\/\/instilhotels.ro\/#\/schema\/logo\/image\/","url":"https:\/\/instilhotels.ro\/wp-content\/uploads\/2024\/10\/cropped-Instillogo_editabil.pdf-1_2-1.png","contentUrl":"https:\/\/instilhotels.ro\/wp-content\/uploads\/2024\/10\/cropped-Instillogo_editabil.pdf-1_2-1.png","width":1560,"height":1561,"caption":"INSTILHOTELS"},"image":{"@id":"https:\/\/instilhotels.ro\/#\/schema\/logo\/image\/"}}]}},"_links":{"self":[{"href":"https:\/\/instilhotels.ro\/es\/wp-json\/wp\/v2\/pages\/3562","targetHints":{"allow":["GET"]}}],"collection":[{"href":"https:\/\/instilhotels.ro\/es\/wp-json\/wp\/v2\/pages"}],"about":[{"href":"https:\/\/instilhotels.ro\/es\/wp-json\/wp\/v2\/types\/page"}],"author":[{"embeddable":true,"href":"https:\/\/instilhotels.ro\/es\/wp-json\/wp\/v2\/users\/1"}],"replies":[{"embeddable":true,"href":"https:\/\/instilhotels.ro\/es\/wp-json\/wp\/v2\/comments?post=3562"}],"version-history":[{"count":4,"href":"https:\/\/instilhotels.ro\/es\/wp-json\/wp\/v2\/pages\/3562\/revisions"}],"predecessor-version":[{"id":3573,"href":"https:\/\/instilhotels.ro\/es\/wp-json\/wp\/v2\/pages\/3562\/revisions\/3573"}],"wp:attachment":[{"href":"https:\/\/instilhotels.ro\/es\/wp-json\/wp\/v2\/media?parent=3562"}],"curies":[{"name":"wp","href":"https:\/\/api.w.org\/{rel}","templated":true}]}}