{"id":2257,"date":"2024-01-07T16:18:08","date_gmt":"2024-01-07T16:18:08","guid":{"rendered":"https:\/\/instilhotels.ro\/?page_id=2257"},"modified":"2025-04-16T01:46:20","modified_gmt":"2025-04-15T22:46:20","slug":"cookie-policy","status":"publish","type":"page","link":"https:\/\/instilhotels.ro\/es\/cookie-policy\/","title":{"rendered":"pol\u00edtica de cookies"},"content":{"rendered":"<div data-elementor-type=\"wp-page\" data-elementor-id=\"2257\" class=\"elementor elementor-2257\" data-elementor-post-type=\"page\">\n\t\t\t\t\t\t<section class=\"elementor-section elementor-top-section elementor-element elementor-element-1d2c1585 elementor-section-height-min-height elementor-section-boxed elementor-section-height-default elementor-section-items-middle\" data-id=\"1d2c1585\" data-element_type=\"section\" data-settings=\"{&quot;background_background&quot;:&quot;classic&quot;}\">\n\t\t\t\t\t\t\t<div class=\"elementor-background-overlay\"><\/div>\n\t\t\t\t\t\t\t<div class=\"elementor-container elementor-column-gap-default\">\n\t\t\t\t\t<div class=\"elementor-column elementor-col-100 elementor-top-column elementor-element elementor-element-59ea7408\" data-id=\"59ea7408\" data-element_type=\"column\">\n\t\t\t<div class=\"elementor-widget-wrap elementor-element-populated\">\n\t\t\t\t\t\t<div class=\"elementor-element elementor-element-dbb005e elementor-widget elementor-widget-heading\" data-id=\"dbb005e\" data-element_type=\"widget\" data-widget_type=\"heading.default\">\n\t\t\t\t<div class=\"elementor-widget-container\">\n\t\t\t\t\t<h1 class=\"elementor-heading-title elementor-size-default\">POL\u00cdTICA DE COOKIES<\/h1>\t\t\t\t<\/div>\n\t\t\t\t<\/div>\n\t\t\t\t<div class=\"elementor-element elementor-element-609bae6a elementor-widget elementor-widget-image\" data-id=\"609bae6a\" data-element_type=\"widget\" data-widget_type=\"image.default\">\n\t\t\t\t<div class=\"elementor-widget-container\">\n\t\t\t\t\t\t\t\t\t\t\t\t\t\t\t<img decoding=\"async\" width=\"100\" height=\"50\" src=\"https:\/\/instilhotels.ro\/wp-content\/uploads\/2023\/12\/svg-gold.png\" class=\"attachment-large size-large wp-image-1417\" alt=\"\" srcset=\"https:\/\/instilhotels.ro\/wp-content\/uploads\/2023\/12\/svg-gold.png 100w, https:\/\/instilhotels.ro\/wp-content\/uploads\/2023\/12\/svg-gold-18x9.png 18w\" sizes=\"(max-width: 100px) 100vw, 100px\" \/>\t\t\t\t\t\t\t\t\t\t\t\t\t\t\t<\/div>\n\t\t\t\t<\/div>\n\t\t\t\t\t<\/div>\n\t\t<\/div>\n\t\t\t\t\t<\/div>\n\t\t<\/section>\n\t\t\t\t<section class=\"elementor-section elementor-top-section elementor-element elementor-element-6b04d6b3 elementor-section-boxed elementor-section-height-default elementor-section-height-default\" data-id=\"6b04d6b3\" data-element_type=\"section\">\n\t\t\t\t\t\t<div class=\"elementor-container elementor-column-gap-default\">\n\t\t\t\t\t<div class=\"elementor-column elementor-col-100 elementor-top-column elementor-element elementor-element-247fec7b\" data-id=\"247fec7b\" data-element_type=\"column\">\n\t\t\t<div class=\"elementor-widget-wrap elementor-element-populated\">\n\t\t\t\t\t\t<div class=\"elementor-element elementor-element-25c3cb11 elementor-widget elementor-widget-image\" data-id=\"25c3cb11\" data-element_type=\"widget\" data-widget_type=\"image.default\">\n\t\t\t\t<div class=\"elementor-widget-container\">\n\t\t\t\t\t\t\t\t\t\t\t\t\t\t\t<img decoding=\"async\" width=\"20\" height=\"100\" src=\"https:\/\/instilhotels.ro\/wp-content\/uploads\/2023\/12\/svg-linie.png\" class=\"attachment-large size-large wp-image-1418\" alt=\"\" \/>\t\t\t\t\t\t\t\t\t\t\t\t\t\t\t<\/div>\n\t\t\t\t<\/div>\n\t\t\t\t<div class=\"elementor-element elementor-element-61a77b9f elementor-widget elementor-widget-text-editor\" data-id=\"61a77b9f\" data-element_type=\"widget\" data-widget_type=\"text-editor.default\">\n\t\t\t\t<div class=\"elementor-widget-container\">\n\t\t\t\t\t\t\t\t\t<p><strong>Informaci\u00f3n sobre cookies<\/strong><br \/>Para permitir que este sitio funcione correctamente y mejorar su experiencia de navegaci\u00f3n, este sitio debe colocar una peque\u00f1a cantidad de informaci\u00f3n (Cookies) en su ordenador\/dispositivo.<br \/>Algunas cookies son necesarias para el correcto funcionamiento del sitio web y para permitir el uso de determinadas caracter\u00edsticas t\u00e9cnicas, proporcion\u00e1ndole as\u00ed una experiencia de usuario satisfactoria. Para utilizar cookies que no son necesarias para utilizar el sitio pero que mejoran los servicios ofrecidos, le pediremos su aprobaci\u00f3n. Si no nos da su consentimiento para el uso de determinadas cookies, podr\u00e1 seguir navegando por el sitio, pero algunas funcionalidades no estar\u00e1n disponibles para usted.<br \/><br \/><\/p><p><strong>\u00bfQu\u00e9 es una galleta?<\/strong><br \/>Las cookies son informaci\u00f3n almacenada en su ordenador o dispositivo m\u00f3vil por el sitio que est\u00e1 visitando. Normalmente, las cookies guardan sus preferencias y la configuraci\u00f3n del sitio, como el idioma o la direcci\u00f3n preferidos. M\u00e1s tarde, cuando vuelva a acceder a ese sitio, su navegador de internet le devolver\u00e1 las cookies de esa p\u00e1gina. Esto permite que la p\u00e1gina del sitio muestre el contenido de forma personalizada, ya que gracias a una cookie el sitio recuerda sus acciones y configuraciones durante un periodo determinado. Cada vez que un usuario abre una p\u00e1gina, el servidor web lee los valores almacenados previamente en la cookie.<br \/>Las cookies pueden almacenar una amplia gama de informaci\u00f3n, incluida la de car\u00e1cter personal. Estos datos solo ser\u00e1n utilizados por las cookies si usted ha dado su consentimiento: las p\u00e1ginas web no pueden acceder a informaci\u00f3n que usted no haya facilitado ni acceder a otros archivos de su ordenador o dispositivo m\u00f3vil.<\/p><p>\u00a0<\/p><p>Puede cambiar la configuraci\u00f3n de su navegador para elegir si acepta o no las solicitudes de estas cookies o eliminar las cookies que se guardan autom\u00e1ticamente al cerrar el navegador, etc. Adem\u00e1s, si consiente el uso de cookies, puede cambiar su elecci\u00f3n en cualquier momento.<br \/><br \/><\/p><p><br \/><strong>Qu\u00e9 cookies utiliza instilhotels.ro y por qu\u00e9<\/strong><\/p><p><strong>Cookies necesarias - <\/strong>Estas cookies ayudan a crear un sitio web f\u00e1cil de usar al permitir funciones b\u00e1sicas como la navegaci\u00f3n por las p\u00e1ginas y el acceso a zonas seguras del sitio. El sitio web no puede funcionar correctamente sin estas cookies.<\/p><table><tbody><tr><td width=\"181\"><p>Nombre de la cookie<\/p><\/td><td width=\"144\"><p>Descripci\u00f3n<\/p><\/td><td width=\"136\"><p>Bloke<\/p><\/td><td width=\"140\"><p>Caducidad<\/p><\/td><\/tr><tr><td width=\"181\"><p>rc::a<\/p><\/td><td width=\"144\"><p>Diferenciar entre humanos y bots<\/p><\/td><td width=\"136\"><p>HTML<\/p><\/td><td width=\"140\"><p>Persistente<\/p><\/td><\/tr><tr><td width=\"181\"><p>RC::B<\/p><\/td><td width=\"144\"><p>Diferenciar entre humanos y bots<\/p><\/td><td width=\"136\"><p>HTML<\/p><\/td><td width=\"140\"><p>Sesi\u00f3n<\/p><\/td><\/tr><tr><td width=\"181\"><p>rc::c<\/p><\/td><td width=\"144\"><p>Diferenciar entre humanos y bots<\/p><\/td><td width=\"136\"><p>HTML<\/p><\/td><td width=\"140\"><p>Sesi\u00f3n<\/p><\/td><\/tr><\/tbody><\/table><p><strong>\u00a0<\/strong><\/p><p><strong>Cookies anal\u00edticas - <\/strong>se trata de cookies que el sitio carga con fines de an\u00e1lisis de tr\u00e1fico, como el an\u00e1lisis de las p\u00e1ginas utilizadas o el tiempo de permanencia en el sitio, informaci\u00f3n utilizada para mejorar la calidad de los contenidos y servicios ofrecidos. Para este sitio web, utilizamos cookies del sistema Google Analytics.<\/p><table><tbody><tr><td width=\"209\"><p>Nombre de la cookie<\/p><\/td><td width=\"135\"><p>Descripci\u00f3n<\/p><\/td><td width=\"125\"><p>Bloke<\/p><\/td><td width=\"131\"><p>Caducidad<\/p><\/td><\/tr><tr><td width=\"209\"><p>_Ga<\/p><\/td><td width=\"135\"><p>Registra un identificador \u00fanico que se utiliza para generar datos estad\u00edsticos sobre el uso que el visitante hace del sitio web.<\/p><\/td><td width=\"125\"><p>HTTP<\/p><\/td><td width=\"131\"><p>2 a\u00f1os<\/p><\/td><\/tr><tr><td width=\"209\"><p>Cuello<\/p><\/td><td width=\"135\"><p>Utilizado por Google Analytics para calibrar la tasa de solicitudes<\/p><\/td><td width=\"125\"><p>HTTP<\/p><\/td><td width=\"131\"><p>Un d\u00eda<\/p><\/td><\/tr><tr><td width=\"209\"><p>Gid<\/p><\/td><td width=\"135\"><p>Registra un identificador \u00fanico que se utiliza para generar datos estad\u00edsticos sobre el uso que el visitante hace del sitio web.<\/p><\/td><td width=\"125\"><p>HTTP<\/p><\/td><td width=\"131\"><p>Un d\u00eda<\/p><\/td><\/tr><\/tbody><\/table><p>\u00a0<\/p><p><strong>Cookies de marketing - <\/strong>Las cookies de marketing se utilizan para hacer un seguimiento de los visitantes de los sitios web. El objetivo es mostrar anuncios que sean relevantes y atractivos para los usuarios individuales y, por lo tanto, m\u00e1s valiosos para los editores y anunciantes de terceros.<\/p><table><tbody><tr><td width=\"247\"><p>Nombre de la cookie<\/p><\/td><td width=\"210\"><p>Descripci\u00f3n<\/p><\/td><td width=\"61\"><p>Bloke<\/p><\/td><td width=\"83\"><p>Caducidad<\/p><\/td><\/tr><tr><td width=\"247\"><p>Fbp<\/p><\/td><td width=\"210\"><p>Esta cookie ayuda a enviar nuestra publicidad a personas que ya han visitado nuestro sitio web cuando est\u00e1n en Facebook o en una plataforma digital compatible con Facebook Advertising.<\/p><\/td><td width=\"61\"><p>HTTP<\/p><\/td><td width=\"83\"><p>3 meses<\/p><\/td><\/tr><tr><td width=\"247\"><p>P.<\/p><\/td><td width=\"210\"><p>Utilizada por Facebook para ofrecer una serie de productos publicitarios, como las pujas en tiempo real de anunciantes externos.<\/p><\/td><td width=\"61\"><p>HTTP<\/p><\/td><td width=\"83\"><p>3 meses<\/p><\/td><\/tr><tr><td width=\"247\"><p>Tr<\/p><\/td><td width=\"210\"><p>Rastreador de p\u00edxeles utilizado por Facebook para ofrecer una serie de productos publicitarios, como las ofertas en tiempo real de terceros anunciantes.<\/p><\/td><td width=\"61\"><p>P\u00edxel<\/p><\/td><td width=\"83\"><p>Sesi\u00f3n<\/p><\/td><\/tr><tr><td width=\"247\"><p>cookie_de_prueba<\/p><\/td><td width=\"210\"><p>Compruebe en Youtube si su navegador admite cookies<\/p><\/td><td width=\"61\"><p>HTTP<\/p><\/td><td width=\"83\"><p>Un d\u00eda<\/p><\/td><\/tr><tr><td width=\"247\"><p>IDE<\/p><\/td><td width=\"210\"><p>Utilizada por el servicio Double Click de Google para registrar e informar de la acci\u00f3n del usuario del sitio despu\u00e9s de ver o hacer clic en un anuncio para medir la eficacia del anuncio y ofrecer anuncios m\u00e1s relevantes al usuario.<\/p><\/td><td width=\"61\"><p>HTTP<\/p><\/td><td width=\"83\"><p>Un a\u00f1o<\/p><\/td><\/tr><tr><td width=\"247\"><p>anuncios\/ga-audiencias<\/p><\/td><td width=\"210\"><p>Esta cookie ayuda a enviar nuestra publicidad a personas que ya han visitado nuestro sitio web cuando est\u00e1n en Facebook o en una plataforma digital compatible con Facebook Advertising.<\/p><\/td><td width=\"61\"><p>HTTP<\/p><\/td><td width=\"83\"><p>3 meses<\/p><\/td><\/tr><tr><td width=\"247\"><p>pagead\/1p-user-list\/ #<\/p><\/td><td width=\"210\"><p>Generados por Google para rastrear eventos como conversiones u otras interacciones significativas del usuario.<\/p><\/td><td width=\"61\"><p>P\u00edxel<\/p><\/td><td width=\"83\"><p>Sesi\u00f3n<\/p><\/td><\/tr><\/tbody><\/table><p><strong>\u00a0<\/strong><\/p><p><strong>C\u00f3mo desactivar las cookies <\/strong><br \/>Cuando acceda al sitio por primera vez, le pediremos su consentimiento para el uso de cookies innecesarias.<br \/>Siempre puede desactivar las cookies innecesarias y dejar\u00e1n de almacenarse en su ordenador o dispositivo. Los ajustes de las cookies pueden controlarse y configurarse en su navegador web.<\/p><p>\u00a0<\/p>\t\t\t\t\t\t\t\t<\/div>\n\t\t\t\t<\/div>\n\t\t\t\t\t<\/div>\n\t\t<\/div>\n\t\t\t\t\t<\/div>\n\t\t<\/section>\n\t\t\t\t<\/div>","protected":false},"excerpt":{"rendered":"<p>POL\u00cdTICA DE COOKIES Informaci\u00f3n sobre las cookiesPara permitir que este sitio funcione correctamente y mejorar su experiencia de navegaci\u00f3n, este sitio debe colocar una peque\u00f1a cantidad de informaci\u00f3n (Cookies) en su ordenador\/dispositivo.Algunas cookies son necesarias para el correcto funcionamiento del sitio web y para permitir el uso de ciertas caracter\u00edsticas t\u00e9cnicas, proporcion\u00e1ndole as\u00ed una [...]<\/p>","protected":false},"author":1,"featured_media":0,"parent":0,"menu_order":0,"comment_status":"closed","ping_status":"closed","template":"","meta":{"footnotes":""},"class_list":["post-2257","page","type-page","status-publish","hentry"],"yoast_head":"<!-- This site is optimized with the Yoast SEO plugin v24.9 - https:\/\/yoast.com\/wordpress\/plugins\/seo\/ -->\n<title>cookie policy - INSTILHOTELS<\/title>\n<meta name=\"robots\" content=\"index, follow, max-snippet:-1, max-image-preview:large, max-video-preview:-1\" \/>\n<link rel=\"canonical\" href=\"https:\/\/instilhotels.ro\/es\/cookie-policy\/\" \/>\n<meta property=\"og:locale\" content=\"es_ES\" \/>\n<meta property=\"og:type\" content=\"article\" \/>\n<meta property=\"og:title\" content=\"cookie policy - INSTILHOTELS\" \/>\n<meta property=\"og:description\" content=\"COOKIE POLICY Information about cookiesIn order to allow this site to function properly and improve your browsing experience, this site must place a small amount of information (Cookies) on your computer\/device.Certain cookies are necessary for the proper functioning of the website and to enable the use of certain technical features, thus providing you with a [&hellip;]\" \/>\n<meta property=\"og:url\" content=\"https:\/\/instilhotels.ro\/es\/cookie-policy\/\" \/>\n<meta property=\"og:site_name\" content=\"INSTILHOTELS\" \/>\n<meta property=\"article:modified_time\" content=\"2025-04-15T22:46:20+00:00\" \/>\n<meta property=\"og:image\" content=\"https:\/\/instilhotels.ro\/wp-content\/uploads\/2023\/12\/svg-gold.png\" \/>\n\t<meta property=\"og:image:width\" content=\"100\" \/>\n\t<meta property=\"og:image:height\" content=\"50\" \/>\n\t<meta property=\"og:image:type\" content=\"image\/png\" \/>\n<meta name=\"twitter:card\" content=\"summary_large_image\" \/>\n<meta name=\"twitter:label1\" content=\"Tiempo de lectura\" \/>\n\t<meta name=\"twitter:data1\" content=\"6 minutos\" \/>\n<script type=\"application\/ld+json\" class=\"yoast-schema-graph\">{\"@context\":\"https:\/\/schema.org\",\"@graph\":[{\"@type\":\"WebPage\",\"@id\":\"https:\/\/instilhotels.ro\/cookie-policy\/\",\"url\":\"https:\/\/instilhotels.ro\/cookie-policy\/\",\"name\":\"cookie policy - INSTILHOTELS\",\"isPartOf\":{\"@id\":\"https:\/\/instilhotels.ro\/#website\"},\"primaryImageOfPage\":{\"@id\":\"https:\/\/instilhotels.ro\/cookie-policy\/#primaryimage\"},\"image\":{\"@id\":\"https:\/\/instilhotels.ro\/cookie-policy\/#primaryimage\"},\"thumbnailUrl\":\"https:\/\/instilhotels.ro\/wp-content\/uploads\/2023\/12\/svg-gold.png\",\"datePublished\":\"2024-01-07T16:18:08+00:00\",\"dateModified\":\"2025-04-15T22:46:20+00:00\",\"breadcrumb\":{\"@id\":\"https:\/\/instilhotels.ro\/cookie-policy\/#breadcrumb\"},\"inLanguage\":\"es\",\"potentialAction\":[{\"@type\":\"ReadAction\",\"target\":[\"https:\/\/instilhotels.ro\/cookie-policy\/\"]}]},{\"@type\":\"ImageObject\",\"inLanguage\":\"es\",\"@id\":\"https:\/\/instilhotels.ro\/cookie-policy\/#primaryimage\",\"url\":\"https:\/\/instilhotels.ro\/wp-content\/uploads\/2023\/12\/svg-gold.png\",\"contentUrl\":\"https:\/\/instilhotels.ro\/wp-content\/uploads\/2023\/12\/svg-gold.png\"},{\"@type\":\"BreadcrumbList\",\"@id\":\"https:\/\/instilhotels.ro\/cookie-policy\/#breadcrumb\",\"itemListElement\":[{\"@type\":\"ListItem\",\"position\":1,\"name\":\"Home\",\"item\":\"https:\/\/instilhotels.ro\/\"},{\"@type\":\"ListItem\",\"position\":2,\"name\":\"cookie policy\"}]},{\"@type\":\"WebSite\",\"@id\":\"https:\/\/instilhotels.ro\/#website\",\"url\":\"https:\/\/instilhotels.ro\/\",\"name\":\"INSTILHOTELS\",\"description\":\"\",\"publisher\":{\"@id\":\"https:\/\/instilhotels.ro\/#organization\"},\"potentialAction\":[{\"@type\":\"SearchAction\",\"target\":{\"@type\":\"EntryPoint\",\"urlTemplate\":\"https:\/\/instilhotels.ro\/?s={search_term_string}\"},\"query-input\":{\"@type\":\"PropertyValueSpecification\",\"valueRequired\":true,\"valueName\":\"search_term_string\"}}],\"inLanguage\":\"es\"},{\"@type\":\"Organization\",\"@id\":\"https:\/\/instilhotels.ro\/#organization\",\"name\":\"INSTILHOTELS\",\"url\":\"https:\/\/instilhotels.ro\/\",\"logo\":{\"@type\":\"ImageObject\",\"inLanguage\":\"es\",\"@id\":\"https:\/\/instilhotels.ro\/#\/schema\/logo\/image\/\",\"url\":\"https:\/\/instilhotels.ro\/wp-content\/uploads\/2024\/10\/cropped-Instillogo_editabil.pdf-1_2-1.png\",\"contentUrl\":\"https:\/\/instilhotels.ro\/wp-content\/uploads\/2024\/10\/cropped-Instillogo_editabil.pdf-1_2-1.png\",\"width\":1560,\"height\":1561,\"caption\":\"INSTILHOTELS\"},\"image\":{\"@id\":\"https:\/\/instilhotels.ro\/#\/schema\/logo\/image\/\"}}]}<\/script>\n<!-- \/ Yoast SEO plugin. -->","yoast_head_json":{"title":"cookie policy - INSTILHOTELS","robots":{"index":"index","follow":"follow","max-snippet":"max-snippet:-1","max-image-preview":"max-image-preview:large","max-video-preview":"max-video-preview:-1"},"canonical":"https:\/\/instilhotels.ro\/es\/cookie-policy\/","og_locale":"es_ES","og_type":"article","og_title":"cookie policy - INSTILHOTELS","og_description":"COOKIE POLICY Information about cookiesIn order to allow this site to function properly and improve your browsing experience, this site must place a small amount of information (Cookies) on your computer\/device.Certain cookies are necessary for the proper functioning of the website and to enable the use of certain technical features, thus providing you with a [&hellip;]","og_url":"https:\/\/instilhotels.ro\/es\/cookie-policy\/","og_site_name":"INSTILHOTELS","article_modified_time":"2025-04-15T22:46:20+00:00","og_image":[{"width":100,"height":50,"url":"https:\/\/instilhotels.ro\/wp-content\/uploads\/2023\/12\/svg-gold.png","type":"image\/png"}],"twitter_card":"summary_large_image","twitter_misc":{"Tiempo de lectura":"6 minutos"},"schema":{"@context":"https:\/\/schema.org","@graph":[{"@type":"WebPage","@id":"https:\/\/instilhotels.ro\/cookie-policy\/","url":"https:\/\/instilhotels.ro\/cookie-policy\/","name":"cookie policy - INSTILHOTELS","isPartOf":{"@id":"https:\/\/instilhotels.ro\/#website"},"primaryImageOfPage":{"@id":"https:\/\/instilhotels.ro\/cookie-policy\/#primaryimage"},"image":{"@id":"https:\/\/instilhotels.ro\/cookie-policy\/#primaryimage"},"thumbnailUrl":"https:\/\/instilhotels.ro\/wp-content\/uploads\/2023\/12\/svg-gold.png","datePublished":"2024-01-07T16:18:08+00:00","dateModified":"2025-04-15T22:46:20+00:00","breadcrumb":{"@id":"https:\/\/instilhotels.ro\/cookie-policy\/#breadcrumb"},"inLanguage":"es","potentialAction":[{"@type":"ReadAction","target":["https:\/\/instilhotels.ro\/cookie-policy\/"]}]},{"@type":"ImageObject","inLanguage":"es","@id":"https:\/\/instilhotels.ro\/cookie-policy\/#primaryimage","url":"https:\/\/instilhotels.ro\/wp-content\/uploads\/2023\/12\/svg-gold.png","contentUrl":"https:\/\/instilhotels.ro\/wp-content\/uploads\/2023\/12\/svg-gold.png"},{"@type":"BreadcrumbList","@id":"https:\/\/instilhotels.ro\/cookie-policy\/#breadcrumb","itemListElement":[{"@type":"ListItem","position":1,"name":"Home","item":"https:\/\/instilhotels.ro\/"},{"@type":"ListItem","position":2,"name":"cookie policy"}]},{"@type":"WebSite","@id":"https:\/\/instilhotels.ro\/#website","url":"https:\/\/instilhotels.ro\/","name":"INSTILHOTELS","description":"","publisher":{"@id":"https:\/\/instilhotels.ro\/#organization"},"potentialAction":[{"@type":"SearchAction","target":{"@type":"EntryPoint","urlTemplate":"https:\/\/instilhotels.ro\/?s={search_term_string}"},"query-input":{"@type":"PropertyValueSpecification","valueRequired":true,"valueName":"search_term_string"}}],"inLanguage":"es"},{"@type":"Organization","@id":"https:\/\/instilhotels.ro\/#organization","name":"INSTILHOTELS","url":"https:\/\/instilhotels.ro\/","logo":{"@type":"ImageObject","inLanguage":"es","@id":"https:\/\/instilhotels.ro\/#\/schema\/logo\/image\/","url":"https:\/\/instilhotels.ro\/wp-content\/uploads\/2024\/10\/cropped-Instillogo_editabil.pdf-1_2-1.png","contentUrl":"https:\/\/instilhotels.ro\/wp-content\/uploads\/2024\/10\/cropped-Instillogo_editabil.pdf-1_2-1.png","width":1560,"height":1561,"caption":"INSTILHOTELS"},"image":{"@id":"https:\/\/instilhotels.ro\/#\/schema\/logo\/image\/"}}]}},"_links":{"self":[{"href":"https:\/\/instilhotels.ro\/es\/wp-json\/wp\/v2\/pages\/2257","targetHints":{"allow":["GET"]}}],"collection":[{"href":"https:\/\/instilhotels.ro\/es\/wp-json\/wp\/v2\/pages"}],"about":[{"href":"https:\/\/instilhotels.ro\/es\/wp-json\/wp\/v2\/types\/page"}],"author":[{"embeddable":true,"href":"https:\/\/instilhotels.ro\/es\/wp-json\/wp\/v2\/users\/1"}],"replies":[{"embeddable":true,"href":"https:\/\/instilhotels.ro\/es\/wp-json\/wp\/v2\/comments?post=2257"}],"version-history":[{"count":7,"href":"https:\/\/instilhotels.ro\/es\/wp-json\/wp\/v2\/pages\/2257\/revisions"}],"predecessor-version":[{"id":2264,"href":"https:\/\/instilhotels.ro\/es\/wp-json\/wp\/v2\/pages\/2257\/revisions\/2264"}],"wp:attachment":[{"href":"https:\/\/instilhotels.ro\/es\/wp-json\/wp\/v2\/media?parent=2257"}],"curies":[{"name":"wp","href":"https:\/\/api.w.org\/{rel}","templated":true}]}}