{"id":2239,"date":"2024-01-07T16:12:52","date_gmt":"2024-01-07T16:12:52","guid":{"rendered":"https:\/\/instilhotels.ro\/?page_id=2239"},"modified":"2024-10-21T14:22:46","modified_gmt":"2024-10-21T11:22:46","slug":"privacy-policy","status":"publish","type":"page","link":"https:\/\/instilhotels.ro\/es\/privacy-policy\/","title":{"rendered":"pol\u00edtica de privacidad"},"content":{"rendered":"<div data-elementor-type=\"wp-page\" data-elementor-id=\"2239\" class=\"elementor elementor-2239\" data-elementor-post-type=\"page\">\n\t\t\t\t\t\t<section class=\"elementor-section elementor-top-section elementor-element elementor-element-1d2c1585 elementor-section-height-min-height elementor-section-boxed elementor-section-height-default elementor-section-items-middle\" data-id=\"1d2c1585\" data-element_type=\"section\" data-settings=\"{&quot;background_background&quot;:&quot;classic&quot;}\">\n\t\t\t\t\t\t\t<div class=\"elementor-background-overlay\"><\/div>\n\t\t\t\t\t\t\t<div class=\"elementor-container elementor-column-gap-default\">\n\t\t\t\t\t<div class=\"elementor-column elementor-col-100 elementor-top-column elementor-element elementor-element-59ea7408\" data-id=\"59ea7408\" data-element_type=\"column\">\n\t\t\t<div class=\"elementor-widget-wrap elementor-element-populated\">\n\t\t\t\t\t\t<div class=\"elementor-element elementor-element-dbb005e elementor-widget elementor-widget-heading\" data-id=\"dbb005e\" data-element_type=\"widget\" data-widget_type=\"heading.default\">\n\t\t\t\t<div class=\"elementor-widget-container\">\n\t\t\t\t\t<h1 class=\"elementor-heading-title elementor-size-default\">Aviso sobre el tratamiento de datos personales<\/h1>\t\t\t\t<\/div>\n\t\t\t\t<\/div>\n\t\t\t\t<div class=\"elementor-element elementor-element-609bae6a elementor-widget elementor-widget-image\" data-id=\"609bae6a\" data-element_type=\"widget\" data-widget_type=\"image.default\">\n\t\t\t\t<div class=\"elementor-widget-container\">\n\t\t\t\t\t\t\t\t\t\t\t\t\t\t\t<img decoding=\"async\" width=\"100\" height=\"50\" src=\"https:\/\/instilhotels.ro\/wp-content\/uploads\/2023\/12\/svg-gold.png\" class=\"attachment-large size-large wp-image-1417\" alt=\"\" srcset=\"https:\/\/instilhotels.ro\/wp-content\/uploads\/2023\/12\/svg-gold.png 100w, https:\/\/instilhotels.ro\/wp-content\/uploads\/2023\/12\/svg-gold-18x9.png 18w\" sizes=\"(max-width: 100px) 100vw, 100px\" \/>\t\t\t\t\t\t\t\t\t\t\t\t\t\t\t<\/div>\n\t\t\t\t<\/div>\n\t\t\t\t\t<\/div>\n\t\t<\/div>\n\t\t\t\t\t<\/div>\n\t\t<\/section>\n\t\t\t\t<section class=\"elementor-section elementor-top-section elementor-element elementor-element-6b04d6b3 elementor-section-boxed elementor-section-height-default elementor-section-height-default\" data-id=\"6b04d6b3\" data-element_type=\"section\">\n\t\t\t\t\t\t<div class=\"elementor-container elementor-column-gap-default\">\n\t\t\t\t\t<div class=\"elementor-column elementor-col-100 elementor-top-column elementor-element elementor-element-247fec7b\" data-id=\"247fec7b\" data-element_type=\"column\">\n\t\t\t<div class=\"elementor-widget-wrap elementor-element-populated\">\n\t\t\t\t\t\t<div class=\"elementor-element elementor-element-25c3cb11 elementor-widget elementor-widget-image\" data-id=\"25c3cb11\" data-element_type=\"widget\" data-widget_type=\"image.default\">\n\t\t\t\t<div class=\"elementor-widget-container\">\n\t\t\t\t\t\t\t\t\t\t\t\t\t\t\t<img decoding=\"async\" width=\"20\" height=\"100\" src=\"https:\/\/instilhotels.ro\/wp-content\/uploads\/2023\/12\/svg-linie.png\" class=\"attachment-large size-large wp-image-1418\" alt=\"\" \/>\t\t\t\t\t\t\t\t\t\t\t\t\t\t\t<\/div>\n\t\t\t\t<\/div>\n\t\t\t\t<div class=\"elementor-element elementor-element-61a77b9f elementor-widget elementor-widget-text-editor\" data-id=\"61a77b9f\" data-element_type=\"widget\" data-widget_type=\"text-editor.default\">\n\t\t\t\t<div class=\"elementor-widget-container\">\n\t\t\t\t\t\t\t\t\t<h2>1.    1. Qui\u00e9nes somos<\/h2><p>M&amp;T MARKET TRADE PROFESSIONALS SRL es una empresa rumana que gestiona el sitio web www.hotelstil.ro.<\/p><h2>2.    Datos personales que tratamos<\/h2><p>M&amp;T MARKET TRADE PROFESSIONALS SRL es un controlador de datos personales. Recopilamos los siguientes tipos de datos personales de usted:<\/p><ul><li>Nombre, apellidos<\/li><li>Correo electr\u00f3nico<\/li><li>N\u00famero de tel\u00e9fono<\/li><li>Mensaje<\/li><li>Detalles de la reserva<\/li><li>Opiniones seudonimizadas de los clientes<\/li><\/ul><h2>3.    Por qu\u00e9 las necesitamos<\/h2><p>Necesitamos sus datos personales para los siguientes tratamientos:<\/p><p>Sobre la base legal del inter\u00e9s leg\u00edtimo de M&amp;T MARKET TRADE PROFESSIONALS SRL para responder a sus mensajes del formulario de contacto:<\/p><ul><li>Nombre y apellidos: necesitamos estos datos para poder personalizar su direcci\u00f3n.<\/li><li>Correo electr\u00f3nico: utilizamos su direcci\u00f3n de correo electr\u00f3nico para responder a su mensaje.<\/li><li>Tel\u00e9fono: utilizamos el n\u00famero de tel\u00e9fono para ponernos en contacto directamente con usted si el problema es urgente.<\/li><li>Mensaje - aqu\u00ed puede detallar sus necesidades<\/li><\/ul><p>Sobre la base jur\u00eddica del inter\u00e9s leg\u00edtimo del responsable del tratamiento para facilitar el proceso de reserva de habitaciones.<\/p><p>Reservas en l\u00ednea<\/p><ul><li>Datos de la reserva: necesitamos esta informaci\u00f3n para hacer la reserva.<\/li><\/ul><p>Sobre la base jur\u00eddica del inter\u00e9s leg\u00edtimo del responsable del tratamiento para mostrar a los visitantes las opiniones de sus clientes<\/p><p>Mostrar comentarios de Google, TripAdvisor, Booking<\/p><ul><li>Apodo del usuario: mostramos esta informaci\u00f3n para mostrar que esta opini\u00f3n procede de un cliente.<\/li><li>Opini\u00f3n del cliente: esta informaci\u00f3n se muestra para mostrar a los visitantes la opini\u00f3n de un cliente.<\/li><\/ul><p>Con su consentimiento, tambi\u00e9n nos gustar\u00eda procesar los siguientes datos personales<\/p><p>Bolet\u00edn<\/p><ul><li>Nombre y apellidos: utilizamos estos datos para personalizar su direcci\u00f3n.<\/li><li>Correo electr\u00f3nico: utilizamos su direcci\u00f3n de correo electr\u00f3nico para enviarle el bolet\u00edn.<\/li><\/ul><p>Comportamiento en l\u00ednea<\/p><ul><li>Historial de navegaci\u00f3n: compartimos esta informaci\u00f3n con nuestros socios descritos en la pol\u00edtica de cookies para poder ofrecerle ofertas personalizadas. Encontrar\u00e1 m\u00e1s informaci\u00f3n en nuestra p\u00e1gina sobre cookies en <a href=\"https:\/\/instilhotels.ro\/es\/cookie-policy\/\">https:\/\/instilhotels.ro\/cookie-policy<\/a><\/li><\/ul><h2>4.    Qu\u00e9 hacemos con ellos<\/h2><div><i>Sus datos personales se procesan en M&amp;T MARKET TRADE PROFESSIONALS SRL, con sede en Ruman\u00eda. El alojamiento y almacenamiento de sus datos tiene lugar en los Pa\u00edses Bajos, en la plataforma Google Cloud, que act\u00faa como procesador para SiteGround, que es un procesador para M&amp;T MARKET TRADE PROFESSIONALS SRL.<br \/><br \/>Los datos de la reserva - s\u00f3lo el per\u00edodo - tambi\u00e9n se env\u00edan a nuestro socio Practicmagazin SRL, que act\u00faa como controlador de datos personales, ofreciendo el servicio de reservas 5StarDesk.com, sino tambi\u00e9n a New Hotel Invest SRL, que gestiona el Hotel Stil Old Town y Rossimo Real Estate SRL, que gestiona Ecletico Villa.<br \/><br \/>Sus datos personales tambi\u00e9n se obtienen de las plataformas Google, TripAdvisor, Booking y se muestran en el sitio, si ha dejado opiniones en estas plataformas sobre nuestro hotel.<br \/><br \/>Sus datos personales para el historial de navegaci\u00f3n se transmiten a nuestros socios descritos en la pol\u00edtica de cookies. Consulte la descripci\u00f3n de estos socios en esta p\u00e1gina.<br \/><\/i><\/div><div>\u00a0<\/div><div>- sustituir el texto de la pol\u00edtica de privacidad, cap\u00edtulo 6 por;<\/div><div>\u00a0<\/div><div><i>Si tiene motivos para creer que alguno de los datos personales que tenemos sobre usted es incorrecto o est\u00e1 incompleto, tiene derecho a solicitar ver esta informaci\u00f3n, rectificarla o solicitar su supresi\u00f3n, solicitar la limitaci\u00f3n del tratamiento u oponerse al tratamiento, y tambi\u00e9n tiene derecho a la portabilidad de los datos. Para ejercer estos derechos, p\u00f3ngase en contacto con nosotros en\u00a0<a href=\"mailto:contact@instilhotels.ro\" target=\"_blank\" rel=\"noopener\">contact@instilhotels.ro<\/a>.<br \/><br \/>Para el bolet\u00edn de noticias tiene derecho a revocar su consentimiento en cualquier momento. Para ello, p\u00f3ngase en contacto con nosotros en\u00a0<a href=\"mailto:contact@instilhotels.ro\" target=\"_blank\" rel=\"noopener\">contact@instilhotels.ro<\/a>\u00a0o darse de baja directamente del bolet\u00edn.<br \/><br \/>Si desea presentar una reclamaci\u00f3n sobre la forma en que hemos tratado sus datos personales, p\u00f3ngase en contacto con nosotros en la siguiente direcci\u00f3n de correo electr\u00f3nico\u00a0<a href=\"mailto:contact@instilhotels.ro\" target=\"_blank\" rel=\"noopener\">contact@instilhotels.ro<\/a>.\u00a0<br \/><\/i><\/div><h2>5.    Cu\u00e1nto tiempo conservamos los datos personales<\/h2><p>Sus datos personales contenidos en los mensajes se conservar\u00e1n durante un a\u00f1o a partir de la \u00faltima comunicaci\u00f3n, a menos que se convierta en nuestro cliente.<\/p><p>Sus datos personales de las reservas se conservar\u00e1n durante tres meses despu\u00e9s de la fecha de la reserva en base al inter\u00e9s leg\u00edtimo de M&amp;T MARKET TRADE PROFESSIONALS SRL de asegurarse de que todo ha ido bien, tras lo cual ser\u00e1n destruidos.<\/p><p>Sus datos personales incluidos en el bolet\u00edn se conservar\u00e1n durante un periodo de 5 a\u00f1os o hasta que decida retirar su consentimiento.<\/p><p>Los datos de su actividad en l\u00ednea se conservar\u00e1n durante la vida \u00fatil de las cookies o hasta que decida eliminarlas.<\/p><h2>6.    \u00bfCu\u00e1les son sus derechos?<\/h2><p>Si tiene motivos para creer que alguno de los datos personales que tenemos sobre usted es incorrecto o est\u00e1 incompleto, tiene derecho a solicitar ver esta informaci\u00f3n, rectificarla o solicitar su supresi\u00f3n, solicitar la limitaci\u00f3n del tratamiento u oponerse al tratamiento, y tambi\u00e9n tiene derecho a la portabilidad de los datos. Para ejercer estos derechos, p\u00f3ngase en contacto con nosotros en contact@instilhotels.ro.<\/p><p>Para el bolet\u00edn de noticias tiene derecho a revocar su consentimiento en cualquier momento. Para ello, p\u00f3ngase en contacto con nosotros en contact@instilhotels.ro o cancele su suscripci\u00f3n directamente en el bolet\u00edn.<\/p><p>Si desea presentar una queja sobre c\u00f3mo hemos tratado sus datos personales, p\u00f3ngase en contacto con nuestro responsable de protecci\u00f3n de datos en la siguiente direcci\u00f3n de correo electr\u00f3nico contact@instilhotels.ro. El responsable de protecci\u00f3n de datos se pondr\u00e1 en contacto con usted para resolver la cuesti\u00f3n planteada.<\/p><p>Tambi\u00e9n puede ponerse en contacto con la Autoridad Nacional de Supervisi\u00f3n del Tratamiento de Datos Personales en <a href=\"http:\/\/www.dataprotection.ro\">www.dataprotection.ro<\/a> y presentar una denuncia ante ellos.<\/p>\t\t\t\t\t\t\t\t<\/div>\n\t\t\t\t<\/div>\n\t\t\t\t\t<\/div>\n\t\t<\/div>\n\t\t\t\t\t<\/div>\n\t\t<\/section>\n\t\t\t\t<\/div>","protected":false},"excerpt":{"rendered":"<p>Aviso sobre el tratamiento de datos personales 1. Qui\u00e9nes somos    Qui\u00e9nes somos M&amp;T MARKET TRADE PROFESSIONALS SRL es una empresa rumana que gestiona el sitio web www.hotelstil.ro. 2.    M&amp;T MARKET TRADE PROFESSIONALS SRL es un controlador de datos personales. Recogemos los siguientes tipos de datos personales de usted: Nombre, apellidos Correo electr\u00f3nico N\u00famero de tel\u00e9fono Mensaje Datos de reserva Pseudonimizados [...]<\/p>","protected":false},"author":1,"featured_media":0,"parent":0,"menu_order":0,"comment_status":"closed","ping_status":"closed","template":"","meta":{"footnotes":""},"class_list":["post-2239","page","type-page","status-publish","hentry"],"yoast_head":"<!-- This site is optimized with the Yoast SEO plugin v24.9 - https:\/\/yoast.com\/wordpress\/plugins\/seo\/ -->\n<title>privacy policy - INSTILHOTELS<\/title>\n<meta name=\"robots\" content=\"index, follow, max-snippet:-1, max-image-preview:large, max-video-preview:-1\" \/>\n<link rel=\"canonical\" href=\"https:\/\/instilhotels.ro\/es\/privacy-policy\/\" \/>\n<meta property=\"og:locale\" content=\"es_ES\" \/>\n<meta property=\"og:type\" content=\"article\" \/>\n<meta property=\"og:title\" content=\"privacy policy - INSTILHOTELS\" \/>\n<meta property=\"og:description\" content=\"Personal data processing notice 1.\u00a0\u00a0\u00a0 Who we are M&amp;T MARKET TRADE PROFESSIONALS SRL is a Romanian company that manages www.hotelstil.ro website. 2.\u00a0\u00a0\u00a0 Personal data we process M&amp;T MARKET TRADE PROFESSIONALS SRL is a personal data controller. We collect the following types of personal data from you: Name, surname Email Phone number Message Booking details Pseudonymised [&hellip;]\" \/>\n<meta property=\"og:url\" content=\"https:\/\/instilhotels.ro\/es\/privacy-policy\/\" \/>\n<meta property=\"og:site_name\" content=\"INSTILHOTELS\" \/>\n<meta property=\"article:modified_time\" content=\"2024-10-21T11:22:46+00:00\" \/>\n<meta property=\"og:image\" content=\"https:\/\/instilhotels.ro\/wp-content\/uploads\/2023\/12\/svg-gold.png\" \/>\n\t<meta property=\"og:image:width\" content=\"100\" \/>\n\t<meta property=\"og:image:height\" content=\"50\" \/>\n\t<meta property=\"og:image:type\" content=\"image\/png\" \/>\n<meta name=\"twitter:card\" content=\"summary_large_image\" \/>\n<meta name=\"twitter:label1\" content=\"Tiempo de lectura\" \/>\n\t<meta name=\"twitter:data1\" content=\"5 minutos\" \/>\n<script type=\"application\/ld+json\" class=\"yoast-schema-graph\">{\"@context\":\"https:\/\/schema.org\",\"@graph\":[{\"@type\":\"WebPage\",\"@id\":\"https:\/\/instilhotels.ro\/privacy-policy\/\",\"url\":\"https:\/\/instilhotels.ro\/privacy-policy\/\",\"name\":\"privacy policy - INSTILHOTELS\",\"isPartOf\":{\"@id\":\"https:\/\/instilhotels.ro\/#website\"},\"primaryImageOfPage\":{\"@id\":\"https:\/\/instilhotels.ro\/privacy-policy\/#primaryimage\"},\"image\":{\"@id\":\"https:\/\/instilhotels.ro\/privacy-policy\/#primaryimage\"},\"thumbnailUrl\":\"https:\/\/instilhotels.ro\/wp-content\/uploads\/2023\/12\/svg-gold.png\",\"datePublished\":\"2024-01-07T16:12:52+00:00\",\"dateModified\":\"2024-10-21T11:22:46+00:00\",\"breadcrumb\":{\"@id\":\"https:\/\/instilhotels.ro\/privacy-policy\/#breadcrumb\"},\"inLanguage\":\"es\",\"potentialAction\":[{\"@type\":\"ReadAction\",\"target\":[\"https:\/\/instilhotels.ro\/privacy-policy\/\"]}]},{\"@type\":\"ImageObject\",\"inLanguage\":\"es\",\"@id\":\"https:\/\/instilhotels.ro\/privacy-policy\/#primaryimage\",\"url\":\"https:\/\/instilhotels.ro\/wp-content\/uploads\/2023\/12\/svg-gold.png\",\"contentUrl\":\"https:\/\/instilhotels.ro\/wp-content\/uploads\/2023\/12\/svg-gold.png\"},{\"@type\":\"BreadcrumbList\",\"@id\":\"https:\/\/instilhotels.ro\/privacy-policy\/#breadcrumb\",\"itemListElement\":[{\"@type\":\"ListItem\",\"position\":1,\"name\":\"Home\",\"item\":\"https:\/\/instilhotels.ro\/\"},{\"@type\":\"ListItem\",\"position\":2,\"name\":\"privacy policy\"}]},{\"@type\":\"WebSite\",\"@id\":\"https:\/\/instilhotels.ro\/#website\",\"url\":\"https:\/\/instilhotels.ro\/\",\"name\":\"INSTILHOTELS\",\"description\":\"\",\"publisher\":{\"@id\":\"https:\/\/instilhotels.ro\/#organization\"},\"potentialAction\":[{\"@type\":\"SearchAction\",\"target\":{\"@type\":\"EntryPoint\",\"urlTemplate\":\"https:\/\/instilhotels.ro\/?s={search_term_string}\"},\"query-input\":{\"@type\":\"PropertyValueSpecification\",\"valueRequired\":true,\"valueName\":\"search_term_string\"}}],\"inLanguage\":\"es\"},{\"@type\":\"Organization\",\"@id\":\"https:\/\/instilhotels.ro\/#organization\",\"name\":\"INSTILHOTELS\",\"url\":\"https:\/\/instilhotels.ro\/\",\"logo\":{\"@type\":\"ImageObject\",\"inLanguage\":\"es\",\"@id\":\"https:\/\/instilhotels.ro\/#\/schema\/logo\/image\/\",\"url\":\"https:\/\/instilhotels.ro\/wp-content\/uploads\/2024\/10\/cropped-Instillogo_editabil.pdf-1_2-1.png\",\"contentUrl\":\"https:\/\/instilhotels.ro\/wp-content\/uploads\/2024\/10\/cropped-Instillogo_editabil.pdf-1_2-1.png\",\"width\":1560,\"height\":1561,\"caption\":\"INSTILHOTELS\"},\"image\":{\"@id\":\"https:\/\/instilhotels.ro\/#\/schema\/logo\/image\/\"}}]}<\/script>\n<!-- \/ Yoast SEO plugin. -->","yoast_head_json":{"title":"privacy policy - INSTILHOTELS","robots":{"index":"index","follow":"follow","max-snippet":"max-snippet:-1","max-image-preview":"max-image-preview:large","max-video-preview":"max-video-preview:-1"},"canonical":"https:\/\/instilhotels.ro\/es\/privacy-policy\/","og_locale":"es_ES","og_type":"article","og_title":"privacy policy - INSTILHOTELS","og_description":"Personal data processing notice 1.\u00a0\u00a0\u00a0 Who we are M&amp;T MARKET TRADE PROFESSIONALS SRL is a Romanian company that manages www.hotelstil.ro website. 2.\u00a0\u00a0\u00a0 Personal data we process M&amp;T MARKET TRADE PROFESSIONALS SRL is a personal data controller. We collect the following types of personal data from you: Name, surname Email Phone number Message Booking details Pseudonymised [&hellip;]","og_url":"https:\/\/instilhotels.ro\/es\/privacy-policy\/","og_site_name":"INSTILHOTELS","article_modified_time":"2024-10-21T11:22:46+00:00","og_image":[{"width":100,"height":50,"url":"https:\/\/instilhotels.ro\/wp-content\/uploads\/2023\/12\/svg-gold.png","type":"image\/png"}],"twitter_card":"summary_large_image","twitter_misc":{"Tiempo de lectura":"5 minutos"},"schema":{"@context":"https:\/\/schema.org","@graph":[{"@type":"WebPage","@id":"https:\/\/instilhotels.ro\/privacy-policy\/","url":"https:\/\/instilhotels.ro\/privacy-policy\/","name":"privacy policy - INSTILHOTELS","isPartOf":{"@id":"https:\/\/instilhotels.ro\/#website"},"primaryImageOfPage":{"@id":"https:\/\/instilhotels.ro\/privacy-policy\/#primaryimage"},"image":{"@id":"https:\/\/instilhotels.ro\/privacy-policy\/#primaryimage"},"thumbnailUrl":"https:\/\/instilhotels.ro\/wp-content\/uploads\/2023\/12\/svg-gold.png","datePublished":"2024-01-07T16:12:52+00:00","dateModified":"2024-10-21T11:22:46+00:00","breadcrumb":{"@id":"https:\/\/instilhotels.ro\/privacy-policy\/#breadcrumb"},"inLanguage":"es","potentialAction":[{"@type":"ReadAction","target":["https:\/\/instilhotels.ro\/privacy-policy\/"]}]},{"@type":"ImageObject","inLanguage":"es","@id":"https:\/\/instilhotels.ro\/privacy-policy\/#primaryimage","url":"https:\/\/instilhotels.ro\/wp-content\/uploads\/2023\/12\/svg-gold.png","contentUrl":"https:\/\/instilhotels.ro\/wp-content\/uploads\/2023\/12\/svg-gold.png"},{"@type":"BreadcrumbList","@id":"https:\/\/instilhotels.ro\/privacy-policy\/#breadcrumb","itemListElement":[{"@type":"ListItem","position":1,"name":"Home","item":"https:\/\/instilhotels.ro\/"},{"@type":"ListItem","position":2,"name":"privacy policy"}]},{"@type":"WebSite","@id":"https:\/\/instilhotels.ro\/#website","url":"https:\/\/instilhotels.ro\/","name":"INSTILHOTELS","description":"","publisher":{"@id":"https:\/\/instilhotels.ro\/#organization"},"potentialAction":[{"@type":"SearchAction","target":{"@type":"EntryPoint","urlTemplate":"https:\/\/instilhotels.ro\/?s={search_term_string}"},"query-input":{"@type":"PropertyValueSpecification","valueRequired":true,"valueName":"search_term_string"}}],"inLanguage":"es"},{"@type":"Organization","@id":"https:\/\/instilhotels.ro\/#organization","name":"INSTILHOTELS","url":"https:\/\/instilhotels.ro\/","logo":{"@type":"ImageObject","inLanguage":"es","@id":"https:\/\/instilhotels.ro\/#\/schema\/logo\/image\/","url":"https:\/\/instilhotels.ro\/wp-content\/uploads\/2024\/10\/cropped-Instillogo_editabil.pdf-1_2-1.png","contentUrl":"https:\/\/instilhotels.ro\/wp-content\/uploads\/2024\/10\/cropped-Instillogo_editabil.pdf-1_2-1.png","width":1560,"height":1561,"caption":"INSTILHOTELS"},"image":{"@id":"https:\/\/instilhotels.ro\/#\/schema\/logo\/image\/"}}]}},"_links":{"self":[{"href":"https:\/\/instilhotels.ro\/es\/wp-json\/wp\/v2\/pages\/2239","targetHints":{"allow":["GET"]}}],"collection":[{"href":"https:\/\/instilhotels.ro\/es\/wp-json\/wp\/v2\/pages"}],"about":[{"href":"https:\/\/instilhotels.ro\/es\/wp-json\/wp\/v2\/types\/page"}],"author":[{"embeddable":true,"href":"https:\/\/instilhotels.ro\/es\/wp-json\/wp\/v2\/users\/1"}],"replies":[{"embeddable":true,"href":"https:\/\/instilhotels.ro\/es\/wp-json\/wp\/v2\/comments?post=2239"}],"version-history":[{"count":19,"href":"https:\/\/instilhotels.ro\/es\/wp-json\/wp\/v2\/pages\/2239\/revisions"}],"predecessor-version":[{"id":3679,"href":"https:\/\/instilhotels.ro\/es\/wp-json\/wp\/v2\/pages\/2239\/revisions\/3679"}],"wp:attachment":[{"href":"https:\/\/instilhotels.ro\/es\/wp-json\/wp\/v2\/media?parent=2239"}],"curies":[{"name":"wp","href":"https:\/\/api.w.org\/{rel}","templated":true}]}}